{"id":9299,"date":"2016-02-28T11:16:49","date_gmt":"2016-02-28T10:16:49","guid":{"rendered":"http:\/\/xn--judo-lbben-feb.de\/?page_id=9299"},"modified":"2019-09-17T07:38:30","modified_gmt":"2019-09-17T06:38:30","slug":"2016-2","status":"publish","type":"page","link":"https:\/\/xn--judo-lbben-feb.de\/?page_id=9299","title":{"rendered":"2016"},"content":{"rendered":"<p><strong><span style=\"color: #ff0000;\">14. Februar 2016 &nbsp; Stadtwerkepokal der U10\/U12 in Frankfurt\/Oder<\/span><\/strong><\/p>\n<p><span style=\"color: #993366;\"><strong>1.Platz<\/strong><\/span><\/p>\n<p>Elisa Rudnik bis 30kg(U12)<\/p>\n<p><span style=\"color: #993366;\"><strong>3. Platz<\/strong><\/span><\/p>\n<p>Sophie Jeschke bis 36kg(U12)<\/p>\n<p><span style=\"color: #993366;\"><strong>Weitere L\u00fcbbener Teilnehmer:<\/strong><\/span><\/p>\n<p>Erik Rechberger, Leonhard Hampusch, Erich B\u00f6ttcher, Jonas Melcher<\/p>\n<p>&nbsp;<\/p>\n<p><strong><span style=\"color: #ff0000;\">20. Februar 2016 &nbsp; Anf\u00e4ngerturnier in Senftenberg U9-U13(180 Teilnehmer\/19 Vereine)<\/span><\/strong><\/p>\n<p><span style=\"color: #993366;\"><strong>1.Pl\u00e4tze<\/strong><\/span><\/p>\n<p>Leonhard Hampusch bis 29,5kg(U9),&nbsp;Iven Kupsch bis 30,9kg(U9), Florian Ziffus bis 33,9kg(U9), Max Sevostyanov bis 28,5kg(U11),&nbsp;Julius Streicher bis 28,9kg(U11), &nbsp;Daniel Schneider bis 33,1kg(U13)<\/p>\n<p><span style=\"color: #993366;\"><strong>2.Pl\u00e4tze<\/strong><\/span><\/p>\n<p>Angelo Nitschke bis 25,6kg(U9), Karl Kolwitz bis 32,9kg(U11), Viktor Burkin bis 33,3kg(U11), Jonas Melcher bis 40,6kg(U11)<\/p>\n<p><span style=\"color: #993366;\"><strong>3.Pl\u00e4tze<\/strong><\/span><\/p>\n<p>Catharina Vierling bis 30kg(U11), Max Leichner bis 26,9kg(U11), Jeremy Schulz bis 29,6kg(U13)<\/p>\n<p>&nbsp;<\/p>\n<p><span style=\"color: #ff0000;\"><strong>20. Februar 2016 &nbsp; Pharmaturnier in Kremmen U13\/U16<\/strong><\/span><\/p>\n<p><span style=\"color: #993366;\"><strong>3. Platz<\/strong><\/span><\/p>\n<p>Fabian Kettlitz bis 73kg(U16)<\/p>\n<p><span style=\"color: #993366;\"><strong>5. Pl\u00e4tze<\/strong><\/span><\/p>\n<p>Sarah Rudnik bis 44kg(U16), Miriam Stoye bis 52kg(U16)<\/p>\n<p>&nbsp;<\/p>\n<p><span style=\"color: #ff0000;\"><strong>5.\/6. M\u00e4rz 2016&nbsp; Kirschbl\u00fctenpokal in Spremberg U9 -U16(440 Teilnehmer)<\/strong><\/span><\/p>\n<p><span style=\"color: #993366;\"><strong style=\"line-height: 1.5;\">1.Pl\u00e4tze<\/strong><\/span><\/p>\n<p>Elisa Rudnik bis 33kg(U13), Fabian Kettlitz bis 73kg(U16)<\/p>\n<p><span style=\"color: #993366;\"><strong style=\"line-height: 1.5;\">2.Pl\u00e4tze<\/strong><\/span><\/p>\n<p>Sarah Rudnik bis 44kg(U16)<\/p>\n<p><span style=\"color: #993366;\"><strong>3.Pl\u00e4tze<\/strong><\/span><\/p>\n<p>Florian Ziffus bis 35kg(U9), Miriam Stoye bis 52kg(U16)<\/p>\n<p><span style=\"color: #993366;\"><strong style=\"line-height: 1.5;\">5.Pl\u00e4tze<\/strong><\/span><\/p>\n<p>Erik Rechenberger bis 29kg(U9), Melissa Stoye bis 28kg(U13), Igor Bekker bis 50kg(U13)<\/p>\n<p><span style=\"color: #993366;\"><strong>Weitere L\u00fcbbener Teilnehmer: <\/strong><\/span><\/p>\n<p>Leonhard Hampusch, Julius Streicher, Karl Kolwitz<\/p>\n<p>&nbsp;<\/p>\n<p><span style=\"color: #ff0000;\"><strong>19.\/20.03.2016&nbsp; Spreewaldpokal L\u00fcbben(400 Teilnehmer)<\/strong><\/span><\/p>\n<p><span style=\"color: #993366;\"><strong style=\"line-height: 1.5;\">1.Pl\u00e4tze<\/strong><\/span><\/p>\n<p>Erich B\u00f6ttcher bis 34kg und bis 37kg(U9), Valeria Bekker bis 44kg(U11)<\/p>\n<p><span style=\"color: #993366;\"><strong style=\"line-height: 1.5;\">2.Pl\u00e4tze<\/strong><\/span><\/p>\n<p>Leonhard Hampusch bis 31kg(U9), Melissa Stoye bis 28kg(U13), Maximilian Huhn bis 34kg(U13), Igor Bekker bis 50kg(U13), Max Lachmann bis 55kg(U13), Sarah Rudnik bis 44kg(U15), Miriam Stoye bis 52kg(U15) und bis 52kg(U18)<\/p>\n<p><span style=\"color: #993366;\"><strong style=\"line-height: 1.5;\">3.Pl\u00e4tze<\/strong><\/span><\/p>\n<p>Marius Siebert bis 21kg(U9), Erik Rechenberger bis 25kg(U9), Leonie-Sophie Sch\u00f6nw\u00e4lder bis 26kg(U11), Julius Streicher bis 31kg(U11), Viktor Burkin bis 34kg(U11), Karl Kolwitz bis 34kg(U11), Elisa Rudnik bis 33kg(U13), Pauline Tatan bis 33kg(U13), Felix Kahl bis 50kg(U13), Dominique Vierling bis 43kg(U15)<\/p>\n<p><span style=\"color: #993366;\"><strong style=\"line-height: 1.5;\">5.Pl\u00e4tze<\/strong><\/span><\/p>\n<p>Angelo Nitschke bis 25kg(U9), Iven Kupsch bis 31kg(U9), Catharina Vierling bis 28kg(U11), Paul Pauli bis 31kg(U11), Jonas Melcher bis 40kg(U11), Sophie Jeschke bis 36kg(U13), Tim Pehla bis 55kg(U13), Fabian Kettlitz bis 73kg(U18), Pascal Jahn bis 73kg(U18)<\/p>\n<p><span style=\"color: #993366;\"><strong>Weitere L\u00fcbbener Teilnehmer: <\/strong><\/span><\/p>\n<p>Philipp Schulze, Justin Lehmann, Jonas Ripp, Max Leichner, David Krolikowski, Pascal Kositz, Lucian Roscheck<\/p>\n<p>&nbsp;<\/p>\n<p><span style=\"color: #ff0000;\"><strong>23.\/24. April 2016 &nbsp; Sparkassencup Strausberg<\/strong><\/span><\/p>\n<p><span style=\"color: #993366;\"><strong>1. Pl\u00e4tze<\/strong><\/span><\/p>\n<p>Erik Rechenberger(U9), Leonhard Hampusch(U9), Florian Ziffus(U9), Elisa Rudnik bis 33kg(U13), Sarah Rudnik bis 44kg(U15)<\/p>\n<p><span style=\"color: #993366;\"><strong>2. Pl\u00e4tze<\/strong><\/span><\/p>\n<p>Angelo Nitschke(U9), Max Lachmann bis 55kg(U13), Miriam Stoye bis 52kg(U15)<\/p>\n<p><span style=\"color: #993366;\"><strong>3. Pl\u00e4tze<\/strong><\/span><\/p>\n<p>Igor Bekker bis 50kg(U13)<\/p>\n<p><span style=\"color: #993366;\"><strong>5. Pl\u00e4tze<\/strong><\/span><\/p>\n<p>Melissa Stoye bis 30kg(U13), Felix Kahl bis 50kg(U13), Dominique Vierling bis 46kg(U15)<\/p>\n<p>&nbsp;<\/p>\n<p><span style=\"color: #ff0000;\"><strong>30. April\/1. Mai 2016 &nbsp; 20. Pokalturnier Gro\u00dfr\u00e4schen<\/strong><\/span><\/p>\n<p><span style=\"color: #993366;\"><strong>1. Pl\u00e4tze<\/strong><\/span><\/p>\n<p>Erik Rechenberger bis 28,95kg(U9), Leonhard Hampusch bis 30kg(U9), Erich B\u00f6ttcher bis 31,9kg(U9), Igor Bekker bis 47,9kg(U13), Felix Kahl bis 51,3kg(U13), Sarah Rudnik bis 44kg(U15), Miriam Stoye bis 52kg(U15)<\/p>\n<p><span style=\"color: #993366;\"><strong>2. Pl\u00e4tze<\/strong><\/span><\/p>\n<p>Florian Ziffus bis 34,7kg(U9), Karl Kolwitz bis 33,7kg(U11),<\/p>\n<p><span style=\"color: #993366;\"><strong>3. Pl\u00e4tze<\/strong><\/span><\/p>\n<p>Julius Streicher bis 30,4kg(U11), Viktor Burkin bis 34,7kg(U11), Elisa Rudnik bis 35,6kg(U13), Fabian Kettlitz bis 73kg(U18)<\/p>\n<p><span style=\"color: #993366;\"><strong>5. Pl\u00e4tze<\/strong><\/span><\/p>\n<p>Catharina Vierling bis 29,1kg(U11), Paul Pauli bis 31,8kg(U11), Jonas Melcher bis 40,25kg(U11), Dominique Vierling bis 46kg(U15)<\/p>\n<p>&nbsp;<\/p>\n<p><strong><span style=\"color: #ff0000;\">21.Mai<\/span><\/strong><strong><span style=\"color: #ff0000;\">.2016 &nbsp; Sch\u00fclermasters in Ortrand<\/span><\/strong><\/p>\n<p><span style=\"color: #993366;\"><strong>1.Pl\u00e4tze<\/strong><\/span><\/p>\n<p>Julius Streicher bis 29kg(U10), Erich B\u00f6ttcher bis 34kg(U10)<\/p>\n<p><span style=\"color: #993366;\"><strong>2. Pl\u00e4tze<\/strong><\/span><\/p>\n<p>Leonhard Hampusch bis 30kg(U10), Karl Kolwitz bis 34kg(U10), Jonas Melcher bis 38kg(U10)<\/p>\n<p><strong><span style=\"color: #993366;\">3. Pl\u00e4tze<\/span><\/strong><\/p>\n<p>Catharina Vierling bis 29kg(U10), Florian Ziffus bis 34kg(U10)<\/p>\n<p><strong><span style=\"color: #993366;\">Weitere L\u00fcbbener Teilnehmer:<\/span><\/strong><\/p>\n<p>Erik Rechenberger, Max Sevostyanov, Maximilian Huhn<\/p>\n<p>&nbsp;<\/p>\n<p><span style=\"color: #ff0000;\"><strong>04.Juni 2016&nbsp;&nbsp; Internationaler Tuzla-Cup Berlin&nbsp; U15\/U18<\/strong><\/span><\/p>\n<p><span style=\"color: #993366;\"><strong>3.Platz<\/strong><\/span><\/p>\n<p>Sarah Rudnik bis 44kg<\/p>\n<p><span style=\"color: #993366;\"><strong>&nbsp;5.<\/strong><strong style=\"line-height: 1.5;\">Platz<\/strong><\/span><\/p>\n<p>Miriam Stoye bis 48kg<\/p>\n<p>&nbsp;<\/p>\n<p><span style=\"color: #ff0000;\"><strong>11.Juni 2016&nbsp;&nbsp; Buchholz-Ged\u00e4chtnisturnier Potsdam U9\/U12\/U14<\/strong><\/span><\/p>\n<p><span style=\"color: #993366;\"><strong>1.Pl\u00e4tze<\/strong><\/span><\/p>\n<p>Angelo Nitschke bis 26,8kg(U9)<\/p>\n<p><span style=\"color: #993366;\"><strong>&nbsp;2.<\/strong><strong style=\"line-height: 1.5;\">Pl\u00e4tze<\/strong><\/span><\/p>\n<p>Erich B\u00f6ttcher bis 33,5kg(U9), Dominique Vierling bis 45,5kg(U14)<\/p>\n<p><strong>&nbsp;<span style=\"color: #993366;\">3.<\/span><\/strong><span style=\"color: #993366;\"><strong style=\"line-height: 1.5;\">Pl\u00e4tze<\/strong><\/span><\/p>\n<p>Erik Rechenberger bis 28,6kg(U9), Florian Ziffus bis 35,5kg(U9), Catharina Vierling bis 28,6kg(U12), Karl Kolwitz bis 33,9kg(U12), Igor Bekker bis 48kg(U14), Max Lachmann bis 51,4kg(U14)<\/p>\n<p><strong>&nbsp;<span style=\"color: #993366;\">5.<\/span><\/strong><span style=\"color: #993366;\"><strong style=\"line-height: 1.5;\">Pl\u00e4tze<\/strong><\/span><\/p>\n<p>Felix Kahl bis 51,4kg(U14)<\/p>\n<p>&nbsp;<\/p>\n<p><span style=\"color: #ff0000;\"><strong>19. Juni 2016 &nbsp; Pokal der Optik &nbsp;Rathenow<\/strong><\/span><\/p>\n<p><span style=\"color: #993366;\"><strong>1.Platz<\/strong><\/span><\/p>\n<p>Elisa Rudnik bis 33kg(U13)<\/p>\n<p>&nbsp;<\/p>\n<p><span style=\"color: #ff0000;\"><strong>25.06.2016&nbsp;&nbsp; 8. Medilogic-Cup Berlin U8\/U10\/U12<\/strong><\/span><\/p>\n<p><span style=\"color: #993366;\"><strong>1.Pl\u00e4tze<\/strong><\/span><\/p>\n<p>Julius Streicher bis 33kg(U10)<\/p>\n<p><span style=\"color: #993366;\"><strong>3.Pl\u00e4tze<\/strong><\/span><\/p>\n<p>Erik Rechenberger bis 30kg(U10), Erich B\u00f6ttcher bis 33kg(U10)<\/p>\n<p><span style=\"color: #993366;\"><strong>Weitere L\u00fcbbener Teilnehmer:<\/strong><\/span><\/p>\n<p>Leonhard Hampusch, Angelo Nitschke, Florian Ziffus, Max Leichner, Jonas Melcher, Karl Kolwitz, Pascal Kositz<\/p>\n<p>&nbsp;<\/p>\n<p><span style=\"color: #ff0000;\"><strong>02.07.2016&nbsp;&nbsp; Landesjugendspiele der U13\/U15 in Brandenburg<\/strong><\/span><\/p>\n<p><span style=\"color: #993366;\"><strong>1.Pl\u00e4tze<\/strong><\/span><\/p>\n<p>Elisa Rudnik bis 33kg(U13) \u201eBeste Technikerin der U13\u201c, Sarah Rudnik bis 44kg(U15)<\/p>\n<p><span style=\"color: #993366;\"><strong>3.Pl\u00e4tze<\/strong><\/span><\/p>\n<p>Felix Kahl bis 55kg(U13), Miriam Stoye bis 48kg(U15)<\/p>\n<p><span style=\"color: #993366;\"><strong>5.Pl\u00e4tze<\/strong><\/span><\/p>\n<p>Igor Bekker bis 50kg(U13), Max Lachmann bis 55kg(U13), Dominique Vierling bis 46kg(U15)<\/p>\n<p><span style=\"color: #993366;\"><strong>Weitere L\u00fcbbener Teilnehmer:<\/strong><\/span><\/p>\n<p>Maximilian Huhn<\/p>\n<p>&nbsp;<\/p>\n<p><span style=\"color: #ff0000;\"><strong>09.07.2016&nbsp;&nbsp; Nord-Ost-Deutsche Meisterschaften der U15 in Greifswald<\/strong><\/span><\/p>\n<p><span style=\"color: #993366;\"><strong>&nbsp;3.<\/strong><strong style=\"line-height: 1.5;\">Pl\u00e4tze<\/strong><\/span><\/p>\n<p>Sarah Rudnik bis 44kg, Miriam Stoye bis 48kg<\/p>\n<p><span style=\"color: #993366;\"><strong>Weitere L\u00fcbbener Teilnehmer:<\/strong><\/span><\/p>\n<p>Dominique Vierling<\/p>\n<p>&nbsp;<\/p>\n<p><strong><span style=\"color: #ff0000;\">10. September 2016 &nbsp; Anf\u00e4ngerturnier in Vetschau<\/span><\/strong><\/p>\n<p><span style=\"color: #993366;\"><strong>1. Pl\u00e4tze<\/strong><\/span><\/p>\n<p>Philipp Schulze bis 25kg(U9), Angelo Nitschke bis 28kg(U9), Leonhard Hampusch bis 31kg (U9), Florian Ziffus bis 38,5kg(U9), Catharina Vierling bis 32kg (U11), Max Leichner bis 31,4kg (U11), Erik Constabel bis 37,7 kg, Jonas Melcher bis 42kg (U11)<\/p>\n<p><strong><span style=\"color: #993366;\">2. Pl\u00e4tze<\/span><\/strong><\/p>\n<p>Julia Richter bis 22kg(U9), Lukas Melcher bis 25kg(U9)<\/p>\n<p><strong><span style=\"color: #993366;\">3. Pl\u00e4tze<\/span><\/strong><\/p>\n<p>Justin Lehmann bis 25kg(U9), Adrian Doll bis 38,5kg(U9)<\/p>\n<p><span style=\"color: #ff0000;\"><strong>18.September 2016 Mazda-Cup Babelsberg<\/strong><\/span><\/p>\n<p><span style=\"color: #993366;\"><strong>5.Platz<\/strong><\/span><\/p>\n<p>Miriam Stoye bis 48kg(U15)<\/p>\n<p><strong><span style=\"color: #993366;\">Weitere L\u00fcbbener Teilnehmer:<\/span> <\/strong>Sarah Rudnik, Dominique Vierling<\/p>\n<p>&nbsp;<\/p>\n<p><span style=\"color: #ff0000;\"><strong>24.\/25. September 2016&nbsp;&nbsp; 25. Kyoko-Pokal Peitz<\/strong><\/span><\/p>\n<p><span style=\"color: #993366;\"><strong>1.Pl\u00e4tze<\/strong><\/span><\/p>\n<p>Erik Rechenberger bis 29kg(U9), Melissa Stoye bis 30kg(U13), Elisa Rudnik bis 33kg(U13), Igor Bekker bis 50kg(U13), Sarah Rudnik bis 48kg(U15), Miriam Stoye bis 52kg(U15)<\/p>\n<p><span style=\"color: #993366;\"><strong>2.Pl\u00e4tze<\/strong><\/span><\/p>\n<p>Erich B\u00f6ttcher bis 35kg(U9), Florian Ziffus bis 38kg(U9)<\/p>\n<p><span style=\"color: #993366;\"><strong>3.Pl\u00e4tze<\/strong><\/span><\/p>\n<p>Justin Lehmann bis 26kg(U9), Angelo Nitschke bis 29kg(U9), Max Sevostyanov bis 32kg(U11), Paul Pauli bis 35kg(U11), Samantha Koschinski bis 48kg (U13), Maximilian Huhn bis 38kg(U13), Dominique Vierling bis 50kg(U15)<\/p>\n<p><span style=\"color: #993366;\"><strong>5.Pl\u00e4tze<\/strong><\/span><\/p>\n<p>Philipp Schulze bis 23kg(U9), Iven Kupsch bis 32kg(U9), Erik Constabel bis 35kg(U11), Ronja Nitschke bis 40kg(U13), Fabian Kettlitz bis 73kg(U18)<\/p>\n<p>&nbsp;<\/p>\n<p><span style=\"color: #ff0000;\"><strong>1.\/2.Oktober 2016&nbsp;&nbsp; &nbsp;3-Tore-Pokal J\u00fcterbog U8-U14<\/strong><\/span><\/p>\n<p><span style=\"color: #993366;\"><strong>1.Pl\u00e4tze<\/strong><\/span><\/p>\n<p>Julia Richter bis 22kg(U8), Elisa Rudnik bis 33kg(U12), Samantha Koschinski bis 48kg(U12)<\/p>\n<p><span style=\"color: #993366;\"><strong>2.Pl\u00e4tze<\/strong><\/span><\/p>\n<p>Lukas Melcher bis 26kg(U8), Ronja Nitschke bis 40kg(U12)<\/p>\n<p><span style=\"color: #993366;\"><strong>3.Pl\u00e4tze<\/strong><\/span><\/p>\n<p>Catharina Vierling bis 30kg(U10), Erich B\u00f6ttcher bis 37kg(U10), Erik Constabel bis 37kg(U12), Max Lachmann bis 55kg(U14)<\/p>\n<p><span style=\"color: #993366;\"><strong>5.Pl\u00e4tze<\/strong><\/span><\/p>\n<p>Erik Rechenberger bis 28kg(U10), Angelo Nitschke bis 28kg(U10), Florian Ziffus bis 37kg(U10), Paul<\/p>\n<p>Pauli bis 34kg(U12)<\/p>\n<p>&nbsp;<\/p>\n<p><span style=\"color: #ff0000;\"><strong>08.Oktober 2016&nbsp;&nbsp; Stadtwerkepokal in Bad Belzig U15 -M\/F<\/strong><\/span><\/p>\n<p><span style=\"color: #993366;\"><strong>2.Platz<\/strong><\/span><\/p>\n<p>Miriam Stoye bis 52kg(U15)<\/p>\n<p><span style=\"color: #993366;\"><strong>3.Platz<\/strong><\/span><\/p>\n<p>Sarah Rudnik bis 48kg(U15)<\/p>\n<p>&nbsp;<\/p>\n<p><span style=\"color: #ff0000;\"><strong>15.Oktober 2016&nbsp;&nbsp; Seeturnier Senftenberg U7-U13<\/strong><\/span><\/p>\n<p><span style=\"color: #993366;\"><strong>1.Pl\u00e4tze<\/strong><\/span><\/p>\n<p>Erich B\u00f6ttcher bis 34kg(U9), Florian Ziffus bis 40kg(U9), Catharina Vierling bis 30kg(U11), Julius Streicher bis 37kg(U11), Elisa Rudnik bis 33kg(U13) und bis 36kg(U13), Max Lachmann bis 55kg(U13)<\/p>\n<p><span style=\"color: #993366;\"><strong>2.Pl\u00e4tze<\/strong><\/span><\/p>\n<p>Leonhard Hampusch bis 34kg(U9), Jonas Melcher bis 43kg(U11), Igor Bekker bis 55kg(U13)<\/p>\n<p><span style=\"color: #993366;\"><strong>3.Pl\u00e4tze<\/strong><\/span><\/p>\n<p>Ronja Nitschke bis 40kg(U13)<\/p>\n<p><span style=\"color: #993366;\"><strong>5.Pl\u00e4tze<\/strong><\/span><\/p>\n<p>Erik Constabel bis 37kg(U11)<\/p>\n<p><span style=\"color: #993366;\"><strong>Weitere L\u00fcbbener Teilnehmer:<\/strong> <\/span>Lukas Melcher, Angelo Nitschke<\/p>\n<p>&nbsp;<\/p>\n<p><strong><span style=\"color: #ff0000;\">5.\/6. November 2016 &nbsp; Internationales Spreewaldpokalturnier Cottbus<\/span><\/strong><\/p>\n<p><strong><span style=\"color: #993366;\">1.Pl\u00e4tze<\/span><\/strong><\/p>\n<p>Julia Bleich bis 29kg(U8), Erich B\u00f6ttcher bis 37kg(U10), Florian Ziffus bis 40kg(U10), Dominique Vierling bis 50kg(U14), Sarah Rudnik bis 48kg(U16)<\/p>\n<p><strong><span style=\"color: #993366;\">2. Pl\u00e4tze<\/span><\/strong><\/p>\n<p>Erik Rechenberger bis 31kg(U10), Julius Streicher bis 37kg(U10), Elisa Rudnik bis 33kg(U12), Ronja Nitschke bis 40kg(U12), Igor Bekker bis 50kg(U14), Miriam Stoye bis 52kg(U16), Fabian Kettlitz bis 73kg(U16)<\/p>\n<p><strong><span style=\"color: #993366;\">3. Pl\u00e4tze<\/span><\/strong><\/p>\n<p>Angelo Nitschke bis 28kg(U10), Max Leichner bis 31kg(U10), Erik Constabel bis 37kg(U12), Max Lachmann bis 55kg(U14)<\/p>\n<p><span style=\"color: #ff6600;\"><strong>Samstag 5. Platz in der Mannschaftswertung<\/strong><\/span><\/p>\n<p><span style=\"color: #ff6600;\"><strong>Sonntag 4. Platz in der Mannschaftswertung<\/strong><\/span><\/p>\n<p>&nbsp;<\/p>\n<p><strong><span style=\"color: #ff0000;\">12. November 2016 &nbsp; Hellmannpokal Vetschau U9-U13 (164 Teilnehmer\/11 Vereine)<\/span><\/strong><\/p>\n<p><span style=\"color: #993366;\"><strong>1.Pl\u00e4tze<\/strong><\/span><\/p>\n<p>Elisa Rudnik bis 36kg(U13), Max Lachmann bis 55kg(U13)<\/p>\n<p><span style=\"color: #993366;\"><strong>2. Pl\u00e4tze<\/strong><\/span><\/p>\n<p>Erik Rechenberger bis 31kg(U9), Erich B\u00f6ttcher bis 34kg(U9), Jonas Melcher bis 43kg(U9), Samatha Koschinski bis 48kg(U13), Felix Kahl bis 55kg(U13)<\/p>\n<p><strong><span style=\"color: #993366;\">3. Pl\u00e4tze<\/span><\/strong><\/p>\n<p>Julia Bleich bis 29kg(U9), Justin Lehmann bis 25,8kg(U9), Phillipp Schulze bis 25,8kg(U9), Angelo Nitschke bis 28,5kg(U9), Florian Ziffus bis 41kg(U9), Xenia D\u00e4nschel bis 36kg(U11), Pascal Kositz bis 37kg(U11), Igor Bekker bis 55kg(U13)<\/p>\n<p><strong><span style=\"color: #993366;\">5. Pl\u00e4tze<\/span><\/strong><\/p>\n<p>Viktor Burkin bis 37kg(U11)<\/p>\n<p><strong><span style=\"color: #ff6600;\">6. Platz in der Mannschaftswertung<\/span><\/strong><\/p>\n<p>&nbsp;<\/p>\n<p><span style=\"color: #ff0000;\"><strong>13. November 2016 &nbsp; Ergo-Cup Strausberg U14\/U17<\/strong><\/span><\/p>\n<p><strong><span style=\"color: #993366;\">2. Platz<\/span><\/strong><\/p>\n<p>Miriam Stoye bis 52kg(U17)<\/p>\n<p><strong><span style=\"color: #993366;\">3. Pl\u00e4tze<\/span><\/strong><\/p>\n<p>Sarah Rudnik bis 48kg(U17), Fabian Kettlitz bis 73kg(U17)<\/p>\n<p>&nbsp;<\/p>\n<p><span style=\"color: #ff0000;\"><strong>26. November 2016 &nbsp; Mammutcup Spremberg<\/strong><\/span><\/p>\n<p><strong><span style=\"color: #993366;\">1. Pl\u00e4tze<\/span><\/strong><\/p>\n<p>Erich B\u00f6ttcher &nbsp;bis 36kg(U9)<\/p>\n<p><strong><span style=\"color: #993366;\">2. Pl\u00e4tze<\/span><\/strong><\/p>\n<p>Julia Richter bis 22kg(U9), Julia Bleich bis 28kg(U9), Erik Rechenberger bis 29kg(U9)<\/p>\n<p><span style=\"color: #993366;\"><strong>3. Pl\u00e4tze<\/strong><\/span><\/p>\n<p>Angelo Nitschke bis 28kg(U9), Florian Ziffus bis 42kg(U9), Catharina Vierling bis 29kg(U11), Xenia D\u00e4nschel bis 35kg(U11), Paul Pauli bis 34kg(U11), Erik Constabel bis 37kg(U11), Jonas Melcher bis 43kg(U11)<\/p>\n<p><strong><span style=\"color: #993366;\">5. Pl\u00e4tze<\/span><\/strong><\/p>\n<p>Philipp Schulze bis 25kg(U9)<\/p>\n<p>&nbsp;<\/p>\n<p><span style=\"color: #ff0000;\"><strong>10.\/11. Dezember 2016 &nbsp; Weihnachtspokalturnier in K\u00f6nigs Wusterhausen<\/strong><\/span><\/p>\n<p><strong><span style=\"color: #993366;\">1.Pl\u00e4tze<\/span><\/strong><\/p>\n<p>Erik Rechenberger bis 29,1kg(U9), Erich B\u00f6ttcher bis 35,3kg(U9), Melissa Stoye bis 30kg(U13)<\/p>\n<p><strong><span style=\"color: #993366;\">2. Pl\u00e4tze<\/span><\/strong><\/p>\n<p>Elisa Rudnik bis 33kg(U13), Miriam Stoye bis 52kg(U15)<\/p>\n<p><strong><span style=\"color: #993366;\">3. Pl\u00e4tze<\/span><\/strong><\/p>\n<p>Julia Richter bis 20,8kg(U8), Karl Kolwitz bis 40kg(U11), Samantha Koschinski bis 48kg(U13), Igor Bekker bis 55kg(U13), Sarah Rudnik bis 48kg(U15), Dominique Vierling bis 50kg(U15), Miriam Stoye bis 52kg(U18)<\/p>\n<p><span style=\"color: #993366;\"><strong>5. Pl\u00e4tze<\/strong><\/span><\/p>\n<p>Ronja Nitschke bis 40kg(U13), Erik Constabel bis 37kg(U11), Jonas Melcher bis 43kg(U11), Fabian Kettlitz bis 73kg(U18)<\/p>\n<p><strong><span style=\"color: #993366;\">Weitere L\u00fcbbener Teilnehmer:<\/span><\/strong><\/p>\n<p>Julius Streicher, Catharina Vierling<\/p>\n","protected":false},"excerpt":{"rendered":"<p>14. Februar 2016 &nbsp; Stadtwerkepokal der U10\/U12 in Frankfurt\/Oder 1.Platz Elisa Rudnik bis 30kg(U12) 3. Platz Sophie Jeschke bis 36kg(U12) Weitere L\u00fcbbener Teilnehmer: Erik Rechberger, Leonhard Hampusch, Erich B\u00f6ttcher, Jonas Melcher &nbsp; 20. Februar 2016 &nbsp; Anf\u00e4ngerturnier in Senftenberg U9-U13(180 Teilnehmer\/19 Vereine) 1.Pl\u00e4tze Leonhard Hampusch bis 29,5kg(U9),&nbsp;Iven Kupsch bis 30,9kg(U9), Florian Ziffus bis 33,9kg(U9), Max [&hellip;]<\/p>\n","protected":false},"author":2,"featured_media":0,"parent":395,"menu_order":3,"comment_status":"closed","ping_status":"closed","template":"","meta":{"_et_pb_use_builder":"","_et_pb_old_content":"","_et_gb_content_width":"","footnotes":""},"class_list":["post-9299","page","type-page","status-publish","hentry"],"_links":{"self":[{"href":"https:\/\/xn--judo-lbben-feb.de\/index.php?rest_route=\/wp\/v2\/pages\/9299","targetHints":{"allow":["GET"]}}],"collection":[{"href":"https:\/\/xn--judo-lbben-feb.de\/index.php?rest_route=\/wp\/v2\/pages"}],"about":[{"href":"https:\/\/xn--judo-lbben-feb.de\/index.php?rest_route=\/wp\/v2\/types\/page"}],"author":[{"embeddable":true,"href":"https:\/\/xn--judo-lbben-feb.de\/index.php?rest_route=\/wp\/v2\/users\/2"}],"replies":[{"embeddable":true,"href":"https:\/\/xn--judo-lbben-feb.de\/index.php?rest_route=%2Fwp%2Fv2%2Fcomments&post=9299"}],"version-history":[{"count":26,"href":"https:\/\/xn--judo-lbben-feb.de\/index.php?rest_route=\/wp\/v2\/pages\/9299\/revisions"}],"predecessor-version":[{"id":14404,"href":"https:\/\/xn--judo-lbben-feb.de\/index.php?rest_route=\/wp\/v2\/pages\/9299\/revisions\/14404"}],"up":[{"embeddable":true,"href":"https:\/\/xn--judo-lbben-feb.de\/index.php?rest_route=\/wp\/v2\/pages\/395"}],"wp:attachment":[{"href":"https:\/\/xn--judo-lbben-feb.de\/index.php?rest_route=%2Fwp%2Fv2%2Fmedia&parent=9299"}],"curies":[{"name":"wp","href":"https:\/\/api.w.org\/{rel}","templated":true}]}}