{"id":924,"date":"2012-12-07T21:06:36","date_gmt":"2012-12-07T20:06:36","guid":{"rendered":"http:\/\/xn--judo-lbben-feb.de\/?page_id=924"},"modified":"2020-04-21T09:04:41","modified_gmt":"2020-04-21T08:04:41","slug":"2012-2","status":"publish","type":"page","link":"https:\/\/xn--judo-lbben-feb.de\/?page_id=924","title":{"rendered":"2012"},"content":{"rendered":"<p><span style=\"color: #ff0000;\"><strong>Neujahrsturnier Berlin 14.01.2012<\/strong><\/span><br \/>\n<strong>2. Platz<\/strong><br \/>\nSarah Rudnik bis 26(U12),<br \/>\n<strong>5. Platz<\/strong><br \/>\nMiriam Stoye bis 28kg(U12)<br \/>\n<strong>Weitere L\u00fcbbener K\u00e4mpfer<\/strong>:<br \/>\nFabian Kettlitz, Lucian Roscheck<br \/>\n<span style=\"color: #ff0000;\"><strong>Anf\u00e4ngerturnier in Senftenberg 18.02.2012<\/strong><\/span><br \/>\n<strong>1. Pl\u00e4tze<\/strong><br \/>\nIgor Bekker bis 31kg(U10), Matthew Wilke bis 28kg(U8)<br \/>\n<strong>2. Pl\u00e4tze<\/strong><br \/>\nElisa Rudnik bis 21kg (U8), Maximilian Huhn bis 24kg(U8)<br \/>\n<strong>3. Platz<\/strong><br \/>\nSvenja Gra\u00dfmann bis 28kg(U10)<br \/>\n<strong><span style=\"color: #ff0000;\">Int. Sprela- Cup in Spremberg 3.\/4. M\u00e4rz 2012<\/span><\/strong><br \/>\n<strong>1. Platz<\/strong><br \/>\nIgor Bekker bis 35kg(U9)<br \/>\n<strong>2. Pl\u00e4tze<\/strong><br \/>\nSarah Rudnik bis 26kg(U11), Antonia Wagner bis 52kg(U13), Jakob Liesegang bis 73kg(U16)<br \/>\n<strong>3. Pl\u00e4tze<\/strong><br \/>\nElisa Rudnik bis 22kg(U9), Miriam Stoye bis 28kg(U11)<br \/>\n<strong>5. Platz<\/strong><br \/>\nAdel Molla bis 35kg(U11)<br \/>\n<strong>Weitere L\u00fcbbener K\u00e4mpfer:<\/strong><br \/>\nMaximilian Huhn, Matthew Wilke, Fabian Kettlitz<\/p>\n<p>&nbsp;<\/p>\n<p><span style=\"color: #ff0000;\"><strong>Spreewaldpokal L\u00fcbben 17.\/18.03.2012<\/strong><\/span><br \/>\n<strong>1. Pl\u00e4tze<\/strong><br \/>\nElisa Rudnik, Josefine H\u00fchn, Svenja Gra\u00dfmann, Johann Janisch, Sarah Rudnik, Miriam Stoye, Lara Haase<br \/>\n<strong>2. Pl\u00e4tze<\/strong><br \/>\nMelissa Stoye, Maximilian Huhn, Igor Bekker, Elise P\u00f6schla, Antonia Wagner, Paul Nitsch, Florian B\u00f6ttcher<br \/>\n<strong>3. Pl\u00e4tze<\/strong><br \/>\nMatthew Wilke, Jannes Kreutz, Anne Schade, Lea Altmann, Jonas Ensslen, Florian B\u00f6ttcher, Jakob Liesegang, Jakob D\u00e4hne, Tom Gra\u00dfmann<br \/>\n<strong>5. Pl\u00e4tze<\/strong><br \/>\nCharlotte Britze, Angelina Wilke, Jakob Zielke, Lucian Roscheck, Tobias Halbich<\/p>\n<p>&nbsp;<\/p>\n<p><span style=\"color: #ff0000;\"><strong>Bambini-Turnier in Hoppegarten 22.04.2012<\/strong><\/span><br \/>\n<strong>1. Pl\u00e4tze<\/strong><br \/>\nIgor Bekker (U9), Sarah Rudnik(U11), Miriam Stoye(U11)<br \/>\n<strong>2. Pl\u00e4tze<\/strong><br \/>\nMatthew Wilke (U9), Maximilian Huhn (U9)<br \/>\n<strong>3. Platz<\/strong><br \/>\nElisa Rudnik (U9)<\/p>\n<p>&nbsp;<\/p>\n<p><span style=\"color: #ff0000;\"><strong>Gro\u00dfr\u00e4schen 29. April 2012<\/strong><\/span><br \/>\n<strong>1. Pl\u00e4tze<\/strong><br \/>\nIgor Bekker bis 34,5kg (U10), Sarah Rudnik bis 26kg (U12), Miriam Stoye bis 28kg (U12)<br \/>\n<strong>3. Platz<\/strong><br \/>\nAdel Molla bis 34,5kg (U9)<br \/>\n<strong>5. Pl\u00e4tze<\/strong><br \/>\nMaximilian Huhn bis 25kg (U10), Lea Altmann bis 32,5kg (U12)<\/p>\n<p>&nbsp;<\/p>\n<p><span style=\"color: #ff0000;\"><strong>S\u00fcd-Ost-Brandenburgische Meisterschaft in Senftenberg 02. Juni 2012<\/strong><\/span><br \/>\n<strong>1. Pl\u00e4tze<\/strong><br \/>\nIgor Bekker bis 34kg(U10), Sarah Rudnik bis 26kg(U12), Miriam Stoye bis 28kg(U12)<br \/>\n<strong>3. Pl\u00e4tze<\/strong><br \/>\nAngelina Wilke bis 44kg (U12), Lucian Roscheck bis 46kg(U12)<\/p>\n<p>&nbsp;<\/p>\n<p><span style=\"color: #ff0000;\"><strong>Landesjugendspiele der U12 in Brandenburg 16. Juni 2012<\/strong><\/span><br \/>\n<strong>1. Platz<\/strong><br \/>\nSarah Rudnik bis 26kg<br \/>\n<strong>2. Pl\u00e4tze<\/strong><br \/>\nMiriam Stoye bis 28kg, Lucian Roscheck bis 46kg<br \/>\n<strong>5. Platz<\/strong><br \/>\nAngelina Wilke bis 44kg<\/p>\n<p>&nbsp;<\/p>\n<p><span style=\"color: #ff0000;\"><strong>Anf\u00e4ngerturnier in Vetschau 11. August 2012<\/strong><\/span><br \/>\n<strong>1. Pl\u00e4tze<\/strong><br \/>\nJosefine H\u00fchn, Igor Bekker<br \/>\n<strong>2.Pl\u00e4tze<\/strong><br \/>\nValeria Bekker, Melissa Stoye, Elisa Rudnik, Maximilian Knorr, Matthew Wilke, Maximilian Huhn, Max Lachmann<br \/>\n<strong>3. Platz<\/strong><br \/>\nFelix Kahl<\/p>\n<p>&nbsp;<\/p>\n<p><span style=\"color: #ff0000;\"><strong>Ela-Cup in Treuenbrietzen 18.08.2012<\/strong><\/span><br \/>\n<strong>1. Pl\u00e4tze<\/strong><br \/>\nMiriam Stoye bis 30kg(U12), Angelina Wilke bis 44kg(U12), Igor Bekker bis 34kg(U10), Fabian Kettlitz bis 43kg(U12), Lucian Roscheck bis 46kg(U12)<br \/>\n<strong>2. Pl\u00e4tz<\/strong>e<br \/>\nLea Altmann bis 33kg(U12), Isabell H\u00fchn bis 44kg(U14)<br \/>\n<strong>3. Pl\u00e4tze<\/strong><br \/>\nSarah Rudnik bis 26kg(U12), Antonia Wagner bis 57kg(U14)<\/p>\n<p>&nbsp;<\/p>\n<p><span style=\"color: #ff0000;\"><strong>Kyoko-Pokal Peitz 15.\/16.09.2012<\/strong><\/span><br \/>\n<strong>1. Pl\u00e4tze<\/strong><br \/>\nMiriam Stoye bis 32kg(U11), Antonia Wagner bis 57kg(U13), Igor Bekker bis 35kg(U9),<br \/>\n<strong>2. Pl\u00e4tze<\/strong><br \/>\nMelissa Stoye bis 21kg(U9), Maximilian Huhn bis 26kg(U9), Jakob Liesegang bis 73kg(U17)<br \/>\n<strong>3. Pl\u00e4tze<\/strong><br \/>\nMatthew Wilke bis 32kg(U9), Max Lachmann bis 35kg(U9), Lucian Roscheck bis 46kg(U13)<br \/>\n<strong>5. Platz<\/strong><br \/>\nAngelina Wilke bis 44kg(U13)<br \/>\n<span style=\"color: #ff0000;\"><strong>Mammutcup Spremberg 22.09.2012<\/strong><\/span><br \/>\n<strong>1. Pl\u00e4tze<\/strong><br \/>\nElisa Rudnik bis 23kg(U9), Max Lachmann bis 32kg(U9), Igor Bekker bis 35kg(U9)<br \/>\n<strong>2. Platz<\/strong><br \/>\nMiriam Stoye bis 32kg(U11)<br \/>\n<strong>3. Pl\u00e4tze<\/strong><br \/>\nMelissa Stoye bis 23kgU9), Maximilian Huhn bis 26,5kg(U9), Matthew Wilke bis 28,5kg(U9)<\/p>\n<p>&nbsp;<\/p>\n<p><span style=\"color: #ff0000;\"><strong>Lauchhammer 29.09.2012<\/strong><\/span><br \/>\n<strong>1.Pl\u00e4tze<\/strong><br \/>\nElisa Rudnik bis 23kg(U9), Maximilian Huhn bis 25kg(U9)<br \/>\n<strong>2. Pl\u00e4tze<\/strong><br \/>\nMax Lachmann bis 33kg(U9), Antonia Wagner bis 57kg(U14)<br \/>\n<strong>3. Pl\u00e4tze<\/strong><br \/>\nMatthew Wilke bis 29kg(U9), Angelina Wilke bis 44kg(U14)<\/p>\n<p>&nbsp;<\/p>\n<p><span style=\"color: #ff0000;\"><strong>Seeturnier Senftenberg 20.\/21.10.2012<\/strong><\/span><br \/>\n<strong>1. Pl\u00e4tze<\/strong><br \/>\nJosefine H\u00fchn bis 30kg(U10), Max Lachmann bis 33kg(U10), Miriam Stoye bis 30kg(U12), Angelina Wilke bis 44kg(U12), Lucian Roscheck bis 50kg(U12), Antonia Wagner bis 57kg(U14)<br \/>\n<strong>2. Pl\u00e4tze<\/strong><br \/>\nElise P\u00f6schla bis 33kg(U10), Igor Bekker bis 35kg(U10)<br \/>\n<strong>3. Platz<\/strong><br \/>\nIsabell H\u00fchn bis 44kg(U14)<br \/>\n<strong>5.Platz<\/strong><br \/>\nAnne Schade bis 30kg(U12)<br \/>\n<strong>Weitere L\u00fcbbener K\u00e4mpfer:<\/strong><br \/>\nJakob Liesegang<\/p>\n<p>&nbsp;<\/p>\n<p><span style=\"color: #ff0000;\"><strong>Internationales Spreewaldpokalturnier in Cottbus 27.10.2012<\/strong><\/span><br \/>\n<strong>1. Pl\u00e4tze<\/strong><br \/>\nMelissa Stoye bis 20kg(U8), Maximilian Huhn bis 26kg(U8), Elise P\u00f6schla bis 33kg(U10)<br \/>\n<strong>2. Pl\u00e4tze<\/strong><br \/>\nElisa Rudnik bis 23kg(U8), Igor Bekker bis 34kg(U10), Miriam Stoye bis 30kg(U12), Angelina Wilke bis 48kg(U12)<br \/>\n<strong>3. Pl\u00e4tze<\/strong><br \/>\nDylan Knorrn bis 28kg(U10), Matthew Wilke bis 32kg(U8), Max Lachmann bis 34kg(U10)<br \/>\n<strong>5. Platz<\/strong><br \/>\nJakob Liesegang bis 73kg(U17)<br \/>\n<strong>Weitere&nbsp; L\u00fcbbener K\u00e4mpfer<\/strong>:<br \/>\nAnne Schade, Lucian Roscheck<\/p>\n<p>&nbsp;<\/p>\n<p><span style=\"color: #ff0000;\"><strong>12.Hellmannpokal Vetschau 10.\/11.11.2012<\/strong><\/span><br \/>\n<strong>1.Pl\u00e4tze<\/strong><br \/>\nElisa Rudnik bis 27kg(U8), Maximilian Huhn bis 27kg(U8), Igor Bekker bis 34kg(U10), Miriam Stoye bis 30kg(U12), Angelina Wilke bis 48kg(U12), Lucian Roscheck bis 50kg(U12)<br \/>\n<strong>2. Pl\u00e4tze<\/strong><br \/>\nElise P\u00f6schla bis 33kg(U10), Max Lachmann bis 34kg(U10)<br \/>\n<strong>3. Pl\u00e4tze<\/strong><br \/>\nMatthew Wilke 33kg(U8), Anne Schade bis 30kg(U12), Florian B\u00f6ttcher bis 66kg(U17)<br \/>\n<strong>5. Platz<\/strong><br \/>\nJakob Liesegang bis 73kg(U17)<br \/>\n<span style=\"color: #ff6600;\"><strong>3. Platz in der Mannschaftswertung am Sonntag(U8 bis U12)<\/strong><\/span><\/p>\n<p>&nbsp;<\/p>\n<p><span style=\"color: #ff0000;\"><strong>BTU Cup Cottbus 17.11.2012<\/strong><\/span><br \/>\n<strong>1. Platz<\/strong><br \/>\nElisa Rudnik bis 24 kg(U9)<br \/>\n<strong>2. Pl\u00e4tze<\/strong><br \/>\nMax Lachmann bis 34kg(U9), Igor Bekker bis 37 kg(U9), Lucian Roscheck bis 50kg(U13), Miriam Stoye bis 30kg(U11)<br \/>\n<strong>3. Pl\u00e4tze<\/strong><br \/>\nMaximilian Huhn bis 26kg(U9),&nbsp; Angelina Wilke bis 48 kg(U13), Melissa Stoye bis 24kg(U9)<br \/>\n<strong>5. Pl\u00e4tze<\/strong><br \/>\nLea Altmann bis 33kg(U11)<br \/>\n<strong>weitere L\u00fcbbener K\u00e4mpfer<\/strong>:<br \/>\nMatthew Wilke<\/p>\n<p>&nbsp;<\/p>\n<p><span style=\"color: #ff0000;\"><strong>Weihnachtspokalturnier in K\u00f6nigs Wusterhausen 8.\/9.12.2012<\/strong><\/span><br \/>\n<strong>1. Pl\u00e4tze<\/strong><br \/>\nElisa Rudnik bis 23kg(U8), Maximilian Huhn bis 26kg(U8), Matthew Wilke bis 33kg(U8), Igor Bekker bis 36kg(U9),<br \/>\nJakob Liesegang bis 73kg(U17)<br \/>\n<strong>2. Pl\u00e4tze<\/strong><br \/>\nDylan Knorrn bis 27,5kg(U9)<br \/>\n<strong>3. Pl\u00e4tze<\/strong><br \/>\nMelissa Stoye bis 22kg(U8), Felix Kahl bis 32,1kg(U9), Miriam Stoye bis 30kg(U12), Angelina Wilke bis 48kg(U12),<br \/>\nLucian Roscheck \u00fcber 46kg(U12)<br \/>\n<strong>5. Platz<\/strong><br \/>\nPaul Nitsch bis 73kg(U17)<br \/>\n<strong>Weitere L\u00fcbbener K\u00e4mpfer<\/strong>:<br \/>\nAnne Schade, Fabian Kettlitz, Florian B\u00f6ttcher<\/p>\n","protected":false},"excerpt":{"rendered":"<p>Neujahrsturnier Berlin 14.01.2012 2. Platz Sarah Rudnik bis 26(U12), 5. Platz Miriam Stoye bis 28kg(U12) Weitere L\u00fcbbener K\u00e4mpfer: Fabian Kettlitz, Lucian Roscheck Anf\u00e4ngerturnier in Senftenberg 18.02.2012 1. Pl\u00e4tze Igor Bekker bis 31kg(U10), Matthew Wilke bis 28kg(U8) 2. Pl\u00e4tze Elisa Rudnik bis 21kg (U8), Maximilian Huhn bis 24kg(U8) 3. Platz Svenja Gra\u00dfmann bis 28kg(U10) Int. Sprela- [&hellip;]<\/p>\n","protected":false},"author":1,"featured_media":0,"parent":395,"menu_order":8,"comment_status":"closed","ping_status":"closed","template":"","meta":{"_et_pb_use_builder":"","_et_pb_old_content":"","_et_gb_content_width":"","footnotes":""},"class_list":["post-924","page","type-page","status-publish","hentry"],"_links":{"self":[{"href":"https:\/\/xn--judo-lbben-feb.de\/index.php?rest_route=\/wp\/v2\/pages\/924","targetHints":{"allow":["GET"]}}],"collection":[{"href":"https:\/\/xn--judo-lbben-feb.de\/index.php?rest_route=\/wp\/v2\/pages"}],"about":[{"href":"https:\/\/xn--judo-lbben-feb.de\/index.php?rest_route=\/wp\/v2\/types\/page"}],"author":[{"embeddable":true,"href":"https:\/\/xn--judo-lbben-feb.de\/index.php?rest_route=\/wp\/v2\/users\/1"}],"replies":[{"embeddable":true,"href":"https:\/\/xn--judo-lbben-feb.de\/index.php?rest_route=%2Fwp%2Fv2%2Fcomments&post=924"}],"version-history":[{"count":2,"href":"https:\/\/xn--judo-lbben-feb.de\/index.php?rest_route=\/wp\/v2\/pages\/924\/revisions"}],"predecessor-version":[{"id":14413,"href":"https:\/\/xn--judo-lbben-feb.de\/index.php?rest_route=\/wp\/v2\/pages\/924\/revisions\/14413"}],"up":[{"embeddable":true,"href":"https:\/\/xn--judo-lbben-feb.de\/index.php?rest_route=\/wp\/v2\/pages\/395"}],"wp:attachment":[{"href":"https:\/\/xn--judo-lbben-feb.de\/index.php?rest_route=%2Fwp%2Fv2%2Fmedia&parent=924"}],"curies":[{"name":"wp","href":"https:\/\/api.w.org\/{rel}","templated":true}]}}