{"id":918,"date":"2012-12-07T20:56:38","date_gmt":"2012-12-07T20:56:38","guid":{"rendered":"http:\/\/xn--judo-lbben-feb.de\/?page_id=918"},"modified":"2020-04-21T09:03:53","modified_gmt":"2020-04-21T08:03:53","slug":"2009-2","status":"publish","type":"page","link":"https:\/\/xn--judo-lbben-feb.de\/?page_id=918","title":{"rendered":"2009"},"content":{"rendered":"<p><strong><span style=\"color: #ff0000;\">21.02.2009 Anf\u00e4ngerturnier in Senftenberg<\/span><\/strong><br \/>\n<strong>1. Pl\u00e4tze<\/strong><br \/>\nSarah Rudnik bis 18kg(U8), Charlotte Britze bis 26kg(U10), Fabian Kettlitz bis 28kg(U10)<br \/>\n<strong>2. Pl\u00e4tze<\/strong><br \/>\nAntonia Wagner bis 33kg(U10), Jakob Zielke bis 23kg(U10)<br \/>\n<strong>3. Pl\u00e4tze<\/strong><br \/>\nChris Redlich bis 19kg(U8), Odin Rudolph bis 21(U8)<\/p>\n<p><strong><span style=\"color: #ff0000;\">28.\/29. M\u00e4rz 2009 Spreewaldpokal L\u00fcbben<\/span><\/strong><br \/>\n<strong>1.Pl\u00e4tze<\/strong><br \/>\nSarah Rudnik bis 19kg(U8),Elise P\u00f6schla bis 21kg(U8), Charlotte Britze bis 23kg(U9),<br \/>\nLucian Roscheck bis 28kg(U9), Fabian Kettlitz bis 28kg(U9), Kyle Eifler bis 29kg(U11),<br \/>\nJasser Eleter bis 43kg(U11), Jakob Liesegang bis 50kg(U13), Jakob D\u00e4hne bis 60kg(U13),<br \/>\nJakob D\u00e4hne \u00fcber 60kg(U13), Evgenij Galautdinov bis 50kg(U17), Jens Norenz bis 73kg(U20)<br \/>\n<strong>2. Pl\u00e4tze<\/strong><br \/>\nChris Redlich bis 21kg(U8), Antonia Wagner bis 32kg(U11), Nico Staudler bis 32kg(U11),<br \/>\nEmanuel Linick&nbsp; bis 42kg(U11), Sophie Ogrzewalla bis 40kg(U13), Evgenij Galautdinov bis 55kg(U17)<br \/>\n<strong>3. Pl\u00e4tze<\/strong><br \/>\nFabian Nitsche bis 26kg(U8), Jakob Zielke bis 23kg(U9), Lara Haase bis 38kg(U11),<br \/>\nJeffrey Weihmann bis 26kg(13)<br \/>\n<strong><span style=\"color: #ff6600;\">3. Platz in der Mannschaftswertung<\/span><\/strong><\/p>\n<p><strong><span style=\"color: #ff0000;\">25.\/26.04.2009 Bergmannspokal L\u00fcbbenau<\/span><\/strong><br \/>\n<strong>1.Platz<\/strong><br \/>\nMarcus Szramek bis 60kg(U14), Evgenij Galautdinov bis 50kg(U17)<br \/>\n<strong>2. Platz<\/strong><br \/>\nLara Haase bis 39kg(U11)<br \/>\n<strong>3. Pl\u00e4tze<\/strong><br \/>\nSarah Rudnik bis 21kg(U9), Charlotte Britze bis 24kg(U9), Chris Redlich bis 21kg(U9),<br \/>\nLucian Roscheck bis 30kg(U9), Nico Staudler bis 30kg(U11), Jakob Liesegang bis 50kg(U17)<br \/>\n<strong>5. Pl\u00e4tze<\/strong><br \/>\nFabian Kettlitz bis 30kg(U9), Antonia Wagner bis 33kg(U11)<br \/>\nWeitere L\u00fcbbener K\u00e4mpfer:<br \/>\nPaul Nitsch, Florian B\u00f6ttcher<\/p>\n<p><strong><span style=\"color: #ff0000;\">02. Mai 2009 4. Internationaler Stadtpokal in F\u00fcrstenwalde<\/span><\/strong><br \/>\n<strong>1.Pl\u00e4tze<\/strong><br \/>\nLucian Roscheck bis 31kg(U9), Jasser Eleter \u00fcber 46kg(11)<br \/>\n<strong>2. Pl\u00e4tze<\/strong><br \/>\nSarah Rudnik bis 23kg(U9), Jakob Liesegang bis 50kg(U13)<\/p>\n<p><strong><span style=\"color: #ff0000;\">09.Mai 2009 Spree-Cup in F\u00fcrstenwalde<\/span><\/strong><br \/>\n<strong>1. Platz<\/strong><br \/>\nJakob Liesgang bis 50kg(U13)<br \/>\n<strong>2. Pl\u00e4tze<\/strong><br \/>\nAntonia Wagner bis 33kg(U10), Lucian Roscheck bis 32kg(U10), Paul Nitsch bis 50kg(U13)<br \/>\n<strong>3. Platz<\/strong><br \/>\nNico Staudler bis 32kg(U10)<br \/>\n<strong>5. Pl\u00e4tze<\/strong><br \/>\nCharlotte Britze bis 24kg(U10), Chris Redlich bis 23kg(U10)<br \/>\n<strong><span style=\"color: #ff0000;\">16.05.2009 Gro\u00dfr\u00e4schen<\/span><\/strong><br \/>\n<strong>1. Pl\u00e4tze<\/strong><br \/>\nSarah Rudnik bis 23kg(U8), Fabian Kettlitz bis 29kg(U10)<br \/>\n<strong>2. Pl\u00e4tze<\/strong><br \/>\nChris Redlich bis 20kg(U8), Kyle Eifler bis 29kg(U12), Paul Nitsch bis 50kg(U12)<br \/>\n<strong>3. Platz<\/strong><br \/>\nJasser Eleter bis 50kg(U12)<br \/>\n<strong>5. Pl\u00e4tze<\/strong><br \/>\nCharlotte Britze bis 25,5kg(U10), Lucian Roscheck bis 30kg(U10)<\/p>\n<p><span style=\"color: #ff0000;\"><strong>06. Juni 2009 Kreisunionseinzelmeisterschaften der U12\/U14 in Senftenberg<\/strong><\/span><br \/>\n<strong>2. Platz<\/strong><br \/>\nJakob Liesegang bis 50kg(U14)<br \/>\n<strong>3. Platz<\/strong><br \/>\nMarkus Szramek bis 60kg(U14)<br \/>\n<strong>5. Platz<\/strong><br \/>\nPaul Nitsch bis 50 kg(U12)<br \/>\nWeitere L\u00fcbbener K\u00e4mpfer:<br \/>\nJasser Eleter<\/p>\n<p><strong><span style=\"color: #ff0000;\">27. Juni 2009 Silberner Roland in Brandenburg<\/span><\/strong><br \/>\n<strong>1. Platz<\/strong><br \/>\nJasser Eleter bis 50kg(U11)<br \/>\n<strong>2. Pl\u00e4tze<\/strong><br \/>\nJakob Zielke bis 23kg(U9), Fabian Kettlitz bis 31kg(U9)<br \/>\n<strong>3. Platz<\/strong><br \/>\nLucian Roscheck bis 31kg(U19)<\/p>\n<p><strong><span style=\"color: #ff0000;\">03.Oktober 2009 Mammut-Cup in Spremberg<\/span><\/strong><br \/>\n<strong>1.Pl\u00e4tze<\/strong><br \/>\nCharlotte Britze bis 28kg(U9), Lucian Roscheck bis 32kg(U9)<br \/>\n<strong>2. Pl\u00e4tze<\/strong><br \/>\nFabian Kettlitz bis 32kg(U9), Isabell H\u00fchn bis 28kg(U11), Jasser Eleter bis 50kg(U11),<br \/>\nJasser Eleter \u00fcber 50kg(U11)<br \/>\n<strong>3. Pl\u00e4tze<\/strong><br \/>\nSarah Rudnik bis 20kg(U9), Chris Redlich bis 22kg(U9), Antonia Wagner bis 35kg(U11),<br \/>\nNico Staudler bis 33kg(U11)<\/p>\n<p><strong><span style=\"color: #ff0000;\">07.11.2009 Internationales Spreewaldturnier in Cottbus<\/span><\/strong><br \/>\n<strong>1. Platz<\/strong><br \/>\nFabian Kettlitz bis 32kg(U9)<br \/>\n<strong>2. Pl\u00e4tze<\/strong><br \/>\nSarah Rudnik bis 20kg(U9), Lucian Roscheck bis 35kg (U9), Jasser Eleter \u00fcber 44kg(U11)<br \/>\n<strong>3. Pl\u00e4tze<\/strong><br \/>\nIsabell H\u00fchn bis 29kg(U11), Nico Staudler bis 33kg(U11)<br \/>\n<strong>5. Pl\u00e4tze<\/strong><br \/>\nPaul Nitsch bis 55kg(U13), Jakob Liesegang bis 55kg(U13)<\/p>\n<p><strong><span style=\"color: #ff0000;\">14.\/15. November 2009 Hellmannpokal Vetschau<\/span><\/strong><br \/>\n1.Pl\u00e4tze<br \/>\nIsbell H\u00fchn bis 28kg(U12), Markus Szramek bis 60kg(U14)<br \/>\n<strong>2. Pl\u00e4tze<\/strong><br \/>\nSarah Rudnik bis 24kg(U10), Fabian Kettlitz bis 30kg(U10), Christopher Frank bis 50kg(U14),<br \/>\nJakob D\u00e4hne bis 60kg(U14),<br \/>\n<strong>3. Pl\u00e4tze<\/strong><br \/>\nCharlotte Britze bis 28kg(U10), Antonia Wagner bis 36kg(U10), Jakob Zielke bis 25kg(U10), Lucian Roscheck bis 34kg(U10), Paul Nitsch \u00fcber 50kg(U12)<\/p>\n<p><strong><span style=\"color: #ff0000;\">21.\/22.11.2009 Seeturnier in Senftenberg<\/span><\/strong><br \/>\n<strong>1. Pl\u00e4tze<\/strong><br \/>\nSarah Rudnik bis 24kg (U8), Nico Staudler bis 34kg(U10), Isabell H\u00fchn bis 28kg(U12),<br \/>\nChristopher Frank bis 50kg(U14)<br \/>\n<strong>2. Pl\u00e4tze<\/strong><br \/>\nAntonia Wagner bis 36kg (U10), Lucian Roscheck bis 31kg(U10), Jakob Liesegang bis 55kg(U14)<br \/>\n<strong>3. Pl\u00e4tze<\/strong><br \/>\nChris Redlich bis 24kg (U8), Charlotte Britze bis 28kg(U10), Annie Erfk\u00e4mper bis 63kg(U14)<\/p>\n<p><strong><span style=\"color: #ff0000;\">28.11.2009 BTU-Cup in Cottbus<\/span><\/strong><br \/>\n<strong>1. Pl\u00e4tze<\/strong><br \/>\nSarah Rudnik bis 20kg(U8), Nico Staudler bis 34kg(U10), Fabian Kettlitz bis 34kg(U10)<br \/>\n<strong>2. Pl\u00e4tze<\/strong><br \/>\nChris Redlich bis 20kg(U8), Chris Redlich bis 22kg(U8), Jakob Zielke bis 25kg(U10),<br \/>\nLucian Roscheck bis 34kg(U10), Charlotte Britze bis 28kg(U10)<br \/>\n<strong>3. Pl\u00e4tze<\/strong><br \/>\nAntonia Wagner bis 36kg(U10), Anja Woick bis 36kg(U12)<\/p>\n","protected":false},"excerpt":{"rendered":"<p>21.02.2009 Anf\u00e4ngerturnier in Senftenberg 1. Pl\u00e4tze Sarah Rudnik bis 18kg(U8), Charlotte Britze bis 26kg(U10), Fabian Kettlitz bis 28kg(U10) 2. Pl\u00e4tze Antonia Wagner bis 33kg(U10), Jakob Zielke bis 23kg(U10) 3. Pl\u00e4tze Chris Redlich bis 19kg(U8), Odin Rudolph bis 21(U8) 28.\/29. M\u00e4rz 2009 Spreewaldpokal L\u00fcbben 1.Pl\u00e4tze Sarah Rudnik bis 19kg(U8),Elise P\u00f6schla bis 21kg(U8), Charlotte Britze bis 23kg(U9), [&hellip;]<\/p>\n","protected":false},"author":1,"featured_media":0,"parent":395,"menu_order":11,"comment_status":"closed","ping_status":"open","template":"","meta":{"_et_pb_use_builder":"","_et_pb_old_content":"","_et_gb_content_width":"","footnotes":""},"class_list":["post-918","page","type-page","status-publish","hentry"],"_links":{"self":[{"href":"https:\/\/xn--judo-lbben-feb.de\/index.php?rest_route=\/wp\/v2\/pages\/918","targetHints":{"allow":["GET"]}}],"collection":[{"href":"https:\/\/xn--judo-lbben-feb.de\/index.php?rest_route=\/wp\/v2\/pages"}],"about":[{"href":"https:\/\/xn--judo-lbben-feb.de\/index.php?rest_route=\/wp\/v2\/types\/page"}],"author":[{"embeddable":true,"href":"https:\/\/xn--judo-lbben-feb.de\/index.php?rest_route=\/wp\/v2\/users\/1"}],"replies":[{"embeddable":true,"href":"https:\/\/xn--judo-lbben-feb.de\/index.php?rest_route=%2Fwp%2Fv2%2Fcomments&post=918"}],"version-history":[{"count":3,"href":"https:\/\/xn--judo-lbben-feb.de\/index.php?rest_route=\/wp\/v2\/pages\/918\/revisions"}],"predecessor-version":[{"id":14416,"href":"https:\/\/xn--judo-lbben-feb.de\/index.php?rest_route=\/wp\/v2\/pages\/918\/revisions\/14416"}],"up":[{"embeddable":true,"href":"https:\/\/xn--judo-lbben-feb.de\/index.php?rest_route=\/wp\/v2\/pages\/395"}],"wp:attachment":[{"href":"https:\/\/xn--judo-lbben-feb.de\/index.php?rest_route=%2Fwp%2Fv2%2Fmedia&parent=918"}],"curies":[{"name":"wp","href":"https:\/\/api.w.org\/{rel}","templated":true}]}}