{"id":914,"date":"2012-12-07T20:52:48","date_gmt":"2012-12-07T19:52:48","guid":{"rendered":"http:\/\/xn--judo-lbben-feb.de\/?page_id=914"},"modified":"2020-04-21T09:04:12","modified_gmt":"2020-04-21T08:04:12","slug":"2010-2","status":"publish","type":"page","link":"https:\/\/xn--judo-lbben-feb.de\/?page_id=914","title":{"rendered":"2010"},"content":{"rendered":"<p><span style=\"color: #ff0000;\"><strong>16.01.2010 12. Neujahrsturnier in Berlin\/Altglieniecke<\/strong><\/span><\/p>\n<p><strong>1. Platz<\/strong><br \/>\nAntonia Wagner bis 36kg(U11)<br \/>\n<strong>2. Platz<\/strong><br \/>\nSarah Rudnik bis 22kg(U9)<br \/>\n3. Platz<br \/>\nJakob Liesegang bis 55kg(U14)<br \/>\n<strong>5. Platz<\/strong><br \/>\nCharlotte Britze bis 26kg(U11)<br \/>\nweitere L\u00fcbbener K\u00e4mpfer<br \/>\nFabian Kettlitz, Christopher Frank, Paul Nitsch<\/p>\n<p><strong><span style=\"color: #ff0000;\">20.02.2010 Anf\u00e4ngerturnier Senftenberg<\/span><\/strong><\/p>\n<p><strong>1. Pl\u00e4tze<\/strong><br \/>\nSarah Rudnik bis 21kg(U10), Charlotte Britze bis 28kg(U10), Fabian Kettlitz bis 32kg(U10)<br \/>\n<strong>3. Pl\u00e4tze<\/strong><br \/>\nMiriam Stoye bis 21kg(U10), Benedikt Posselt bis 37kg(U10)<\/p>\n<p><strong><span style=\"color: #ff0000;\">06.03. Sprela-Cup Spremberg<\/span><\/strong><\/p>\n<p><strong>1. Platz<\/strong><br \/>\nSarah Rudnik bis 22kg(U9)<br \/>\n<strong>2. Pl\u00e4tze<\/strong><br \/>\nMiriam Stoye bis 22kg(U9), Charlotte Britze bis 28kg(U11), Antonia Wagner bis 36kg(U11),<br \/>\nLucian Roscheck bis 35kg(U11)<br \/>\n<strong>3. Platz<\/strong><br \/>\nNico Staudler bis 35kg(U11)<br \/>\n<strong><span style=\"color: #ff6600;\">Pokal \u201eBeste K\u00e4mpferin\u201c f\u00fcr Sarah Rudnik<\/span><\/strong><br \/>\nweitere L\u00fcbbener K\u00e4mpfer<br \/>\nFabian Kettlitz<\/p>\n<p><strong><span style=\"color: #ff0000;\">13.03.2010&nbsp; 35 Jahre Judo in J\u00e4nschwalde<\/span><\/strong><\/p>\n<p>2. Platz<br \/>\nIsabell H\u00fchn bis 28kg<br \/>\n3. Pl\u00e4tze<br \/>\nCharlotte Britze bis 28kg(U12), Antonia Wagner bis 36kg(U12)<\/p>\n<p><strong><span style=\"color: #ff0000;\">20.\/21.03.2010 Spreewaldpokal L\u00fcbben<\/span><\/strong><\/p>\n<p><strong>1. Pl\u00e4tze<\/strong><br \/>\nMiriam Stoye bis 23kg, Bennedikt Posselt bis 38kg, Paul Nitsch bis 60kg<br \/>\n<strong>2. Pl\u00e4tze<\/strong><br \/>\nSarah Rudnik bis 21kg, Charlotte Britze bis 29kg, Xenia Wirthwein bis 32kg, Isabell H\u00fchn bis 28kg, Anja Woick bis 38kg, Annie Erfk\u00e4mper bis 63kg,&nbsp; Nico Staudler bis 35kg, Jakob Liesegang bis 55kg,<br \/>\n<strong>3. Pl\u00e4tze<\/strong><br \/>\nAnne Schade bis 26kg, Vanessa Thiede, Antonia Wagner bis 35kg, Lisa Kammerer, Chris Redlich bis 21kg, Jasser Eleter bis 55kg,<br \/>\n<strong>5. Pl\u00e4tze<\/strong><br \/>\nMerten Ewert bis 29kg, Fabian Kettlitz bis 32kg, Lucian Roscheck bis 35kg, Lara Haase bis 48kg, Sophie Ogrzewalla bis 52kg, Jarvis Erfk\u00e4mper bis 55kg<br \/>\nweitere L\u00fcbbener K\u00e4mpfer<br \/>\nJakob Zielke, Pascal Jahn, Paolo K\u00fchnel, Jakob D\u00e4hne<br \/>\n<strong><span style=\"color: #ff6600;\">5. Platz in der Mannschaftswertung<\/span><\/strong><\/p>\n<p><strong><span style=\"color: #ff0000;\">27.03.2010 Belzig<\/span><\/strong><\/p>\n<p><strong>2. Pl\u00e4tze<\/strong><br \/>\nAnnie Erfk\u00e4mper bis 63kg(U14), Jakob Liesegang bis 55kg(U14)<br \/>\n<strong>5. Platz<\/strong><br \/>\nChristopher Frank bis 55kg(U14)<\/p>\n<p><strong><span style=\"color: #ff0000;\">24.\/25.04.2010 Bergmannspokal L\u00fcbbenau<\/span><\/strong><\/p>\n<p><strong>1. Pl\u00e4tze<\/strong><br \/>\nMiriam Stoye bis 23kg(U9), Isabell H\u00fchn bis 30kg(U14)<br \/>\n<strong>2. Pl\u00e4tze<\/strong><br \/>\nSarah Rudnik bis 23kg(U9), Annie Erfk\u00e4mper bis 63kg(U14), Christopher Frank bis 50kg(U14)<br \/>\n<strong>3. Platz<\/strong><br \/>\nLucian Roscheck bis 35kg<br \/>\n<strong>5. Platz<\/strong><br \/>\nNico Staudler bis 35kg<br \/>\nweitere L\u00fcbbener K\u00e4mpfer<br \/>\nJakob Zielke, Fabian Kettlitz, Anja Woick, Markus Szramek<\/p>\n<p><strong><span style=\"color: #ff0000;\">8.05.2010 Spree-Cup F\u00fcrstenwalde<\/span><\/strong><\/p>\n<p><strong>1. Pl\u00e4tze<\/strong><br \/>\nSarah Rudnik bis 21kg(U9) &amp; bis 23kg(U9)<br \/>\n<strong>2. Platz<\/strong><br \/>\nPaul Nitsch bis 50kg(U13)<br \/>\n<strong>3. Pl\u00e4tze<\/strong><br \/>\nAntonia Wagner bis 36kg(U11), Lucian Roscheck bis 34kg(U11)<br \/>\n<strong>5. Platz<\/strong><br \/>\nCharlotte Britze bis 30kg(U11)<\/p>\n<p><strong><span style=\"color: #ff0000;\">8.\/9.05.2010 Pokalturnier Gro\u00dfr\u00e4schen<\/span><\/strong><\/p>\n<p><strong>1. Platz<\/strong><br \/>\nSarah Rudnik bis 23kg<br \/>\n<strong>2. Pl\u00e4tze<\/strong><br \/>\nLucian Roscheck bis 34,5kg(U10), Annie Erfk\u00e4mper bis 63kg(U14), Jakob Liesegang bis 55kg(U14)<br \/>\n<strong>3. Pl\u00e4tze<\/strong><br \/>\nCharlotte Britze bis 30kg(U10), Antonia Wagner bis 35kg(U12), Fabian Kettlitz bis 34,5kg(U10),<br \/>\nNico Staudler bis 36,5kg(U12)<br \/>\n<strong>4. Platz<\/strong><br \/>\nChristopher Frank bis 55kg(U14)<br \/>\n<strong>5. Pl\u00e4tze<\/strong><br \/>\nMiriam Stoye bis 23kg(U9), Markus Szramek bis 60kg(U17)<\/p>\n<p><span style=\"color: #ff0000;\"><strong>13.06.2010 Kreisunionseinzelmeisterschaften der U12\/U14 in Senftenberg<\/strong><\/span><\/p>\n<p><strong>1. Platz<\/strong><br \/>\nJakob Liesegang bis 55kg(U14)<br \/>\n<strong>2. Platz<\/strong><br \/>\nAnnie Erfk\u00e4mper \u00fcber 63kg(U14)<br \/>\n<strong>3. Pl\u00e4tze<\/strong><br \/>\nAntonia Wagner bis 36kg(U12), Christopher Frank bis 55kg(U14), Paul Nitsch bis 60kg(U14)<br \/>\n<strong>5. Platz<\/strong><br \/>\nMarcel Buchta bis 43kg(U14)<br \/>\nweitere L\u00fcbbener K\u00e4mpfer<br \/>\nIsabell H\u00fchn<\/p>\n<p><strong><span style=\"color: #ff0000;\">26.\/27.06.2010 Landesjugendspiele der U12\/U14 in Brandenburg<\/span><\/strong><\/p>\n<p><strong>6. Pl\u00e4tze<\/strong><br \/>\nJakob Liesegang bis 55kg(U14), Paul Nitsch bis 60kg(U14)<br \/>\nweitere L\u00fcbbener K\u00e4mpfer: Antonia Wagner, Christopher Frank<\/p>\n<p><span style=\"color: #ff0000;\"><strong>18.\/19.09.2010 Kyoko-Pokal Peitz<\/strong><\/span><\/p>\n<p><strong>1. Pl\u00e4tze<\/strong><br \/>\nAntonia Wagner bis 35kg(U11), Lucian Roscheck bis 38kg(U11)<br \/>\n<strong>2. Pl\u00e4tze<\/strong><br \/>\nMiriam Stoye bis 23kg(U9), Charlotte Britze bis 32kg(U11)<br \/>\n<strong>3. Pl\u00e4tze<\/strong><br \/>\nPaul Nitsch \u00fcber 60kg(U13), Christopher Frank bis 55kg(U15)<\/p>\n<p><strong><span style=\"color: #ff0000;\">25.09.2010&nbsp;&nbsp;&nbsp; Silberner Roland Brandenburg<\/span><\/strong><\/p>\n<p><strong>1. Platz<\/strong><br \/>\nMiriam Stoye bis 24kg(U10)<br \/>\n<strong>5. Platz<\/strong><br \/>\nIsabell H\u00fchn bis 33kg(U12)<br \/>\n<strong><span style=\"color: #ff6600;\">Pokal \u201eBeste K\u00e4mpferin\u201c&nbsp; f\u00fcr Miriam Stoye<\/span><\/strong><br \/>\nweitere L\u00fcbbener Starter<br \/>\nSarah Rudnik, Charlotte Britze, Antonia Wagner, Lucian Roscheck<\/p>\n<p><strong><span style=\"color: #ff0000;\">9.\/10.10.2010&nbsp; Seeturnier Senftenberg<\/span><\/strong><\/p>\n<p><strong>1. Platz<\/strong><br \/>\nLucian Roscheck bis 37kg(U10)<br \/>\n<strong>2. Pl\u00e4tze<\/strong><br \/>\nMiriam Stoye bis 24kg(U10), Fabian Kettlitz bis 37kg(U10)<br \/>\n<strong>3. Pl\u00e4tze<\/strong><br \/>\nSarah Rudnik bis 24kg(U10), Charlotte Britze bis 33kg(U10), Isabell H\u00fchn bis 33kg(U12),<br \/>\nAntonia Wagner bis 36kg(U12), Pascal Jahn bis 40kg(U12)<br \/>\n<strong>5. Pl\u00e4tze<\/strong><br \/>\nMerten Ewert bis 31kg(U12), Paul Nitsch \u00fcber 60kg(U14)<br \/>\nweitere L\u00fcbbener K\u00e4mpfer: Markus Szramek<\/p>\n<p><strong><span style=\"color: #ff0000;\">30.10.2010 Mammutcup Spremberg<\/span><\/strong><br \/>\n<strong>1. Pl\u00e4tze<\/strong><br \/>\nSarah Rudnik bis 24kg(U9), Lucian Roscheck bis 38kg(U11)<br \/>\n<strong>2. Platz<\/strong><br \/>\nMiriam Stoye bis 24kg(U9)<br \/>\n<strong>5. Platz<\/strong><br \/>\nFabian Kettlitz bis 35kg(U11)<\/p>\n<p><span style=\"color: #ff0000;\"><strong>06.11.2010 3-Tore-Pokal J\u00fcterbog<\/strong><\/span><br \/>\n<strong>1. Pl\u00e4tze<\/strong><br \/>\nMiriam Stoye bis 24kg(U10), Charlotte Britze bis 33kg(U10), Lucian Roscheck bis 40kg(U10)<br \/>\n<strong>2. Platz<\/strong><br \/>\nSarah Rudnik bis 24kg(U10)<\/p>\n<p><span style=\"color: #ff0000;\"><strong>13.\/14.11.2010 Hellmannpokal Vetschau<\/strong><\/span><br \/>\n<strong>1. Pl\u00e4tze<\/strong><br \/>\nMiriam Stoye bis 24kg(U10), Fabian Kettlitz bis 37kg(U10), Antonia Wagner bis 40 kg(U12), Jakob Liesegang bis 55kg(U14)<br \/>\n<strong>2. Pl\u00e4tze<\/strong><br \/>\nIsabell H\u00fchn bis 33kg(U12), Annie Erfk\u00e4mper bis 63kg(U14)<br \/>\n<strong>3. Pl\u00e4tze<\/strong><br \/>\nSarah Rudnik bis 24kg(U10), Jakob Zielke bis 31kg(U10), Paolo K\u00fchnel bis 33kg(U12),<br \/>\nPaul Nitsch \u00fcber 60kg(U14)<br \/>\n<strong>5. Platz<\/strong><br \/>\nBenedikt Posselt bis 40kg(U10)<br \/>\nweitere L\u00fcbbener K\u00e4mpfer:&nbsp; Markus Szramek<br \/>\n<strong><span style=\"color: #ff6600;\">3. Platz in der Mannschaftswertung der U10<\/span><\/strong><\/p>\n<p><span style=\"color: #ff0000;\"><strong>27.11.2010 1. Pokalturnier Lauchhammer<\/strong><\/span><br \/>\n<strong>1. Pl\u00e4tze<\/strong><br \/>\nMiriam Stoye bis 25kg(U9), Lucian Roscheck bis 42kg(U11), Jakob Liesegang bis 60kg(U13)<br \/>\n<strong>2. Pl\u00e4tze<\/strong><br \/>\nSarah Rudnik bis 22kg(U9), Antonia Wagner bis 38kg(U11)<br \/>\n<strong>3. Platz<\/strong><br \/>\nPaul Nitsch \u00fcber 60kg(U13)<br \/>\n<strong>5. Pl\u00e4tze<\/strong><br \/>\nMerten Ewert bis 32kg(U11), Charlotte Britze bis 32kg(U11)<br \/>\nweitere L\u00fcbbener K\u00e4mpfer: Pascal Jahn<\/p>\n","protected":false},"excerpt":{"rendered":"<p>16.01.2010 12. Neujahrsturnier in Berlin\/Altglieniecke 1. Platz Antonia Wagner bis 36kg(U11) 2. Platz Sarah Rudnik bis 22kg(U9) 3. Platz Jakob Liesegang bis 55kg(U14) 5. Platz Charlotte Britze bis 26kg(U11) weitere L\u00fcbbener K\u00e4mpfer Fabian Kettlitz, Christopher Frank, Paul Nitsch 20.02.2010 Anf\u00e4ngerturnier Senftenberg 1. Pl\u00e4tze Sarah Rudnik bis 21kg(U10), Charlotte Britze bis 28kg(U10), Fabian Kettlitz bis 32kg(U10) [&hellip;]<\/p>\n","protected":false},"author":1,"featured_media":0,"parent":395,"menu_order":10,"comment_status":"closed","ping_status":"closed","template":"","meta":{"_et_pb_use_builder":"","_et_pb_old_content":"","_et_gb_content_width":"","footnotes":""},"class_list":["post-914","page","type-page","status-publish","hentry"],"_links":{"self":[{"href":"https:\/\/xn--judo-lbben-feb.de\/index.php?rest_route=\/wp\/v2\/pages\/914","targetHints":{"allow":["GET"]}}],"collection":[{"href":"https:\/\/xn--judo-lbben-feb.de\/index.php?rest_route=\/wp\/v2\/pages"}],"about":[{"href":"https:\/\/xn--judo-lbben-feb.de\/index.php?rest_route=\/wp\/v2\/types\/page"}],"author":[{"embeddable":true,"href":"https:\/\/xn--judo-lbben-feb.de\/index.php?rest_route=\/wp\/v2\/users\/1"}],"replies":[{"embeddable":true,"href":"https:\/\/xn--judo-lbben-feb.de\/index.php?rest_route=%2Fwp%2Fv2%2Fcomments&post=914"}],"version-history":[{"count":2,"href":"https:\/\/xn--judo-lbben-feb.de\/index.php?rest_route=\/wp\/v2\/pages\/914\/revisions"}],"predecessor-version":[{"id":14415,"href":"https:\/\/xn--judo-lbben-feb.de\/index.php?rest_route=\/wp\/v2\/pages\/914\/revisions\/14415"}],"up":[{"embeddable":true,"href":"https:\/\/xn--judo-lbben-feb.de\/index.php?rest_route=\/wp\/v2\/pages\/395"}],"wp:attachment":[{"href":"https:\/\/xn--judo-lbben-feb.de\/index.php?rest_route=%2Fwp%2Fv2%2Fmedia&parent=914"}],"curies":[{"name":"wp","href":"https:\/\/api.w.org\/{rel}","templated":true}]}}