{"id":910,"date":"2012-12-07T20:49:57","date_gmt":"2012-12-07T19:49:57","guid":{"rendered":"http:\/\/xn--judo-lbben-feb.de\/?page_id=910"},"modified":"2020-04-21T09:04:22","modified_gmt":"2020-04-21T08:04:22","slug":"2011-2","status":"publish","type":"page","link":"https:\/\/xn--judo-lbben-feb.de\/?page_id=910","title":{"rendered":"2011"},"content":{"rendered":"<p><span style=\"color: #ff0000;\"><strong>15.01.2011 Neujahrsturnier in Berlin\/Altglienicke<\/strong><\/span><br \/>\n<strong> 1.Platz<\/strong><br \/>\nSarah Rudnik bis 22kg(U10)<br \/>\n<strong>2. Pl\u00e4tze<\/strong><br \/>\nMiriam Stoye bis 24kg(U10), Antonia Wagner(U12)<br \/>\n<strong>3. Platz<\/strong><br \/>\nFabian Kettlitz bis 35kg(U12)<br \/>\nWeitere L\u00fcbbener K\u00e4mpfer<br \/>\nCharlotte Britze<\/p>\n<p><span style=\"color: #ff0000;\"><strong>26.02.2011 Anf\u00e4ngerturnier in Senftenberg<\/strong><\/span><br \/>\n<strong>1. Pl\u00e4tze<\/strong><br \/>\nSvenja Gra\u00dfmann bis 23kg(U8), Igor Bekker bis 28kg(U8)<br \/>\n<strong>2. Platz<\/strong><br \/>\nMaximilian Huhn bis 23kg(U8)<br \/>\n<strong>3. Platz<\/strong><br \/>\nMatthew Wilke bis 25kg(U8)<\/p>\n<p><span style=\"color: #ff0000;\"><strong>5.\/6.03.2011 Sprela-Cup in Spremberg<\/strong><\/span><br \/>\n<strong>2. Pl\u00e4tze<\/strong><br \/>\nMiriam Stoye bis 26kg(U11), Isabell H\u00fchn bis 33kg(U13)<br \/>\n<strong>3. Platz<\/strong><br \/>\nSarah Rudnik bis 26kg(U11)<br \/>\n<strong>5. Platz<\/strong><br \/>\nLucian Roscheck bis 42kg(U11)<br \/>\nWeitere L\u00fcbbener K\u00e4mpfer<br \/>\nAntonia Wagner, Jakob Liesegang<\/p>\n<p><span style=\"color: #ff0000;\"><strong>19.\/20. M\u00e4rz 2011 Spreewaldpokal L\u00fcbben<\/strong><\/span><br \/>\n<strong>1.Pl\u00e4tze<\/strong><br \/>\nSarah Rudnik bis 23kg(U11),Miriam Stoye bis 26kg(U11), Fabian Kettlitz bis 38kg(U11),<br \/>\nAntonia Wagner bis 40kg(U13), Jakob Liesegang bis 55kg(U15), Annie Erfk\u00e4mper bis 63kg(U15), Florian B\u00f6ttcher bis 50kg(U17)<br \/>\n<strong>2. Pl\u00e4tze<\/strong><br \/>\nChris Redlich bis 23kg(U11), Charlotte Britze bis 32kg(U11), Jarvis Erfk\u00e4mper \u00fcber 60kg(U13),<br \/>\nAnnie Erfk\u00e4mper&nbsp; bis 70kg(U15)<br \/>\n<strong>3. Pl\u00e4tze<\/strong><br \/>\nJosefine H\u00fchn bis 21kg(U9), Svenja Gra\u00dfmann bis 23kg(U9), Elise P\u00f6schla bis 26kg(U9),<br \/>\nBennet Heidelmann bis 46kg(11), Isabell H\u00fchn bis 36kg(U13)<br \/>\n<span style=\"color: #ff6600;\"><strong>3. Platz in der Mannschaftswertung<\/strong><\/span><\/p>\n<p><span style=\"color: #ff0000;\"><strong>17.04.2011 Gro\u00dfr\u00e4schen<\/strong><\/span><br \/>\n<strong>1.Platz<\/strong><br \/>\nAntonia Wagner bis 41kg(U12)<br \/>\n<strong>2. Platz<\/strong><br \/>\nMiriam Stoye bis 24,6kg(U10)<br \/>\n<strong>3. Pl\u00e4tze<\/strong><br \/>\nSarah Rudnik bis 24,6kg(U10), Angelina Wilke(U12)<br \/>\n<strong>5. Pl\u00e4tze<\/strong><br \/>\nCharlotte Britze bis 34kg(U12), Lucian Roscheck bis 39kg(U12)<br \/>\nWeitere L\u00fcbbener K\u00e4mpfer<br \/>\nPascal Jahn<\/p>\n<p><span style=\"color: #ff0000;\"><strong>14.\/15. Mai 2011 Spree-Cup in F\u00fcrstenwalde<\/strong><\/span><br \/>\n<strong>1.Pl\u00e4tze<\/strong><br \/>\nSvenja Gra\u00dfmann bis 26kg(U8), Igor Bekker bis 29kg(U8), Sarah Rudnik bis 24kg(U10)<br \/>\n<strong>2. Pl\u00e4tze<\/strong><br \/>\nMiriam Stoye bis 26kg(U10), Antonia Wagner bis 44kg(U12)<br \/>\n<strong>3. Pl\u00e4tze<\/strong><br \/>\nJosefine H\u00fchn bis 23kg(U8), Paul Nitsch \u00fcber 60kg(U14)<br \/>\nWeitere L\u00fcbbener K\u00e4mpfer<br \/>\nCharlotte Britze, Angelina Wilke, Fabian Kettlitz, Lucian Roscheck, Jarvis Erfk\u00e4mper<\/p>\n<p><span style=\"color: #ff0000;\"><strong>28. Mai 2011 KUEM Senftenberg<\/strong><\/span><br \/>\n<strong>1. Platz<\/strong><br \/>\nAntonia Wagner bis 44kg(U12)<br \/>\n<strong>3. Platz<\/strong><br \/>\nIsabell H\u00fchn bis 36 kg(U14)<br \/>\nweitere L\u00fcbbener K\u00e4mpfer<br \/>\nCharlotte Britze, Fabian Kettlitz, Lucian Roscheck, Paul Nitsch<\/p>\n<p><span style=\"color: #ff0000;\"><strong>18.\/19. Juni 2011 Landeseinzelmeisterschaften in F\u00fcrstenwalde<\/strong><\/span><br \/>\n<strong>3. Platz<\/strong><br \/>\nAntonia Wagner bis 44kg(U12)<br \/>\n<strong>7. Platz<\/strong><br \/>\nIsabell H\u00fchn bis 36 kg(U14)<\/p>\n<p><span style=\"color: #ff0000;\"><strong>3. September 2011 Rosenpokalturnier in Forst<\/strong><\/span><br \/>\n<strong>1. Pl\u00e4tze<\/strong><br \/>\nSarah Rudnik bis 24kg(U10), Miriam Stoye bis 27kg(U10)<br \/>\n<strong>3. Pl\u00e4tze<\/strong><br \/>\nLea Altmann bis 30kg(U10), Fabian Kettlitz bis 40kg(U12)<br \/>\n<strong>5. Platz<\/strong><br \/>\nCharlotte Britze bis 36kg(U12)<\/p>\n<p><span style=\"color: #ff0000;\"><strong>22.\/23.10.2011 Seeturnier Senftenberg<\/strong><\/span><br \/>\n<strong> 1.Pl\u00e4tze<\/strong><br \/>\nSarah Rudnik bis 24kg(U10), Antonia Wagner bis 48kg(U12)<br \/>\n<strong>2. Pl\u00e4tze<\/strong><br \/>\nCharlotte Britze bis 36kg(U12),Jakob Liesegang bis 73kg(U17)<br \/>\n<strong>3. Pl\u00e4tze<\/strong><br \/>\nLea Altmann bis 28kg(U10), Fabian Kettlitz bis 40kg(U12)<\/p>\n<p><span style=\"color: #ff0000;\"><strong>28.10.2011 Mammutcup Spremberg<\/strong><\/span><br \/>\n<strong>1. Pl\u00e4tze<\/strong><br \/>\nSarah Rudnik bis 26kg (U11), Lucian Roscheck bis 40kg(U11)<br \/>\n<strong>2. Pl\u00e4tze<\/strong><br \/>\nIgor Bekker bis 31kg (U9), Fabian Kettlitz bis 39kg (U11)<br \/>\n<strong>3. Pl\u00e4tze<\/strong><br \/>\nAdel Molla bis 31kg (U9), Charlotte Britze bis 36kg(U11),Angelina Wilke bis 40kg(U11)<\/p>\n<p><span style=\"color: #ff0000;\"><strong>12.\/13. November 2011 Hellmannpokal Vetschau<\/strong><\/span><br \/>\n<strong>1.Pl\u00e4tze<\/strong><br \/>\nJosefine H\u00fchn bis 22kg(U8), Igor Bekker bis 31kg(U8), Sarah Rudnik bis 24kg(U10),<br \/>\nMiriam Stoye bis 26kg(U10)<br \/>\n<strong>2. Pl\u00e4tze<\/strong><br \/>\nElisa Rudnik bis 22kg(U8), Anne Schade bis 28kg(U12), Antonia Wagner bis 48kg(U12),<br \/>\nIsabell H\u00fchn bis 36kg(U14)<br \/>\n<strong>3. Pl\u00e4tze<\/strong><br \/>\nFlorian B\u00f6ttcher(U17), Fabian Kettlitz bis 40kg(U12)<br \/>\n<strong>5. Pl\u00e4tze<\/strong><br \/>\nMaximilian Huhn bis 25kg(U8), Adel Molla bis 31kg(U10), Lucian Roscheck bis 43kg(U12),<br \/>\nJakob D\u00e4hne(U17)<\/p>\n<p><span style=\"color: #ff0000;\"><strong>19.11.2011 BTU-Cup Cottbus<\/strong><\/span><br \/>\n<strong>1. Pl\u00e4tze<\/strong><br \/>\nElisa Rudnik bis 22kg (U8),Miriam Stoye bis 26kg(U10),Antonia Wagner bis 48kg(U12),<br \/>\nPaul Nitsch \u00fcber 60kg(U14)<br \/>\n<strong>2. Pl\u00e4tze<\/strong><br \/>\nMaximilian Huhn bis 24kg (U8), Lea Altmann bis 28kg (U10)<br \/>\n<strong>3. Pl\u00e4tze<\/strong><br \/>\nIgor Bekker bis 31kg (U8), Charlotte Britze bis 36kg(U12), Fabian Kettlitz bis 43kg(U12)<br \/>\n<strong>5. Platz<\/strong><br \/>\nPascal Jahn bis 43kg(U12)<\/p>\n<p><span style=\"color: #ff0000;\"><strong>10.\/11.12.2011 Weihnachtspokal K\u00f6nigs Wusterhausen<\/strong><\/span><br \/>\n<strong>1. Pl\u00e4tze<\/strong><br \/>\nElisa Rudnik bis 20kg(U7), Igor Bekker bis 31kg(U8), Lucian Roscheck bis 43kg(U12)<br \/>\n<strong>2. Pl\u00e4tze<\/strong><br \/>\nMaximilian Huhn bis 25kg(U7), Josefine H\u00fchn bis 22kg(U8), Sarah Rudnik bis 24kg(U10),<br \/>\nMiriam Stoye bis 26kg(U10)<br \/>\n<strong>3. Pl\u00e4tze<\/strong><br \/>\nMatthew Wilke bis 28kg(U7), Isabell H\u00fchn bis 40kg(U14)<br \/>\nPaul Nitsch \u00fcber 60kg(U14)<br \/>\n<strong>5. Pl\u00e4tze<\/strong><br \/>\nCharlotte Britze bis 36kg(U12), Antonia Wagner bis 48kg(U12)<br \/>\nWeitere L\u00fcbbener K\u00e4mpfer<br \/>\nAngelina Wilke, Fabian Kettlitz, Annie Erfk\u00e4mper<br \/>\n<span style=\"color: #ff6600;\"><strong>3. Platz in der Mannschaftswertung der U7<\/strong><\/span><\/p>\n","protected":false},"excerpt":{"rendered":"<p>15.01.2011 Neujahrsturnier in Berlin\/Altglienicke 1.Platz Sarah Rudnik bis 22kg(U10) 2. Pl\u00e4tze Miriam Stoye bis 24kg(U10), Antonia Wagner(U12) 3. Platz Fabian Kettlitz bis 35kg(U12) Weitere L\u00fcbbener K\u00e4mpfer Charlotte Britze 26.02.2011 Anf\u00e4ngerturnier in Senftenberg 1. Pl\u00e4tze Svenja Gra\u00dfmann bis 23kg(U8), Igor Bekker bis 28kg(U8) 2. Platz Maximilian Huhn bis 23kg(U8) 3. Platz Matthew Wilke bis 25kg(U8) 5.\/6.03.2011 [&hellip;]<\/p>\n","protected":false},"author":1,"featured_media":0,"parent":395,"menu_order":9,"comment_status":"closed","ping_status":"closed","template":"","meta":{"_et_pb_use_builder":"","_et_pb_old_content":"","_et_gb_content_width":"","footnotes":""},"class_list":["post-910","page","type-page","status-publish","hentry"],"_links":{"self":[{"href":"https:\/\/xn--judo-lbben-feb.de\/index.php?rest_route=\/wp\/v2\/pages\/910","targetHints":{"allow":["GET"]}}],"collection":[{"href":"https:\/\/xn--judo-lbben-feb.de\/index.php?rest_route=\/wp\/v2\/pages"}],"about":[{"href":"https:\/\/xn--judo-lbben-feb.de\/index.php?rest_route=\/wp\/v2\/types\/page"}],"author":[{"embeddable":true,"href":"https:\/\/xn--judo-lbben-feb.de\/index.php?rest_route=\/wp\/v2\/users\/1"}],"replies":[{"embeddable":true,"href":"https:\/\/xn--judo-lbben-feb.de\/index.php?rest_route=%2Fwp%2Fv2%2Fcomments&post=910"}],"version-history":[{"count":3,"href":"https:\/\/xn--judo-lbben-feb.de\/index.php?rest_route=\/wp\/v2\/pages\/910\/revisions"}],"predecessor-version":[{"id":14417,"href":"https:\/\/xn--judo-lbben-feb.de\/index.php?rest_route=\/wp\/v2\/pages\/910\/revisions\/14417"}],"up":[{"embeddable":true,"href":"https:\/\/xn--judo-lbben-feb.de\/index.php?rest_route=\/wp\/v2\/pages\/395"}],"wp:attachment":[{"href":"https:\/\/xn--judo-lbben-feb.de\/index.php?rest_route=%2Fwp%2Fv2%2Fmedia&parent=910"}],"curies":[{"name":"wp","href":"https:\/\/api.w.org\/{rel}","templated":true}]}}