{"id":75,"date":"2012-10-25T12:34:46","date_gmt":"2012-10-25T12:34:46","guid":{"rendered":"http:\/\/xn--judo-lbben-feb.de\/?page_id=75"},"modified":"2023-02-26T10:51:23","modified_gmt":"2023-02-26T09:51:23","slug":"impressum","status":"publish","type":"page","link":"https:\/\/xn--judo-lbben-feb.de\/?page_id=75","title":{"rendered":"Impressum"},"content":{"rendered":"<p><strong> Die offizielle Homepage des Kuzushi L\u00fcbben e.V. <\/strong><\/p>\n<p>Kuzushi L\u00fcbben<br \/>\nGartengasse 1 | 15907 L\u00fcbben<br \/>\nTelefon: (03546) | 182835<br \/>\nTelefax: (03546) |187678<br \/>\nE-Mail: judo-luebben@web.de<\/p>\n<p><strong> Vereinsregister: <\/strong> Nr. VR 1972 CB<\/p>\n<p><strong> Inhaltlich verantwortlich:<br \/>\n<\/strong>Kuzushi L\u00fcbben e.V.<\/p>\n<p>&nbsp;<\/p>\n<p><strong> Layout &amp;\u00a0Programmierung:<br \/>\n<\/strong>Thomas Stoye (Webmaster)<br \/>\nE-Mail:<\/p>\n<p>Inhaltlich Verantwortlicher dieser Webseite gem\u00e4\u00df \u00a7 10 Absatz 3 MDStV ist der Kuzushi L\u00fcbben e.V. (Anschrift wie oben)<\/p>\n<p><strong> Copyright <\/strong><br \/>\nAlle Rechte vorbehalten. Insbesondere d\u00fcrfen Nachdruck, Aufnahme in Online-Dienste und Internet sowie Vervielf\u00e4ltigung auf Datentr\u00e4ger wie CD-ROM, DVD-ROM etc. &#8211; auch auszugsweise &#8211; nur nach vorheriger schriftlicher Zustimmung von Kuzushi L\u00fcbben erfolgen.<br \/>\nF\u00fcr unverlangt eingesandte Manuskripte kann keine Haftung \u00fcbernommen werden. Mit \u00dcbergabe der Manuskripte und Bilder an die Redaktion erteilt der Verfasser dem Kuzushi L\u00fcbben das Recht zur Ver\u00f6ffentlichung. Honorierte Arbeiten gehen in das Verf\u00fcgungsrecht von Kuzushi L\u00fcbben \u00fcber. Warennamen werden ohne Gew\u00e4hrleistung einer freien Verf\u00fcgung genutzt.<\/p>\n<p><strong> Haftungshinweis<\/strong><\/p>\n<p>Kuzushi L\u00fcbbens hat auf seinen Internetseiten Links (Querverweise) zu anderen Seiten im Internet geschaltet. Kuzushi L\u00fcbben erkl\u00e4rt ausdr\u00fccklich, dass Kuzushi L\u00fcbben keinerlei Einfluss auf die Gestaltung und die Inhalte der gelinkten Seiten hat. Deshalb distanziert sich\u00a0 Kuzushi L\u00fcbben ausdr\u00fccklich von s\u00e4mtlichen Inhalten aller verkn\u00fcpften Internetseiten, die nicht auf dem Server von Kuzushi L\u00fcbben abgelegt sind. Diese Erkl\u00e4rung gilt f\u00fcr alle angezeigten Links und f\u00fcr alle Inhalte der Seiten, zu denen die bei Kuzushi L\u00fcbbens installierten Banner und Links f\u00fchren.<\/p>\n","protected":false},"excerpt":{"rendered":"<p>Die offizielle Homepage des Kuzushi L\u00fcbben e.V. Kuzushi L\u00fcbben Gartengasse 1 | 15907 L\u00fcbben Telefon: (03546) | 182835 Telefax: (03546) |187678 E-Mail: judo-luebben@web.de Vereinsregister: Nr. VR 1972 CB Inhaltlich verantwortlich: Kuzushi L\u00fcbben e.V. &nbsp; Layout &amp;\u00a0Programmierung: Thomas Stoye (Webmaster) E-Mail: Inhaltlich Verantwortlicher dieser Webseite gem\u00e4\u00df \u00a7 10 Absatz 3 MDStV ist der Kuzushi L\u00fcbben e.V. [&hellip;]<\/p>\n","protected":false},"author":1,"featured_media":0,"parent":0,"menu_order":7,"comment_status":"closed","ping_status":"open","template":"","meta":{"_et_pb_use_builder":"","_et_pb_old_content":"","_et_gb_content_width":"","footnotes":""},"class_list":["post-75","page","type-page","status-publish","hentry"],"_links":{"self":[{"href":"https:\/\/xn--judo-lbben-feb.de\/index.php?rest_route=\/wp\/v2\/pages\/75","targetHints":{"allow":["GET"]}}],"collection":[{"href":"https:\/\/xn--judo-lbben-feb.de\/index.php?rest_route=\/wp\/v2\/pages"}],"about":[{"href":"https:\/\/xn--judo-lbben-feb.de\/index.php?rest_route=\/wp\/v2\/types\/page"}],"author":[{"embeddable":true,"href":"https:\/\/xn--judo-lbben-feb.de\/index.php?rest_route=\/wp\/v2\/users\/1"}],"replies":[{"embeddable":true,"href":"https:\/\/xn--judo-lbben-feb.de\/index.php?rest_route=%2Fwp%2Fv2%2Fcomments&post=75"}],"version-history":[{"count":1,"href":"https:\/\/xn--judo-lbben-feb.de\/index.php?rest_route=\/wp\/v2\/pages\/75\/revisions"}],"predecessor-version":[{"id":17584,"href":"https:\/\/xn--judo-lbben-feb.de\/index.php?rest_route=\/wp\/v2\/pages\/75\/revisions\/17584"}],"wp:attachment":[{"href":"https:\/\/xn--judo-lbben-feb.de\/index.php?rest_route=%2Fwp%2Fv2%2Fmedia&parent=75"}],"curies":[{"name":"wp","href":"https:\/\/api.w.org\/{rel}","templated":true}]}}