{"id":7344,"date":"2015-02-22T10:40:13","date_gmt":"2015-02-22T09:40:13","guid":{"rendered":"http:\/\/xn--kuzushi-lbben-4ob.de\/?page_id=7344"},"modified":"2019-09-17T07:36:45","modified_gmt":"2019-09-17T06:36:45","slug":"2015-2","status":"publish","type":"page","link":"https:\/\/xn--judo-lbben-feb.de\/?page_id=7344","title":{"rendered":"2015"},"content":{"rendered":"<p><span style=\"color: #ff0000;\"><strong>15.Februar 2015 &nbsp;Stadtwerkepokal U9\/U11 in Frankfurt\/Oder&nbsp;<\/strong><\/span><\/p>\n<p><span style=\"color: #993366;\"><strong style=\"line-height: 1.5;\">1.Pl\u00e4tze<\/strong><\/span><\/p>\n<p>Elisa Rudnik bis 28kg(U11)<\/p>\n<p><span style=\"color: #993366;\"><strong style=\"line-height: 1.5;\">2.Pl\u00e4tze<\/strong><\/span><\/p>\n<p>Melissa Stoye bis 26kg(U11)<\/p>\n<p><span style=\"color: #993366;\"><strong style=\"line-height: 1.5;\">5.Pl\u00e4tze<\/strong><\/span><\/p>\n<p>Jan-Helmut J\u00e4schke bis 31kg(U9)<\/p>\n<p><span style=\"color: #993366;\"><strong>Weitere L\u00fcbbener Teilnehmer:<\/strong><\/span><\/p>\n<p>Paul Pauli, Maximilian Huhn<\/p>\n<p>&nbsp;<\/p>\n<p><span style=\"color: #ff0000;\"><strong>21.Februar 2015&nbsp; Anf\u00e4ngerturnier U9-U15 in Senftenberg<\/strong><\/span><\/p>\n<p><span style=\"color: #993366;\"><strong style=\"line-height: 1.5;\">1.Pl\u00e4tze<\/strong><\/span><\/p>\n<p>Erik Rechenberger(U9)<\/p>\n<p><span style=\"color: #993366;\"><strong style=\"line-height: 1.5;\">2.Pl\u00e4tze<\/strong><\/span><\/p>\n<p>Erich B\u00f6ttcher(U9), Jan-Helmut J\u00e4schke(U9), Sophie Jeschke(U11), Malte M\u00fcller(U15)<\/p>\n<p><span style=\"color: #993366;\"><strong style=\"line-height: 1.5;\">3.Pl\u00e4tze<\/strong><\/span><\/p>\n<p>Jonas Ripp(U9), Iven Kupsch(U9), Pascal Kositz(U11), Svenja Richter(U13)<\/p>\n<p>&nbsp;<\/p>\n<p><span style=\"color: #ff0000;\"><strong>21. Februar 2015 21. Pharmaturnier in Kremmen U13\/U16&nbsp; (350Teiln., 57 Vereine aus 5 Bundesl\u00e4nder)<\/strong><\/span><\/p>\n<p><span style=\"color: #993366;\"><strong style=\"line-height: 1.5;\">3.Pl\u00e4tze<\/strong><\/span><\/p>\n<p>Sarah Rudnik bis 36kg(U16), Angelina Wilke bis 63kg(U16)<\/p>\n<p><span style=\"color: #993366;\"><strong style=\"line-height: 1.5;\">5.Pl\u00e4tze<\/strong><\/span><\/p>\n<p>Miriam Stoye bis 44kg(U16)<\/p>\n<p>&nbsp;<\/p>\n<p><span style=\"color: #ff0000;\"><strong>07.03.2015&nbsp; Jubil\u00e4umsturnier U11 in J\u00e4nschwalde<\/strong><\/span><\/p>\n<p><span style=\"color: #993366;\"><strong style=\"line-height: 1.5;\">1.Pl\u00e4tze<\/strong><\/span><\/p>\n<p>Elisa Rudnik bis 29kg(U11),\u201cBeste Technikerin\u201c<\/p>\n<p><span style=\"color: #993366;\"><strong style=\"line-height: 1.5;\">2.Pl\u00e4tze<\/strong><\/span><\/p>\n<p>Melissa Stoye bis 26kg(U11), Maximilian Huhn bis 35kg(U11)<\/p>\n<p><span style=\"color: #993366;\"><strong style=\"line-height: 1.5;\">3.Pl\u00e4tze<\/strong><\/span><\/p>\n<p>Sophie Jeschke bis 32kg(U11),<\/p>\n<p><strong>&nbsp;<\/strong><\/p>\n<p><strong><span style=\"color: #ff0000;\">14.\/15.03.2015&nbsp; Spreewaldpokal L\u00fcbben(30 Vereine\/412 Teilnehmer)<\/span><\/strong><\/p>\n<p><span style=\"color: #993366;\"><strong style=\"line-height: 1.5;\">1.Pl\u00e4tze<\/strong><\/span><\/p>\n<p>Elisa Rudnik bis 28kg(U11), Igor Bekker bis 46kg(U13), Eduard H\u00e4ckel bis 55kg(U13),<\/p>\n<p>Sarah Rudnik bis 36kg(U15), Miriam Stoye bis 44kg(U15), Angelina Wilke bis 63kg(U15),<\/p>\n<p>Fabian Kettlitz bis 66kg(U15), Antonia Wagner bis 63kg(U18)<\/p>\n<p><span style=\"color: #993366;\"><strong style=\"line-height: 1.5;\">2.Pl\u00e4tze<\/strong><\/span><\/p>\n<p>Philipp Schulze bis 19kg(U9), Johanna Rechenberger bis 30kg(U9), Melissa Stoye bis 26kg(U11),<\/p>\n<p>Valeria Bekker bis 40kg(U11), Maximilian Huhn bis 34kg(U11), Dominik Grebenko bis 46kg(U11),<\/p>\n<p>Theo Cal bis 37kg(U13), Antonia Wagner bis 70kg(U18), Paul Nitsch bis 90kg(U18)<\/p>\n<p><span style=\"color: #993366;\"><strong style=\"line-height: 1.5;\">3.Pl\u00e4tze<\/strong><\/span><\/p>\n<p>Leonie-Sophie Schulz bis 24kg(U9), Felix Godlinski bis 25kg(U9), Matthew Wilke bis 40kg(U11),<\/p>\n<p>Elise P\u00f6schla bis 44kg(U13), Max Lachmann bis 46kg(U13), Sarah Rudnik bis 40kg(U15),<\/p>\n<p>Lucian Roscheck bis 60kg(U15), Jakob Liesegang bis 81kg(U21)<\/p>\n<p><span style=\"color: #993366;\"><strong style=\"line-height: 1.5;\">5.Pl\u00e4tze<\/strong><\/span><\/p>\n<p>Erich B\u00f6ttcher bis 32kg(U9), Marius Tornow bis 31kg(U9), Pauline Tatan bis 30kg(U11),<\/p>\n<p>Svenja Richter bis 44kg(U13), Dominik Vierling bis 40kg(U13), &nbsp;Anne Schade bis 44kg(U15),<\/p>\n<p>Lea Altmann bis 44kg(U15), Florian B\u00f6ttcher bis 73kg(U21)<\/p>\n<p><span style=\"color: #993366;\"><strong>Weitere L\u00fcbbener Teilnehmer:<\/strong><\/span><\/p>\n<p>Jonas Ripp, Leonard Michler, Erik Rechenberger, Jan-Helmut J\u00e4schke, Tim Bernhardt, Tim Pehla<\/p>\n<p><span style=\"color: #ff9900;\"><strong>Beide Tage 3. Platz in der Mannschaftswertung<\/strong><\/span><\/p>\n<p><strong>&nbsp;<\/strong><\/p>\n<p><span style=\"color: #ff0000;\"><strong>28.\/29.03.2015 &nbsp; 19.Pokalturnier in Falkensee alle Altersklassen<\/strong><\/span><\/p>\n<p><span style=\"color: #993366;\"><strong style=\"line-height: 1.5;\">1.Pl\u00e4tze<\/strong><\/span><\/p>\n<p>Elisa Rudnik(U11), Sarah Rudnik bis 36kg(U15)<\/p>\n<p><span style=\"color: #993366;\"><strong style=\"line-height: 1.5;\">3.Pl\u00e4tze<\/strong><\/span><\/p>\n<p>Sophie Jeschke(U11), Maximilian Huhn(U11), Felix Kahl(U13), Igor Bekker(U13), Max Lachmann(U13)<\/p>\n<p>&nbsp;<\/p>\n<p><strong><span style=\"color: #ff0000;\">25.\/26.04.2015 &nbsp;15. Sparkassencup Strausberg<\/span><\/strong><\/p>\n<p><span style=\"color: #993366;\"><strong>1. Pl\u00e4tze<\/strong><\/span><\/p>\n<p>Melissa Stoye bis 26kg(U11), Elisa Rudnik bis 30kg(U11)<\/p>\n<p><span style=\"color: #993366;\"><strong>2. Pl\u00e4tze<\/strong><\/span><\/p>\n<p>Sarah Rudnik bis 36kg(U15)<\/p>\n<p><span style=\"color: #993366;\"><strong>3. Pl\u00e4tze<\/strong><\/span><\/p>\n<p>Felix Kahl bis 43kg(U13), Max Lachmann bis 46kg(U13), Igor Bekker bis 46kg<u>(U13)<\/u><\/p>\n<p><span style=\"color: #993366;\"><strong>5. Pl\u00e4tze&nbsp;<\/strong><\/span><\/p>\n<p>Sophie Jeschke bis 33kg(U11), Theo Cal bis 37kg(U13)<\/p>\n<p><span style=\"color: #993366;\"><strong>Weitere L\u00fcbbener Teilnehmer:<\/strong><\/span><\/p>\n<p>Maximilian Huhn<\/p>\n<p><strong>&nbsp;<\/strong><\/p>\n<p><span style=\"color: #ff0000;\"><strong>09.05.2015&nbsp;&nbsp; Spreecup in F\u00fcrstenwalde U7\/U9\/U11<\/strong><\/span><\/p>\n<p><span style=\"color: #993366;\"><strong style=\"line-height: 1.5;\">2.Pl\u00e4tze<\/strong><\/span><\/p>\n<p>Jan-Helmut Jeschke bis 32kg(U9)<\/p>\n<p><span style=\"color: #993366;\"><strong style=\"line-height: 1.5;\">3.Pl\u00e4tze<\/strong><\/span><\/p>\n<p>Jonas Ripp bis 23kg(U7), Iven Kupsch bis 26kg(U9)<\/p>\n<p><span style=\"color: #993366;\"><strong style=\"line-height: 1.5;\">5.Pl\u00e4tze<\/strong><\/span><\/p>\n<p>Erik Rechenberger bis 26kg(U9)<\/p>\n<p>&nbsp;<\/p>\n<p><span style=\"color: #ff0000;\"><strong>09.05.2015&nbsp;&nbsp; S\u00fcd-Ost-Brandenburger Meisterschaften der U11\/U13 in Senftenberg<\/strong><\/span><\/p>\n<p><span style=\"color: #993366;\"><strong style=\"line-height: 1.5;\">1.Pl\u00e4tze<\/strong><\/span><\/p>\n<p>Elisa Rudnik bis 30kg(U11), Sophie Jeschke bis 33kg(U11), Theo Cal bis 40kg(u13), &nbsp;Igor Bekker bis 46kg(U13)<\/p>\n<p><span style=\"color: #993366;\"><strong style=\"line-height: 1.5;\">2.Pl\u00e4tze<\/strong><\/span><\/p>\n<p>Max Lachmann bis 46kg(U13)<\/p>\n<p><span style=\"color: #993366;\"><strong style=\"line-height: 1.5;\">3.Pl\u00e4tze<\/strong><\/span><\/p>\n<p>Melissa Stoye bis 26kg(U11)<\/p>\n<p><span style=\"color: #993366;\"><strong style=\"line-height: 1.5;\">5.Pl\u00e4tze<\/strong><\/span><\/p>\n<p>Maximilian Huhn bis 34kg(U11), Tim Pehla \u00fcber 55kg(U13)<\/p>\n<p><span style=\"color: #993366;\"><strong>Weitere L\u00fcbbener Teilnehmer<\/strong>:<\/span><\/p>\n<p>Dominique Vierling<\/p>\n<p>&nbsp;<\/p>\n<p><span style=\"color: #ff0000;\"><strong>10.05.2015&nbsp;&nbsp; Spreecup in F\u00fcrstenwalde U13\/U15 (70 Teilnehmer\/10 Vereine)<\/strong><\/span><\/p>\n<p><span style=\"color: #993366;\"><strong style=\"line-height: 1.5;\">1.Pl\u00e4tze<\/strong><\/span><\/p>\n<p>Igor Bekker bis 46kg(U13), Sarah Rudnik bis 36kg(U15)<\/p>\n<p><span style=\"color: #993366;\"><strong style=\"line-height: 1.5;\">2.Pl\u00e4tze<\/strong><\/span><\/p>\n<p>Dominique Vierling bis 40kg(U13), Max Lachmann bis 46kg(U13)<\/p>\n<p><span style=\"color: #993366;\"><strong style=\"line-height: 1.5;\">3.Pl\u00e4tze<\/strong><\/span><\/p>\n<p>Miriam Stoye bis 44kg(U15)<\/p>\n<p><span style=\"color: #ff9900;\"><strong style=\"line-height: 1.5;\">4.Platz in der Mannschaftswertung<\/strong><\/span><\/p>\n<p>&nbsp;<\/p>\n<p><span style=\"color: #ff0000;\"><strong>16.05.2015&nbsp;&nbsp; Sch\u00fclermasters der U13\/U15 in Ortrand(115 Teilnehmer 16 Vereine)<\/strong><\/span><\/p>\n<p><span style=\"color: #993366;\"><strong style=\"line-height: 1.5;\">1.Pl\u00e4tze<\/strong><\/span><\/p>\n<p>Sarah Rudnik bis 36kg(U15)<\/p>\n<p><span style=\"color: #993366;\"><strong style=\"line-height: 1.5;\">2.Pl\u00e4tze<\/strong><\/span><\/p>\n<p>Max Lachmann bis 46kg(U13), Sarah Rudnik bis 40kg(U15), Miriam Stoye bis 44kg(U15)<\/p>\n<p><span style=\"color: #993366;\"><strong style=\"line-height: 1.5;\">3.Pl\u00e4tze<\/strong><\/span><\/p>\n<p>Igor Bekker bis 45kg(U13)<\/p>\n<p><span style=\"color: #ff9900;\"><strong style=\"line-height: 1.5;\">5.Platz in der Mannschaftswertung<\/strong><\/span><\/p>\n<p>&nbsp;<\/p>\n<p><span style=\"color: #ff0000;\"><strong>30.05.2015&nbsp;&nbsp; Landeseinzelmeisterschaften der U13 in F\u00fcrstenwalde<\/strong><\/span><\/p>\n<p><span style=\"color: #993366;\"><strong style=\"line-height: 1.5;\">5.Platz<\/strong><\/span><\/p>\n<p>Igor Bekker bis 46kg<\/p>\n<p><span style=\"color: #993366;\"><strong>Weitere L\u00fcbbener Teilnehmer:<\/strong><\/span> Theo Cal, Max Lachmann<\/p>\n<p><strong>&nbsp;<\/strong><\/p>\n<p><span style=\"color: #ff0000;\"><strong>13.06.2015&nbsp;&nbsp; 20. Internationaler Tuzla-Cup<\/strong><\/span><\/p>\n<p><span style=\"color: #993366;\"><strong style=\"line-height: 1.5;\">2.Platz<\/strong><\/span><\/p>\n<p>Sarah Rudnik bis 40kg(U15)<\/p>\n<p><span style=\"color: #993366;\"><strong style=\"line-height: 1.5;\">3.Platz<\/strong><\/span><\/p>\n<p>Miriam Stoye bis 44kg(U15)<\/p>\n<p><strong>&nbsp;<\/strong><\/p>\n<p><span style=\"color: #ff0000;\"><strong>20.06.2015&nbsp;&nbsp; Bambini-Turnier in Hoppegarten<\/strong><\/span><\/p>\n<p><span style=\"color: #993366;\"><strong style=\"line-height: 1.5;\">1.Pl\u00e4tze<\/strong><\/span><\/p>\n<p>Erich B\u00f6ttcher(U9), Melissa Stoye(U11), Elisa Rudnik(U11)<\/p>\n<p><strong style=\"line-height: 1.5;\">2.Pl\u00e4tze<\/strong><\/p>\n<p>Leonhard Hampusch(U9)<\/p>\n<p><span style=\"color: #993366;\"><strong style=\"line-height: 1.5;\">3.Pl\u00e4tze<\/strong><\/span><\/p>\n<p>Philipp Schulze(U9), Erik Rechenberger(U9), Florian Ziffus(U9), Pauline Tatan(U11), Sophie Jeschke(U11), Karl Kolwitz(U11), Maximilian Huhn(U11), Pascal Kositz(U11)<\/p>\n<p>&nbsp;<\/p>\n<p><span style=\"color: #ff0000;\"><strong>21.06.2015&nbsp;&nbsp; Landeseinzelmeisterschaften der U15 in Strausberg<\/strong><\/span><\/p>\n<p><span style=\"color: #993366;\"><strong style=\"line-height: 1.5;\">3.Platz<\/strong><\/span><\/p>\n<p>Sarah Rudnik bis 40kg<\/p>\n<p><span style=\"color: #993366;\"><strong>Weitere L\u00fcbbener Teilnehmer:<\/strong> <\/span>Miriam Stoye, Fabian Kettlitz<\/p>\n<p>&nbsp;<\/p>\n<p><span style=\"color: #ff0000;\"><strong>27.06.2015&nbsp;&nbsp; Nord-Ost-Deutsche Meisterschaften der U15 in Greifswald<\/strong><\/span><\/p>\n<p><span style=\"color: #993366;\"><strong style=\"line-height: 1.5;\">3.Platz<\/strong><\/span><\/p>\n<p>Sarah Rudnik bis 40kg<\/p>\n<p>&nbsp;<\/p>\n<p><span style=\"color: #ff0000;\"><strong>05.09.2015 &nbsp; Anf\u00e4ngerturnier U7-U11 in Vetschau(60 Teilnehmer)<\/strong><\/span><\/p>\n<p><span style=\"color: #993366;\"><strong>1.<\/strong><strong style=\"line-height: 1.5;\">Pl\u00e4tze<\/strong><\/span><\/p>\n<p>Erich B\u00f6ttcher bis 30kg(U9)<\/p>\n<p><span style=\"color: #993366;\"><strong style=\"line-height: 1.5;\">2.Pl\u00e4tze<\/strong><\/span><\/p>\n<p>Leonie-Sophie Schulz bis 24,3kg(U9), Erik Rechenberger bis 26,5kg(U9),<\/p>\n<p>Julius Streicher bis 30kg(U9), &nbsp;Jonas Melcher bis 37,5kg(U9)<\/p>\n<p><span style=\"color: #993366;\"><strong style=\"line-height: 1.5;\">3.Pl\u00e4tze<\/strong><\/span><\/p>\n<p>Johanna Rechenberger bis 34kg(U9), Leonard Michler bis 26kg(U9),<\/p>\n<p>Leonhard Hampusch bis 30kg(U9), Pauline Tatan bis 30kg(U11), &nbsp;Pascal Kositz bis 34kg(U11)<\/p>\n<p>&nbsp;<\/p>\n<p><span style=\"color: #ff0000;\"><strong>12.\/13.09.2015&nbsp;&nbsp; Internationaler Mazda-Cup Potsdam(700 Teilnehmer\/57 Vereine)<\/strong><\/span><\/p>\n<p><span style=\"color: #993366;\"><strong style=\"line-height: 1.5;\">1.Pl\u00e4tze<\/strong><\/span><\/p>\n<p>Elisa Rudnik bis 30kg(U11)<\/p>\n<p><span style=\"color: #993366;\"><strong style=\"line-height: 1.5;\">2.Pl\u00e4tze<\/strong><\/span><\/p>\n<p>Miriam Stoye bis 48kg(U15)<\/p>\n<p><span style=\"color: #993366;\"><strong style=\"line-height: 1.5;\">3.Pl\u00e4tze<\/strong><\/span><\/p>\n<p>Melissa Stoye bis 26kg(U11), Sophie Jeschke bis 33kg(U11)<\/p>\n<p><span style=\"color: #993366;\"><strong style=\"line-height: 1.5;\">5.Pl\u00e4tze<\/strong><\/span><\/p>\n<p>Sarah Rudnik bis 40kg(U15)<\/p>\n<p><span style=\"color: #993366;\"><strong>Weitere L\u00fcbbener Teilnehmer:<\/strong> <\/span>Maximilian Huhn, Max Lachmann, Dominique Vierling, Igor Bekker, Felix Kahl<\/p>\n<p>&nbsp;<\/p>\n<p><span style=\"color: #ff0000;\"><strong>19.\/20.09.2015&nbsp;&nbsp; Kyoko-Pokal Peitz(280 Teilnehmer)<\/strong><\/span><\/p>\n<p><span style=\"color: #993366;\"><strong style=\"line-height: 1.5;\">1.Pl\u00e4tze<\/strong><\/span><\/p>\n<p>Elisa Rudnik bis 29kg(U11); \u201eBeste K\u00e4mpferin in de U11\u201c,<\/p>\n<p>Dominique Vierling bis 38kg(U13); \u201eBester K\u00e4mpfer in der U13\u201c,<\/p>\n<p>Igor Bekker bis 47kg(U13), Sarah Rudnik bis 40kg(U15)<\/p>\n<p><span style=\"color: #993366;\"><strong style=\"line-height: 1.5;\">2.Pl\u00e4tze<\/strong><\/span><\/p>\n<p>Florian Ziffus bis 35kg(U9), Maximilian Huhn bis 35kg(U11), Elisa Rudnik bis 30kg(U13), Miriam Stoye bis 48kg(U15)<\/p>\n<p><span style=\"color: #993366;\"><strong style=\"line-height: 1.5;\">3.Pl\u00e4tze<\/strong><\/span><\/p>\n<p>Erik Rechenberger bis 26kg(U9), Jonas Melcher bis 38kg(U9), Fabian Kettlitz bis 66kg(U15)<\/p>\n<p><span style=\"color: #993366;\"><strong>Weitere L\u00fcbbene<span style=\"color: #993366;\">r Teilnehmer:<\/span><\/strong><\/span> Julius Streicher<\/p>\n<p>&nbsp;<\/p>\n<p><strong><span style=\"color: #ff0000;\">26.09.2015&nbsp;&nbsp; 6. Pokal-Turnier Lauchhammer U9-U14<\/span><\/strong><\/p>\n<p><span style=\"color: #993366;\"><strong>1.Pl\u00e4tze<\/strong><\/span><\/p>\n<p>Erik Rechenberger bis 26,5kg(U9), Elisa Rudnik bis 32kg(U11), Sophie Jeschke bis 35kg(U11), Sarah Rudnik bis 40kg(U14), Miriam Stoye bis 48kg(U14)<\/p>\n<p><strong><span style=\"color: #993366;\">2.Pl\u00e4tze<\/span><\/strong><\/p>\n<p>Leonhard Hampusch bis 29kg(U9), Melissa Stoye bis 26kg(U11)<\/p>\n<p><span style=\"color: #993366;\"><strong>3.Pl\u00e4tze<\/strong><\/span><\/p>\n<p>Erich B\u00f6ttcher bis 30,6kg(U9), Florian Ziffus bis 33,5kg(U9), Jonas Melcher bis 38kg(U9), Matthew Wilke bis 42kg(U11), Maximilian Huhn bis 35kg(U11), Theo Cal bis 40kg(U14), Max Lachmann bis 50kg(U14)<\/p>\n<p><strong><span style=\"color: #993366;\">5.Pl\u00e4tze<\/span><\/strong><\/p>\n<p>Igor Bekker bis 50kg(U14)<\/p>\n<p><span style=\"color: #993366;\"><strong>Weitere L\u00fcbbener Teilnehmer:<\/strong><\/span> Pascal Kositz<\/p>\n<p><strong><span style=\"color: #ff6600;\">3.Platz in der Mannschaftswertung<\/span><\/strong><\/p>\n<p>&nbsp;<\/p>\n<p><span style=\"color: #ff0000;\"><strong>10.10.2015&nbsp;&nbsp; 10. Internationaler Stadtpokal F\u00fcrstenwalde<\/strong><\/span><\/p>\n<p><span style=\"color: #993366;\"><strong>1.Pl\u00e4tze<\/strong><\/span><\/p>\n<p>Sarah Rudnik bis 40kg &amp; bis 44kg(U14), Miriam Stoye bis 52kg(U14)<\/p>\n<p><strong><span style=\"color: #993366;\">2.Pl\u00e4tze<\/span><\/strong><\/p>\n<p>Igor Bekker bis 50kg(U12)<\/p>\n<p><strong><span style=\"color: #993366;\">3.Pl\u00e4tze<\/span><\/strong><\/p>\n<p>Melissa Stoye bis 30kg(U12), Max Lachmann bis 50kg(U12), Miriam Stoye bis 48kg(U14), Dominique Vierling bis 40kg(U14)<\/p>\n<p><strong><span style=\"color: #993366;\">Weitere L\u00fcbbener Teilnehmer:<\/span> <\/strong>Maximilian Huhn<\/p>\n<p>&nbsp;<\/p>\n<p><strong><span style=\"color: #ff0000;\">17.10.2015&nbsp;&nbsp; Seeturnier&nbsp; Senftenberg U7-U13(ca. 200 Teilnehmer\/27 Vereine)<\/span><\/strong><\/p>\n<p><span style=\"color: #993366;\"><strong>1.Pl\u00e4tze<\/strong><\/span><\/p>\n<p>Igor Bekker bis 50kg(U13)<\/p>\n<p><strong><span style=\"color: #993366;\">2.Pl\u00e4tze<\/span><\/strong><\/p>\n<p>Erik Rechenberger 28kg(U9), Jons Melcher bis 37kg(U9), Theo Cal bis 40kg(U13), Felix Kahl bis 46kg(U13)<\/p>\n<p><strong><span style=\"color: #993366;\">3.Pl\u00e4tze<\/span><\/strong><\/p>\n<p>Elisa Rudnik bis 30kg(U11), Sophie Jeschke bis 36kg(U11), Dominique Vierling bis 40kg(U13)<\/p>\n<p><strong><span style=\"color: #993366;\">5.Pl\u00e4tze<\/span><\/strong><\/p>\n<p>Florian Ziffus bis 34kg(U9), Maximilian Huhn bis 34kg(U11)<\/p>\n<p><strong><span style=\"color: #993366;\">Weitere L\u00fcbbener Teilnehmer:<\/span> <\/strong>Erich B\u00f6ttcher, Karl Kollwitz, Paul Pauli<\/p>\n<p>&nbsp;<\/p>\n<p><span style=\"color: #ff0000;\"><strong>07.11.2015&nbsp;&nbsp; 15. Hellmannpokal Vetschau U9\/U11\/U13(150 Teilnehmer\/15 Vereine)<\/strong><\/span><\/p>\n<p><span style=\"color: #993366;\"><strong style=\"line-height: 1.5;\">1.Pl\u00e4tze<\/strong><\/span><\/p>\n<p>Sophie Jeschke bis 36kg(U11), Maximilian Huhn bis 34kg(U11), Dominique Vierling bis 40kg(U13), Max Lachmann bis 50kg(U13)<\/p>\n<p><span style=\"color: #993366;\"><strong style=\"line-height: 1.5;\">2.Pl\u00e4tze<\/strong><\/span><\/p>\n<p>Erik Rechenberger bis 26,4kg(U9), Julius Streicher bis 28,6kg(U9), Erich B\u00f6ttcher bis 33,3 kg(U9), Melissa Stoye bis 26kg(U11), Igor Bekker bis 50kg(U13)<\/p>\n<p><span style=\"color: #993366;\"><strong style=\"line-height: 1.5;\">3.Pl\u00e4tze<\/strong><\/span><\/p>\n<p>Leonhard Hampusch bis 28,6kg(U9), Florian Ziffus bis 33,3kg(U9)<\/p>\n<p><span style=\"color: #993366;\"><strong style=\"line-height: 1.5;\">5.Pl\u00e4tze<\/strong><\/span><\/p>\n<p>Paul Pauli bis 34kg(U11), Tim Pehla \u00fcber 50kg(U13)<\/p>\n<p><span style=\"color: #993366;\"><strong>Weitere L\u00fcbbener Teilnehmer:<\/strong><\/span> Pascal Kositz, Karl Kolwitz<\/p>\n<p><strong><span style=\"color: #ff9900;\">5. Platz in der Mannschaftswertung<\/span><\/strong><\/p>\n<p>&nbsp;<\/p>\n<p><strong><span style=\"color: #ff0000;\">08.11.2015 &nbsp; Adlercup in Frankfurt am Main<\/span><\/strong><\/p>\n<p><strong><span style=\"color: #993366;\">1.Platz&nbsp;<\/span><\/strong><\/p>\n<p>Elisa Rudnik bis 30kg(U11)<\/p>\n<p><strong><span style=\"color: #993366;\">2.Platz<\/span><\/strong><\/p>\n<p>Miriam Stoye bis 52kg(U14)<\/p>\n<p><strong><span style=\"color: #993366;\">3.Platz<\/span><\/strong><\/p>\n<p>Sarah Rudnik bis 40kg(U14)<\/p>\n<p>&nbsp;<\/p>\n<p><span style=\"color: #ff0000;\"><strong>14.11.2015&nbsp;&nbsp; BTU-Cup Cottbus(197 Teilnehmer\/18 Vereine)<\/strong><\/span><\/p>\n<p><strong style=\"color: #993366; line-height: 1.5;\">1.Pl\u00e4tze<\/strong><\/p>\n<p>Elisa Rudnik bis 30kg(U11), Sarah Rudnik bis 40kg(U15), Miriam Stoye bis 52kg(U15)<\/p>\n<p>Pokal \u201eBeste Technikerin\u201c in der U15 f\u00fcr Miriam<\/p>\n<p><span style=\"color: #993366;\"><strong style=\"line-height: 1.5;\">2.Pl\u00e4tze<\/strong><\/span><\/p>\n<p>Jonas Melcher \u00fcber 37kg(U9), Sophie Jeschke bis 36kg(U11), Paul Pauli bis 34kg(U11), Dominique Vierling bis 40kg(U13), Fabian Kettlitz bis 66kg(U15)<\/p>\n<p><span style=\"color: #993366;\"><strong style=\"line-height: 1.5;\">3.Pl\u00e4tze<\/strong><\/span><\/p>\n<p>Erik Rechenberger bis 28kg(U9), Tim Pehla bis 50kg(U13), Max Lachmann bis 50kg(U13)<\/p>\n<p><span style=\"color: #993366;\"><strong style=\"line-height: 1.5;\">5.Pl\u00e4tze<\/strong><\/span><\/p>\n<p>Pauline Tatan bis 33kg(U11), Karl Kolwitz bis 34kg(U11), Igor Bekker bis 50kg(U13)<\/p>\n<p><span style=\"color: #993366;\"><strong>Weitere L\u00fcbbener Teilnehmer:<\/strong> <\/span>Leonhard Hampusch bis 31kg(U9), Maximilian Huhn bis 34kg(U11)<\/p>\n<p><strong>&nbsp;<\/strong><\/p>\n<p><span style=\"color: #ff0000;\"><strong>28.11.2015&nbsp;&nbsp; Internationaler Mammutcup U9\/U11 Spremberg(220 Teilnehmer\/28 Vereine)<\/strong><\/span><\/p>\n<p><strong style=\"color: #993366; line-height: 1.5;\">1.Pl\u00e4tze<\/strong><\/p>\n<p>Elisa Rudnik bis 30kg(U11)<\/p>\n<p><strong style=\"color: #993366; line-height: 1.5;\">3.Pl\u00e4tze<\/strong><\/p>\n<p>Julius Streicher bis 28kg(U9), Leonhard Hampusch bis 29kg(U9), Florian Ziffus bis 34kg(U9), Jonas Melcher bis 38kg(U9)<\/p>\n<p><strong style=\"color: #993366; line-height: 1.5;\">5.Pl\u00e4tze<\/strong><\/p>\n<p>Pauline Tatan bis 33kg(U11)<\/p>\n<p><span style=\"color: #993366;\"><strong>Weitere L\u00fcbbener Teilnehmer:<\/strong><\/span> Maximilian Huhn, Pascal Kositz, Paul Pauli<\/p>\n<p>&nbsp;<\/p>\n<p><span style=\"color: #ff0000;\"><strong>29.11.2015&nbsp;&nbsp; Sichtungsturnier des BJV U13\/U15 Spremberg<\/strong><\/span><\/p>\n<p><strong style=\"color: #993366; line-height: 1.5;\">1.Pl\u00e4tze<\/strong><\/p>\n<p>Sarah Rudnik bis 40kg(U15)<\/p>\n<p><strong style=\"color: #993366; line-height: 1.5;\">2.Pl\u00e4tze<\/strong><\/p>\n<p>Igor Bekker bis 50kg(U13), Fabian Kettlitz \u00fcber 66kg(U15)<\/p>\n<p><span style=\"color: #993366;\"><strong style=\"line-height: 1.5;\">3.Pl\u00e4tze<\/strong><\/span><\/p>\n<p>Tim Pehla bis 50kg(U13)<\/p>\n<p><span style=\"color: #993366;\"><strong>Weitere L\u00fcbbener Teilnehmer:<\/strong> <\/span>Dominique Vierling<\/p>\n<p>&nbsp;<\/p>\n<p><strong>&nbsp;<\/strong><\/p>\n<p>&nbsp;<\/p>\n","protected":false},"excerpt":{"rendered":"<p>15.Februar 2015 &nbsp;Stadtwerkepokal U9\/U11 in Frankfurt\/Oder&nbsp; 1.Pl\u00e4tze Elisa Rudnik bis 28kg(U11) 2.Pl\u00e4tze Melissa Stoye bis 26kg(U11) 5.Pl\u00e4tze Jan-Helmut J\u00e4schke bis 31kg(U9) Weitere L\u00fcbbener Teilnehmer: Paul Pauli, Maximilian Huhn &nbsp; 21.Februar 2015&nbsp; Anf\u00e4ngerturnier U9-U15 in Senftenberg 1.Pl\u00e4tze Erik Rechenberger(U9) 2.Pl\u00e4tze Erich B\u00f6ttcher(U9), Jan-Helmut J\u00e4schke(U9), Sophie Jeschke(U11), Malte M\u00fcller(U15) 3.Pl\u00e4tze Jonas Ripp(U9), Iven Kupsch(U9), Pascal Kositz(U11), Svenja [&hellip;]<\/p>\n","protected":false},"author":1,"featured_media":0,"parent":395,"menu_order":4,"comment_status":"closed","ping_status":"open","template":"","meta":{"_et_pb_use_builder":"","_et_pb_old_content":"","_et_gb_content_width":"","footnotes":""},"class_list":["post-7344","page","type-page","status-publish","hentry"],"_links":{"self":[{"href":"https:\/\/xn--judo-lbben-feb.de\/index.php?rest_route=\/wp\/v2\/pages\/7344","targetHints":{"allow":["GET"]}}],"collection":[{"href":"https:\/\/xn--judo-lbben-feb.de\/index.php?rest_route=\/wp\/v2\/pages"}],"about":[{"href":"https:\/\/xn--judo-lbben-feb.de\/index.php?rest_route=\/wp\/v2\/types\/page"}],"author":[{"embeddable":true,"href":"https:\/\/xn--judo-lbben-feb.de\/index.php?rest_route=\/wp\/v2\/users\/1"}],"replies":[{"embeddable":true,"href":"https:\/\/xn--judo-lbben-feb.de\/index.php?rest_route=%2Fwp%2Fv2%2Fcomments&post=7344"}],"version-history":[{"count":26,"href":"https:\/\/xn--judo-lbben-feb.de\/index.php?rest_route=\/wp\/v2\/pages\/7344\/revisions"}],"predecessor-version":[{"id":14411,"href":"https:\/\/xn--judo-lbben-feb.de\/index.php?rest_route=\/wp\/v2\/pages\/7344\/revisions\/14411"}],"up":[{"embeddable":true,"href":"https:\/\/xn--judo-lbben-feb.de\/index.php?rest_route=\/wp\/v2\/pages\/395"}],"wp:attachment":[{"href":"https:\/\/xn--judo-lbben-feb.de\/index.php?rest_route=%2Fwp%2Fv2%2Fmedia&parent=7344"}],"curies":[{"name":"wp","href":"https:\/\/api.w.org\/{rel}","templated":true}]}}