{"id":70,"date":"2012-10-25T12:08:28","date_gmt":"2012-10-25T12:08:28","guid":{"rendered":"http:\/\/xn--judo-lbben-feb.de\/?page_id=70"},"modified":"2017-10-29T22:31:40","modified_gmt":"2017-10-29T21:31:40","slug":"die-jahre-1996-bis-2005","status":"publish","type":"page","link":"https:\/\/xn--judo-lbben-feb.de\/?page_id=70","title":{"rendered":"Die Jahre 1996 bis 2005"},"content":{"rendered":"<p><strong>1996<\/strong><\/p>\n<p>5. Platz bei den Landeseinzelmeisterschaften.<br \/>\nMarvin K\u00f6nig qualifiziert sich mit einem hervorragenden 3. Platz bei den Kreisunionsmeisterschaften f\u00fcr die kommenden Landesmeisterschaften und best\u00e4tigt seine sehr guten Leistungen mit einem 5. Platz, damit er geh\u00f6rt zu den 5 Besten des Landes Brandenburg.<\/p>\n<p><strong>1996<\/strong><\/p>\n<p>Beste Mannschaftsleitung beim M\u00e4dchenturnier: Im August konnten sich unsere M\u00e4dchen unter 17 Vereinen aus Berlin, Sachsen und Brandenburg, mit hervorragenden Kampfleistungen behaupten. Sie erk\u00e4mpften sich einen 1. Platz (Franziska Nietz), einen 2. Platz (Michaela Henze) f\u00fcnf 3. Pl\u00e4tze (Vivien Boldt, Franziska Smith, Franziska Gerlach, Constanze Michler, Stephanie Staude) sowie einen 5. Platz (Diana Wagner). Dies war die beste Mannschaftsleistung unserer Judo-M\u00e4dels in den letzten Jahren.<\/p>\n<p><strong>1996<\/strong><\/p>\n<p>Judokas unterstreichen ihr K\u00f6nnen beim V. Kyoko-Pokal<br \/>\nMit \u00fcberragenden technischen Leistungen setzten sich die M\u00e4dchen und Jungen des Judovereins beim V. Kyoko-Pokal in J\u00e4nschwalde durch. Sie erringen zwei 1. Pl\u00e4tze, einen 2. Platz, vier 3. Pl\u00e4tze und drei 5. Pl\u00e4tze. Die Trainer (J\u00f6rg Rudnik, Karsten Hoffmann, Ralf Tolzmann, um einige zu nennen) ist mit den Leistungen ihrer Sch\u00fctzlinge sehr zufrieden und sieht den n\u00e4chsten Wettk\u00e4mpfen positiv entgegen.<\/p>\n<p><strong>1997<\/strong><\/p>\n<p>3. Platz bei den Landeseinzelmeisterschaften.<br \/>\nBei den Landeseinzelmeisterschaften, am 09.03.1997, erk\u00e4mpft sich Michaela Henze, in drei ihrer K\u00e4mpfe mit Ippon und mit einem knapp verlorenen Halbfinale den 3. Platz, und qualifiziert sich f\u00fcr die Nord-Ost-Deutschen Meisterschaften.<\/p>\n<p><strong>1997<\/strong><\/p>\n<p>Der Verein qualifiziert sich f\u00fcr die Deutschen Meisterschaften.<br \/>\nAuch bei den Nord-Ost-Deutschen Meisterschaften setzt Michaela Henze ihren Erfolg fort und qualifiziert sich mit einen hervorragenden 3. Platz f\u00fcr die Deutschen Meisterschaften. Michaela belegt bei den Deutschen Meisterschaften einen sehr guten 9. Platz. Der Judoverein feiert den bis hierher gr\u00f6\u00dften Erfolg in der Vereinsgeschichte.<\/p>\n<p><strong>1997<\/strong><\/p>\n<p>40 Jahre Judoverein.<br \/>\nDer Judoverein feierte, am 23.08.1997, sein 40-j\u00e4higes Bestehen und schaute dabei auf 40 Jahre erfolgreichen Kampfsport (mit allen H\u00f6hen und Tiefen) zur\u00fcck.<\/p>\n<p><strong>1997<\/strong><\/p>\n<p>Walter Weber erh\u00e4lt Ehrenurkunde.<br \/>\nIm Dezember wird Walter Weber (1. Vorsitzender des Judoverein \u201dKuzushi\u201d e.V L\u00fcbben) erstmals mit einer Ehrenurkunde vom Stadtsportbund f\u00fcr seine ma\u00dfgeblichen Verdienste, bei der Entwicklung des Sportes der Stadt L\u00fcbben, ausgezeichnet.<\/p>\n<p><strong>1998<\/strong><\/p>\n<p>Auszeichnung \u201eSportler des Jahres 1997\u201c durch Landrat.<br \/>\nBei der Sportlerumfrage des Kreissportbundes bekam unsere Michaela Henze die meisten Sympathien und wurde somit Erste bei den Sportlerin des Jahres. Mit 2519 Stimmen erhielt sie von allen Sportler(innen), im Dahme-Spreewald-Kreis, die meisten Punkte. Der Landrat Martin Wille \u00fcberreichte ihr die Urkunde pers\u00f6nlich.<\/p>\n<p><strong>1998<\/strong><\/p>\n<p>J\u00f6rg Rudnik besteht die Pr\u00fcfung zum 1. Dan.<\/p>\n<p><strong>1998<\/strong><\/p>\n<p>Walter Weber wird mit dem 3. Dan geehrt.<br \/>\nW\u00e4hrend der Jahreshauptversammlung des Brandenburgischen Judoverbandes zeichnete der Vorsitzende, Hubert Sturm, unseren Walter Weber f\u00fcr seine hervorragenden Arbeit im Nachwuchsbereich des Judosport, mit dem 3. Dan aus.<\/p>\n<p><strong>1999<\/strong><\/p>\n<p>L\u00fcbbener Judokas stehen 16-mal auf dem Treppenchen.<br \/>\nBei den Kreis-Jugend-Spielen, in K\u00f6nigswusterhausen, erk\u00e4mpfen sich von 19 Judokas 16 einen Platz auf dem Treppchen.<\/p>\n<p>1. Selbstverteidigungslehrgang.<br \/>\nAm 23. \/ 24.01 1999 findet der 1. Selbstverteidigungslehrgang in L\u00fcbben statt. Hierbei wurde die Sportart Ju-Jutsu, die dem Judo verwand ist, vorgestellt und bekannt gemacht. Die Begeisterung der Sportler war gro\u00df.<\/p>\n<p><strong>1999<\/strong><\/p>\n<p>Der Judoverein erweitert sein Trainingsangebot.<br \/>\nDie Ju-Jutsu Gruppe wird gegr\u00fcndet. Die Gr\u00fcndungsmitglieder und Trainer, Eike Musculus (1. Kyu) und Andr\u00e8 Hannemann (1. Kyu), bieten damit allen Mitgliedern sowie Kampfsport-Interessierten (sowohl m\u00e4nnlich als auch weiblich) das Erlernen einer effektiven, kompromisslosen und wirkungsvollen Selbstverteidigung auf h\u00f6chsten sportlichen Niveau. Der Judoverein erweitert damit seine Ausbildung im Bereich Selbstverteidigung in L\u00fcbben.<\/p>\n<p><strong>1999<\/strong><\/p>\n<p>Wettkampfjahr f\u00fcr die Judokas ein voller Erfolg.<br \/>\nEin wettkampfreiches und hartes Jahr geht f\u00fcr die Judokas zu Ende. Die M\u00e4dchen und Jungen standen bei den Turnieren und Meisterschaften insgesamt 74-mal auf dem Treppchen. Sie erk\u00e4mpften 23-mal einen 1 Platz, 26-mal einen 2. Platz und 25-mal einen 3. Platz. Was f\u00fcr ein Jahr!<\/p>\n<p><strong>2000<\/strong><\/p>\n<p>Der Verein starten auch im neuen Jahrtausend erfolgreich durch.<br \/>\nNeben einer herausragenden und geschlossenen Mannschaftsleistung bei dem Kampf um den Bergmannspokal, den unsere Judokas f\u00fcr sich entschieden, konnten sie bei Wettk\u00e4mpfen, wie Fr\u00fchlingspokal, Kreisunionsmeisterschaften, Landeseinzelmeisterschaften, Kyoko-Pokal, Spreewaldpokal, um einige zu nennen, insgesamt 131 Erfolge erk\u00e4mpfen. Dabei standen 45-mal Platz 1, 43-mal Platz 2 und 43-mal Platz 3 f\u00fcr den Judoverein zu Buche. Welch ein Auftakt f\u00fcr das neue Jahrtausend!<\/p>\n<p><strong>2000<\/strong><\/p>\n<p>Judokas \u00fcberzeugen mit ausgezeichnetem Mannschaftsergebnis.<br \/>\nBeim Stadtpokalturnier gingen 6 Brandenburger Vereine mit 183 Judokas an den Start. Unsere Judokas \u00fcberzeugten in spannenden K\u00e4mpfen und holten sich acht 1. Pl\u00e4tze, neun 2. Pl\u00e4tze, sechs 3. Pl\u00e4tze, zwei 4 Pl\u00e4tze und drei 5. Pl\u00e4tze.<\/p>\n<p><strong>2000<\/strong><\/p>\n<p>L\u00fcbbener Judokas gewinnen Wanderpokal.<br \/>\nUnsere M\u00e4dchen und Jungen setzten sich beim Weihnachtspokalturnier in Cottbus, neben hervorragenden Einzelleistungen (vier 1. Pl\u00e4tzen,\u00a0f\u00fcnf 2. Pl\u00e4tzen, drei 3. Pl\u00e4tzen und einen 5. Platz) auch im Mannschaftsvergleich, gegen den Favoriten Cottbus durch und gewannen so den begehrten Wanderpokal. Es war einer der gr\u00f6\u00dften Mannschaftserfolge in den letzten Jahren f\u00fcr den Verein.<\/p>\n<p><strong>2001<\/strong><\/p>\n<p>Erster Wettkampf in der neu renovierten Sporthalle.<br \/>\nAm 04.03.2001 organisiert der Judoverein den ersten Wettkampf (Stadtpokal) in der neu renovierten Halle. 5 Vereine mit ca. 100 Judokas k\u00e4mpfen um die begehrten Pl\u00e4tze 1, 2 und 3. Mit sehr guten Einzelleistungen (f\u00fcnfzehn 1. Pl\u00e4tzen, f\u00fcnf 2. Pl\u00e4tzen, neun 3. Pl\u00e4tzen und zwei 5. Pl\u00e4tzen) setzten sich unsere M\u00e4dchen und Jungen durch. Die Jungen holen sich den Mannschaftspokal und die M\u00e4dchen den Bronzenen Pokal.<\/p>\n<p><strong>2001<\/strong><\/p>\n<p>3. Platz bei den Nord-Ost-Deutschen Meisterschaften.<br \/>\nBei den Kreisunionsmeisterschaften qualifizieren sich Franz Segeth, mit dem 3. Platz, und Robert Hoffmann, mit dem 1. Platz, f\u00fcr die Landeseinzelmeisterschaften. Franz erk\u00e4mpft sich bei den Landesmeisterschaften, unter 15 K\u00e4mpfern, einen beachtlichen 5. Platz und Robert erk\u00e4mpft sich, unter 11 K\u00e4mpfern, den 2. Platz und qualifiziert sich somit f\u00fcr die Nord-Ost-Deutschen Meisterschaften. Hier unterliegt Robert nur knapp nach zwei klaren Siegen und setzt sich im kleinen Finale, als Sieger, mit dem 3. Platz durch. Damit erreicht Robert wieder eine wertvolle Platzierung f\u00fcr unseren Verein.<\/p>\n<p><strong>2002<\/strong><\/p>\n<p>Fr\u00fchlingspokal eine voller Erfolg.<br \/>\nNeben den ausgezeichneten Einzelleistungen unserer Judokas (vierzehn 1. Pl\u00e4tze, sieben 2. Pl\u00e4tze und vier 3. Pl\u00e4tze) behaupteten sich die Jungen in der Mannschaftswertung mit dem 1. Platz und die M\u00e4dchen mit dem 2. Platz.<\/p>\n<p><strong>2002<\/strong><\/p>\n<p>Der Judoverein richtet die Kreisunionsmeisterschaft aus.<br \/>\nF\u00fcr die sehr gute Vorbereitung sowie dem reibungslosen Ablauf sprach der Vorsitzende der Kreisunion 4, den Verantwortlichen und Helfern, seinen Dank aus. Die Kreisunion 4 umfasst das gesamte s\u00fcdliche Brandenburg. Unter 19 Vereinen und rund 180 Judoka setzen sich Tobias Pietsch, mit dem 3. Platz, und Marcus Nowigk, mit dem 2. Platz, durch und qualifizieren sich damit f\u00fcr die Landeseinzelmeisterschaften.<\/p>\n<table border=\"0\" width=\"1\" cellspacing=\"0\" cellpadding=\"0\">\n<tbody>\n<tr>\n<td valign=\"top\"><\/td>\n<\/tr>\n<tr>\n<td valign=\"top\"><\/td>\n<\/tr>\n<\/tbody>\n<\/table>\n","protected":false},"excerpt":{"rendered":"<p>1996 5. Platz bei den Landeseinzelmeisterschaften. Marvin K\u00f6nig qualifiziert sich mit einem hervorragenden 3. Platz bei den Kreisunionsmeisterschaften f\u00fcr die kommenden Landesmeisterschaften und best\u00e4tigt seine sehr guten Leistungen mit einem 5. Platz, damit er geh\u00f6rt zu den 5 Besten des Landes Brandenburg. 1996 Beste Mannschaftsleitung beim M\u00e4dchenturnier: Im August konnten sich unsere M\u00e4dchen unter 17 [&hellip;]<\/p>\n","protected":false},"author":1,"featured_media":0,"parent":11,"menu_order":4,"comment_status":"closed","ping_status":"open","template":"","meta":{"_et_pb_use_builder":"","_et_pb_old_content":"","_et_gb_content_width":"","footnotes":""},"class_list":["post-70","page","type-page","status-publish","hentry"],"_links":{"self":[{"href":"https:\/\/xn--judo-lbben-feb.de\/index.php?rest_route=\/wp\/v2\/pages\/70","targetHints":{"allow":["GET"]}}],"collection":[{"href":"https:\/\/xn--judo-lbben-feb.de\/index.php?rest_route=\/wp\/v2\/pages"}],"about":[{"href":"https:\/\/xn--judo-lbben-feb.de\/index.php?rest_route=\/wp\/v2\/types\/page"}],"author":[{"embeddable":true,"href":"https:\/\/xn--judo-lbben-feb.de\/index.php?rest_route=\/wp\/v2\/users\/1"}],"replies":[{"embeddable":true,"href":"https:\/\/xn--judo-lbben-feb.de\/index.php?rest_route=%2Fwp%2Fv2%2Fcomments&post=70"}],"version-history":[{"count":2,"href":"https:\/\/xn--judo-lbben-feb.de\/index.php?rest_route=\/wp\/v2\/pages\/70\/revisions"}],"predecessor-version":[{"id":12447,"href":"https:\/\/xn--judo-lbben-feb.de\/index.php?rest_route=\/wp\/v2\/pages\/70\/revisions\/12447"}],"up":[{"embeddable":true,"href":"https:\/\/xn--judo-lbben-feb.de\/index.php?rest_route=\/wp\/v2\/pages\/11"}],"wp:attachment":[{"href":"https:\/\/xn--judo-lbben-feb.de\/index.php?rest_route=%2Fwp%2Fv2%2Fmedia&parent=70"}],"curies":[{"name":"wp","href":"https:\/\/api.w.org\/{rel}","templated":true}]}}