{"id":66,"date":"2012-10-25T12:02:04","date_gmt":"2012-10-25T12:02:04","guid":{"rendered":"http:\/\/xn--judo-lbben-feb.de\/?page_id=66"},"modified":"2017-10-29T22:26:45","modified_gmt":"2017-10-29T21:26:45","slug":"die-jahre-1986-bis-1995","status":"publish","type":"page","link":"https:\/\/xn--judo-lbben-feb.de\/?page_id=66","title":{"rendered":"Die Jahre 1986 bis 1995"},"content":{"rendered":"<p><strong>1988<\/strong><\/p>\n<p>Sportfreund Friedhelm Freund kommt nach L\u00fcbben.<br \/>\nDa Walter Weber aus beruflichen Gr\u00fcnden immer weniger Zeit f\u00fcr die Trainingstage findet, teilen sich Friedhelm Freund und Walter Weber zuk\u00fcnftig die Trainingseinheiten. Friedhelm Freund begeistert mit seiner offenen Art ehemalige Judokas und bringt das Erwachsenentraining wieder auf Schwung. Somit kann sich Walter Weber wieder mehr auf die organisatorischen Dinge des Vereins konzentrieren.<\/p>\n<p><strong>1991<\/strong><\/p>\n<p>Neugr\u00fcndung des Judoverein \u201dKuzushi\u201c e.V. L\u00fcbben.<br \/>\nMit der Wende (dem Mauerfall, das Ende der DDR) musste auch der Verein neue Wege gehen. So gr\u00fcndeten Walter Weber und Friedhelm Freund gem\u00e4\u00df der neuen Satzung vom 17.01.1991 den Judoverein \u201dKuzushi\u201c e.V. L\u00fcbben und lie\u00dfen ihn offiziell beim Amtsgericht L\u00fcbben am 23.04.1991 eintragen. Der Judoverein kann nun wieder mit Zuversicht in die Zukunft sehen. Am 02.07.1991 wird der Judoverein \u201dKuzushi\u201d e.V. L\u00fcbben dann beim Landessportbund Brandenburg e.V. als Mitglied registriert.<\/p>\n<p>Wir ziehen in die Sporthalle der 1. Grundschule<br \/>\nDa die Turnhalle im Ortsteil Steinkirchen ausschlie\u00dflich durch die F\u00f6rderschule genutzt werden soll entschlie\u00dft sich der Verein in die Sporthalle der 1. Grundschule L\u00fcbben zu ziehen. Durch die Lage, direkt im Zentrum, ist es f\u00fcr viele unserer Kinder noch zentraler gelegen und leichter erreichbar.<\/p>\n<p><strong>1991<\/strong><\/p>\n<p>Erste Kraftprobe bei Kreismeisterschaften.<br \/>\n34 K\u00e4mpfer (sowohl m\u00e4nnlich als auch weiblich) gehen in L\u00fcbbenau an den Start und erk\u00e4mpfen dreizehn 1. Pl\u00e4tze, siebzehn 2. Pl\u00e4tze und vier 3. Pl\u00e4tze und bestehen somit die erste Kraftprobe nach der Neugr\u00fcndung.<\/p>\n<p><strong>1992<\/strong><\/p>\n<p>Der Judoverein z\u00e4hlt bereits um die 100 Mitglieder.<\/p>\n<p>Der Verein richtet sein 1. Spreewald-Pokalturnier aus.<\/p>\n","protected":false},"excerpt":{"rendered":"<p>1988 Sportfreund Friedhelm Freund kommt nach L\u00fcbben. Da Walter Weber aus beruflichen Gr\u00fcnden immer weniger Zeit f\u00fcr die Trainingstage findet, teilen sich Friedhelm Freund und Walter Weber zuk\u00fcnftig die Trainingseinheiten. Friedhelm Freund begeistert mit seiner offenen Art ehemalige Judokas und bringt das Erwachsenentraining wieder auf Schwung. Somit kann sich Walter Weber wieder mehr auf die [&hellip;]<\/p>\n","protected":false},"author":1,"featured_media":0,"parent":11,"menu_order":3,"comment_status":"closed","ping_status":"open","template":"","meta":{"_et_pb_use_builder":"","_et_pb_old_content":"","_et_gb_content_width":"","footnotes":""},"class_list":["post-66","page","type-page","status-publish","hentry"],"_links":{"self":[{"href":"https:\/\/xn--judo-lbben-feb.de\/index.php?rest_route=\/wp\/v2\/pages\/66","targetHints":{"allow":["GET"]}}],"collection":[{"href":"https:\/\/xn--judo-lbben-feb.de\/index.php?rest_route=\/wp\/v2\/pages"}],"about":[{"href":"https:\/\/xn--judo-lbben-feb.de\/index.php?rest_route=\/wp\/v2\/types\/page"}],"author":[{"embeddable":true,"href":"https:\/\/xn--judo-lbben-feb.de\/index.php?rest_route=\/wp\/v2\/users\/1"}],"replies":[{"embeddable":true,"href":"https:\/\/xn--judo-lbben-feb.de\/index.php?rest_route=%2Fwp%2Fv2%2Fcomments&post=66"}],"version-history":[{"count":3,"href":"https:\/\/xn--judo-lbben-feb.de\/index.php?rest_route=\/wp\/v2\/pages\/66\/revisions"}],"predecessor-version":[{"id":12445,"href":"https:\/\/xn--judo-lbben-feb.de\/index.php?rest_route=\/wp\/v2\/pages\/66\/revisions\/12445"}],"up":[{"embeddable":true,"href":"https:\/\/xn--judo-lbben-feb.de\/index.php?rest_route=\/wp\/v2\/pages\/11"}],"wp:attachment":[{"href":"https:\/\/xn--judo-lbben-feb.de\/index.php?rest_route=%2Fwp%2Fv2%2Fmedia&parent=66"}],"curies":[{"name":"wp","href":"https:\/\/api.w.org\/{rel}","templated":true}]}}