{"id":48,"date":"2012-10-25T11:38:11","date_gmt":"2012-10-25T11:38:11","guid":{"rendered":"http:\/\/xn--judo-lbben-feb.de\/?page_id=48"},"modified":"2017-10-29T22:22:45","modified_gmt":"2017-10-29T21:22:45","slug":"1956-bis-1965","status":"publish","type":"page","link":"https:\/\/xn--judo-lbben-feb.de\/?page_id=48","title":{"rendered":"Die Jahre 1956 bis 1965"},"content":{"rendered":"<p>Damals und Heute!!!<\/p>\n<p>Bevor ihr euch auf eine Zeitreise durch unsere Vereinsgeschichte begebt\u00a0\u00a0m\u00f6chten wir noch ein paar allgemeine S\u00e4tze dazu los werden. Die Reise in die Geschichte unseres Vereins soll erinnern und zeigen, wie sportbegeisterte Idealisten, sowohl damals als auch heute, mit 100%-igem Einsatz ihrer Person, ihres K\u00f6nnens und ihrer Freizeit bereit waren und sind, das Vereinsleben aufrecht zu erhalten und stets voranzutreiben. Dabei ist nicht nur den Verantwortlichen des Vereins (Vorstand, Trainer, K\u00e4mpfer) sondern auch den vielen aktiven Helfern hinter den Kulissen (Eltern, Gro\u00dfeltern, Sponsoren) zu danken, die einen wesentlichen Anteil daran tragen, dass Grundgedanken wie &#8211; Sport h\u00e4lt fit, st\u00e4rkt K\u00f6rper und Geist &#8211; \/ &#8211; Sport vermittelt Werte der Gemeinschaft und Verantwortung &#8211; \/ &#8211; Sport pr\u00e4gt Ausdauer und Willensst\u00e4rke und &#8211; Sport wirkt sich positiv auf das gesamte Leben aus &#8211; nie verloren gehen und somit immer wieder an die n\u00e4chste Generation weitergegeben werden.<\/p>\n<p>Der Judoverein \u201cSG Dynamo L\u00fcbben\u201d Sektion Judo wird 1957 unter Leitung von Werner Richter gegr\u00fcndet. Werner Richter beabsichtigte damit, die asiatischen Kampfkunst \u201eJudo\u201c in L\u00fcbben neben anderen Sportarten\u00a0(Fu\u00dfball, Radsport, Boxen , etc.) zu etablieren, welches auch bis heute gelang. Im Verlaufe der 60er &#8211; und 70er Jahre nahm die Mitgliederzahl des Judovereins relativ kontinuierlich zu, die in den 80igern bis heute fortgesetzt werden konnte. Dies ist vor allem der engagierten Arbeit des Vorstandes, der Trainer und \u00dcbungsleiter sowie einer guten \u00d6ffentlichkeitsarbeit und den vielen Wettkampferfolgen der Judokas (Kreis-\/Bezirksmeisterschaften, Pokalen , etc.) zu verdanken. Diese Arbeit trug nat\u00fcrlich ihre Fr\u00fcchte. In den 70er &#8211; bis hin zu den 80er Jahren behaupteten sich die Judokas des Polizeisportvereins \u201cSG Dynamo L\u00fcbben\u201d Sektion Judo (heute \u201dKuzushi\u201d e.V. L\u00fcbben) immer wieder in den verschiedenen Wettkampfturnieren nicht nur im Bezirk Cottbus, sondern auch au\u00dferhalb des Bezirkes, d.h. im heutigen Brandenburg. Auch in den 90er Jahren bis heute unterstreicht der Judoverein \u201dKuzushi\u201d e.V. L\u00fcbben (ehemals Polizeisportverein \u201dSG Dynamo L\u00fcbben\u201c Sektion Judo) auch weiterhin seine technischen und k\u00e4mpferischen Qualit\u00e4ten mit kontinuierlichen Erfolgen, wie 1. bis 5. Pl\u00e4tze bei den j\u00e4hrlich stattfindenden Turnieren und Meisterschaften (Kreisunions- \/Landeseinzelmeisterschaften, Turnieren, etc.), und erarbeitet sich damit bis heute einen guten Namen im Judo-Sport. So zum Beispiel erreichten unsere Judokas 1992 bei 27 Turnieren 138 Platzierungen, wobei sie bei zwei internationalen Turnieren zwei 1. Pl\u00e4tze, zwei 2. Pl\u00e4tze und sechs 3. Pl\u00e4tze erk\u00e4mpften. 1999 wird die Abteilung Ju-Jutsu gegr\u00fcndet.<\/p>\n<p>Die Best\u00e4tigung f\u00fcr die zur\u00fcckliegenden Erfolge des Vereins folgt nach dem Jahrtausendwechsel mit weiteren Einladungen zu Wettkampfveranstaltung (Fr\u00fchlings-\/Herbst- \/Weihnachts- \/Bergmannspokal), bei denen viele Vereine aus Brandenburg und Berlin vertreten sind. Damit hat der Judo-Sport seine Anh\u00e4nger in L\u00fcbben gefunden und bis heute behalten. Nat\u00fcrlich konnten wir hier nicht alle Details unserer Chronik festhalten und auch nicht alle Aktiven und Helfer namentlich benennen. Deshalb haben wir uns f\u00fcr die interessantesten und wichtigsten Meilensteine entschieden.<\/p>\n<p><strong>1956<\/strong><\/p>\n<p>Hier beginnt die Geschichte unseres Judovereines<br \/>\nDamals fanden sich die ersten Judointeressierten Sportfreunde, unter Anleitung von Werner Richter, zur Aus\u00fcbung der noch recht unbekannten Sportart zusammen.<\/p>\n<p><strong>1957<\/strong><\/p>\n<p>Gr\u00fcndung des Polizeisportvereins \u201cSG Dynamo L\u00fcbben\u201d, Sektion Judo.<br \/>\nDer Gr\u00fcndungsvater Werner Richter beabsichtigte, der asiatischen Kampfkunst \u201dJudo\u201c in L\u00fcbben einen angemessenen sportlichen und gesellschaftlichen Stellenwert, neben bereits etablierten Sportarten wie Fu\u00dfball, Radsport, Boxen u.v.m. zukommen zu lassen, was auch mit harter Arbeit, Ausdauer und Engagement bis heute gelang.<\/p>\n<p><strong>1956 &#8211; 1960<\/strong><\/p>\n<p>Hier geh\u00f6rten zu den wichtigsten Aktiven neben Werner Richter u.a. die Sportsfreunde Herr Oetling, Herr Hoffmann, Herr G. Schwarz, Herr H. Schwarz, Fr\u00e4ulein Harm (nach ihrer Heirat Frau Neumann), Herr Starick, Herr Rudolph, Herr Wacke, Herr Gr\u00f6ck und noch viele andere.<\/p>\n<p><strong>1961<\/strong><\/p>\n<p>Medaillen bei DDR-Meisterschaften werden errungen. Der Sportsfreund Starick erk\u00e4mpft neben dem 2. Platz bei der DDR-Meisterschaft 1961 noch viermal den Bezirksmeistertitel f\u00fcr den Judoverein L\u00fcbben.<\/p>\n<p><strong>1960 &#8211; 1965<\/strong><\/p>\n<p>Der\u00a0L\u00fcbbener Judo-Sport setzt starke Impulse im Bezirk Cottbus.<br \/>\nIn dieser Zeit gehen von L\u00fcbben, auf dem Gebiet des Judo-Sportes, starke Impulse auf den gesamten, damaligen Bezirk Cottbus aus. Der Judoverein entschlie\u00dft sich den Schwerpunkt der Vereinsaktivit\u00e4ten noch mehr auf die Jugendarbeit zu legen, was sich in den n\u00e4chsten Jahren auszahlen sollte.<\/p>\n<p><strong>1964<\/strong><\/p>\n<p>Werner Richter erh\u00e4lt als erster L\u00fcbbener den 1. Dan.<br \/>\nNeben seinem 1. Dan besa\u00df Werner Richter und der Sportsfreund Schwarz die DDR-Kampfrichterlizenz und waren auch in diesem Rahmen t\u00e4tig.<\/p>\n<table border=\"0\" width=\"1\" cellspacing=\"0\" cellpadding=\"0\">\n<tbody>\n<tr>\n<td valign=\"top\"><\/td>\n<td><\/td>\n<\/tr>\n<\/tbody>\n<\/table>\n","protected":false},"excerpt":{"rendered":"<p>Damals und Heute!!! Bevor ihr euch auf eine Zeitreise durch unsere Vereinsgeschichte begebt\u00a0\u00a0m\u00f6chten wir noch ein paar allgemeine S\u00e4tze dazu los werden. Die Reise in die Geschichte unseres Vereins soll erinnern und zeigen, wie sportbegeisterte Idealisten, sowohl damals als auch heute, mit 100%-igem Einsatz ihrer Person, ihres K\u00f6nnens und ihrer Freizeit bereit waren und sind, [&hellip;]<\/p>\n","protected":false},"author":1,"featured_media":0,"parent":11,"menu_order":0,"comment_status":"closed","ping_status":"open","template":"","meta":{"_et_pb_use_builder":"","_et_pb_old_content":"","_et_gb_content_width":"","footnotes":""},"class_list":["post-48","page","type-page","status-publish","hentry"],"_links":{"self":[{"href":"https:\/\/xn--judo-lbben-feb.de\/index.php?rest_route=\/wp\/v2\/pages\/48","targetHints":{"allow":["GET"]}}],"collection":[{"href":"https:\/\/xn--judo-lbben-feb.de\/index.php?rest_route=\/wp\/v2\/pages"}],"about":[{"href":"https:\/\/xn--judo-lbben-feb.de\/index.php?rest_route=\/wp\/v2\/types\/page"}],"author":[{"embeddable":true,"href":"https:\/\/xn--judo-lbben-feb.de\/index.php?rest_route=\/wp\/v2\/users\/1"}],"replies":[{"embeddable":true,"href":"https:\/\/xn--judo-lbben-feb.de\/index.php?rest_route=%2Fwp%2Fv2%2Fcomments&post=48"}],"version-history":[{"count":2,"href":"https:\/\/xn--judo-lbben-feb.de\/index.php?rest_route=\/wp\/v2\/pages\/48\/revisions"}],"predecessor-version":[{"id":12443,"href":"https:\/\/xn--judo-lbben-feb.de\/index.php?rest_route=\/wp\/v2\/pages\/48\/revisions\/12443"}],"up":[{"embeddable":true,"href":"https:\/\/xn--judo-lbben-feb.de\/index.php?rest_route=\/wp\/v2\/pages\/11"}],"wp:attachment":[{"href":"https:\/\/xn--judo-lbben-feb.de\/index.php?rest_route=%2Fwp%2Fv2%2Fmedia&parent=48"}],"curies":[{"name":"wp","href":"https:\/\/api.w.org\/{rel}","templated":true}]}}