{"id":424,"date":"2012-11-02T12:10:28","date_gmt":"2012-11-02T12:10:28","guid":{"rendered":"http:\/\/xn--judo-lbben-feb.de\/?page_id=424"},"modified":"2023-03-12T10:33:47","modified_gmt":"2023-03-12T09:33:47","slug":"2011-2","status":"publish","type":"page","link":"https:\/\/xn--judo-lbben-feb.de\/?page_id=424","title":{"rendered":"2011"},"content":{"rendered":"<p style=\"text-align: center;\"><strong>Rang 3 beim Spreewaldpokal f\u00fcr Kuzushi L\u00fcbben<\/strong><\/p>\n<p>Artikel LR<\/p>\n<p style=\"text-align: center;\"><a href=\"https:\/\/xn--judo-lbben-feb.de\/wp-content\/uploads\/2012\/11\/Spreewaldpokal-M\u00e4rz-2011-.jpeg\"><img loading=\"lazy\" decoding=\"async\" class=\"alignnone wp-image-12578 size-thumbnail\" src=\"https:\/\/xn--judo-lbben-feb.de\/wp-content\/uploads\/2012\/11\/Spreewaldpokal-M\u00e4rz-2011--e1510474035679-150x150.jpeg\" alt=\"\" width=\"150\" height=\"150\" srcset=\"https:\/\/xn--judo-lbben-feb.de\/wp-content\/uploads\/2012\/11\/Spreewaldpokal-M\u00e4rz-2011--e1510474035679-150x150.jpeg 150w, https:\/\/xn--judo-lbben-feb.de\/wp-content\/uploads\/2012\/11\/Spreewaldpokal-M\u00e4rz-2011--e1510474035679-500x500.jpeg 500w, https:\/\/xn--judo-lbben-feb.de\/wp-content\/uploads\/2012\/11\/Spreewaldpokal-M\u00e4rz-2011--e1510474035679-400x400.jpeg 400w, https:\/\/xn--judo-lbben-feb.de\/wp-content\/uploads\/2012\/11\/Spreewaldpokal-M\u00e4rz-2011--e1510474035679-80x80.jpeg 80w, https:\/\/xn--judo-lbben-feb.de\/wp-content\/uploads\/2012\/11\/Spreewaldpokal-M\u00e4rz-2011--e1510474035679-200x200.jpeg 200w\" sizes=\"auto, (max-width: 150px) 100vw, 150px\" \/><\/a><\/p>\n<p style=\"text-align: center;\"><strong>Jahresabschlu\u00df<\/strong><\/p>\n<p style=\"text-align: center;\"><a href=\"https:\/\/xn--judo-lbben-feb.de\/wp-content\/uploads\/2012\/11\/Jahreabschlu\u00df-2011-.jpeg\"><img loading=\"lazy\" decoding=\"async\" class=\"alignnone size-thumbnail wp-image-12580\" src=\"https:\/\/xn--judo-lbben-feb.de\/wp-content\/uploads\/2012\/11\/Jahreabschlu\u00df-2011--150x150.jpeg\" alt=\"\" width=\"150\" height=\"150\" srcset=\"https:\/\/xn--judo-lbben-feb.de\/wp-content\/uploads\/2012\/11\/Jahreabschlu\u00df-2011--150x150.jpeg 150w, https:\/\/xn--judo-lbben-feb.de\/wp-content\/uploads\/2012\/11\/Jahreabschlu\u00df-2011--500x500.jpeg 500w, https:\/\/xn--judo-lbben-feb.de\/wp-content\/uploads\/2012\/11\/Jahreabschlu\u00df-2011--400x400.jpeg 400w, https:\/\/xn--judo-lbben-feb.de\/wp-content\/uploads\/2012\/11\/Jahreabschlu\u00df-2011--80x80.jpeg 80w, https:\/\/xn--judo-lbben-feb.de\/wp-content\/uploads\/2012\/11\/Jahreabschlu\u00df-2011--200x200.jpeg 200w\" sizes=\"auto, (max-width: 150px) 100vw, 150px\" \/><\/a><\/p>\n","protected":false},"excerpt":{"rendered":"<p>Rang 3 beim Spreewaldpokal f\u00fcr Kuzushi L\u00fcbben Artikel LR Jahresabschlu\u00df<\/p>\n","protected":false},"author":1,"featured_media":0,"parent":9403,"menu_order":3,"comment_status":"closed","ping_status":"open","template":"","meta":{"_et_pb_use_builder":"","_et_pb_old_content":"","_et_gb_content_width":"","footnotes":""},"class_list":["post-424","page","type-page","status-publish","hentry"],"_links":{"self":[{"href":"https:\/\/xn--judo-lbben-feb.de\/index.php?rest_route=\/wp\/v2\/pages\/424","targetHints":{"allow":["GET"]}}],"collection":[{"href":"https:\/\/xn--judo-lbben-feb.de\/index.php?rest_route=\/wp\/v2\/pages"}],"about":[{"href":"https:\/\/xn--judo-lbben-feb.de\/index.php?rest_route=\/wp\/v2\/types\/page"}],"author":[{"embeddable":true,"href":"https:\/\/xn--judo-lbben-feb.de\/index.php?rest_route=\/wp\/v2\/users\/1"}],"replies":[{"embeddable":true,"href":"https:\/\/xn--judo-lbben-feb.de\/index.php?rest_route=%2Fwp%2Fv2%2Fcomments&post=424"}],"version-history":[{"count":3,"href":"https:\/\/xn--judo-lbben-feb.de\/index.php?rest_route=\/wp\/v2\/pages\/424\/revisions"}],"predecessor-version":[{"id":12581,"href":"https:\/\/xn--judo-lbben-feb.de\/index.php?rest_route=\/wp\/v2\/pages\/424\/revisions\/12581"}],"up":[{"embeddable":true,"href":"https:\/\/xn--judo-lbben-feb.de\/index.php?rest_route=\/wp\/v2\/pages\/9403"}],"wp:attachment":[{"href":"https:\/\/xn--judo-lbben-feb.de\/index.php?rest_route=%2Fwp%2Fv2%2Fmedia&parent=424"}],"curies":[{"name":"wp","href":"https:\/\/api.w.org\/{rel}","templated":true}]}}