{"id":422,"date":"2012-11-02T12:10:14","date_gmt":"2012-11-02T12:10:14","guid":{"rendered":"http:\/\/xn--judo-lbben-feb.de\/?page_id=422"},"modified":"2023-03-12T10:33:07","modified_gmt":"2023-03-12T09:33:07","slug":"2010-2","status":"publish","type":"page","link":"https:\/\/xn--judo-lbben-feb.de\/?page_id=422","title":{"rendered":"2010"},"content":{"rendered":"<p style=\"text-align: center;\"><strong>Judokas ziehen positive Bilanz<\/strong><\/p>\n<p>Lausitzer Rundschau M\u00e4rz:<\/p>\n<p style=\"text-align: center;\"><a href=\"https:\/\/xn--judo-lbben-feb.de\/wp-content\/uploads\/2012\/11\/Judokas-ziehen-positive-Bilanz-M\u00e4rz-2010-.jpeg\"><img loading=\"lazy\" decoding=\"async\" class=\"alignnone size-thumbnail wp-image-12573\" src=\"https:\/\/xn--judo-lbben-feb.de\/wp-content\/uploads\/2012\/11\/Judokas-ziehen-positive-Bilanz-M\u00e4rz-2010--150x150.jpeg\" alt=\"\" width=\"150\" height=\"150\" srcset=\"https:\/\/xn--judo-lbben-feb.de\/wp-content\/uploads\/2012\/11\/Judokas-ziehen-positive-Bilanz-M\u00e4rz-2010--150x150.jpeg 150w, https:\/\/xn--judo-lbben-feb.de\/wp-content\/uploads\/2012\/11\/Judokas-ziehen-positive-Bilanz-M\u00e4rz-2010--500x500.jpeg 500w, https:\/\/xn--judo-lbben-feb.de\/wp-content\/uploads\/2012\/11\/Judokas-ziehen-positive-Bilanz-M\u00e4rz-2010--400x400.jpeg 400w, https:\/\/xn--judo-lbben-feb.de\/wp-content\/uploads\/2012\/11\/Judokas-ziehen-positive-Bilanz-M\u00e4rz-2010--80x80.jpeg 80w, https:\/\/xn--judo-lbben-feb.de\/wp-content\/uploads\/2012\/11\/Judokas-ziehen-positive-Bilanz-M\u00e4rz-2010--200x200.jpeg 200w\" sizes=\"auto, (max-width: 150px) 100vw, 150px\" \/><\/a><\/p>\n<p>&nbsp;<\/p>\n<p style=\"text-align: center;\"><strong>Immer mehr M\u00e4dchen trainieren Judo in L\u00fcbben<\/strong><\/p>\n<p style=\"text-align: left;\">Lausitzer Rundschau 05. M\u00e4rz:<a href=\"https:\/\/xn--judo-lbben-feb.de\/wp-content\/uploads\/2012\/11\/5.03.2010-Lausitzer-Rundschau0001-.jpg\"><img loading=\"lazy\" decoding=\"async\" class=\"size-medium wp-image-618 aligncenter\" title=\"5.03.2010 Lausitzer Rundschau0001\" src=\"https:\/\/xn--judo-lbben-feb.de\/wp-content\/uploads\/2012\/11\/5.03.2010-Lausitzer-Rundschau0001--300x217.jpg\" alt=\"\" width=\"300\" height=\"217\" \/><\/a><\/p>\n<p style=\"text-align: center;\"><strong>L\u00fcbbener Judokas legen erfolgreich G\u00fcrtelpr\u00fcfung ab<\/strong><\/p>\n<p style=\"text-align: left;\">Lausitzer Rundschau 11. M\u00e4rz:<a href=\"https:\/\/xn--judo-lbben-feb.de\/wp-content\/uploads\/2012\/11\/11.03.2010-Lausitzer-Rundschau0001-.jpg\"><img loading=\"lazy\" decoding=\"async\" class=\"size-medium wp-image-619 aligncenter\" title=\"11.03.2010 Lausitzer Rundschau0001\" src=\"https:\/\/xn--judo-lbben-feb.de\/wp-content\/uploads\/2012\/11\/11.03.2010-Lausitzer-Rundschau0001--140x300.jpg\" alt=\"\" width=\"140\" height=\"300\" \/><\/a><\/p>\n<p style=\"text-align: center;\"><strong>K\u00e4mpfe auf der Matte<\/strong><\/p>\n<p style=\"text-align: left;\">Blickpunkt M\u00e4rz:<\/p>\n<p style=\"text-align: center;\"><a href=\"https:\/\/xn--judo-lbben-feb.de\/wp-content\/uploads\/2012\/11\/K\u00e4mpfe-auf-der-Matte-M\u00e4rz-2010-.jpeg\"><img loading=\"lazy\" decoding=\"async\" class=\"alignnone size-thumbnail wp-image-12575\" src=\"https:\/\/xn--judo-lbben-feb.de\/wp-content\/uploads\/2012\/11\/K\u00e4mpfe-auf-der-Matte-M\u00e4rz-2010--150x150.jpeg\" alt=\"\" width=\"150\" height=\"150\" srcset=\"https:\/\/xn--judo-lbben-feb.de\/wp-content\/uploads\/2012\/11\/K\u00e4mpfe-auf-der-Matte-M\u00e4rz-2010--150x150.jpeg 150w, https:\/\/xn--judo-lbben-feb.de\/wp-content\/uploads\/2012\/11\/K\u00e4mpfe-auf-der-Matte-M\u00e4rz-2010--300x297.jpeg 300w, https:\/\/xn--judo-lbben-feb.de\/wp-content\/uploads\/2012\/11\/K\u00e4mpfe-auf-der-Matte-M\u00e4rz-2010--768x761.jpeg 768w, https:\/\/xn--judo-lbben-feb.de\/wp-content\/uploads\/2012\/11\/K\u00e4mpfe-auf-der-Matte-M\u00e4rz-2010-.jpeg 1024w, https:\/\/xn--judo-lbben-feb.de\/wp-content\/uploads\/2012\/11\/K\u00e4mpfe-auf-der-Matte-M\u00e4rz-2010--500x500.jpeg 500w, https:\/\/xn--judo-lbben-feb.de\/wp-content\/uploads\/2012\/11\/K\u00e4mpfe-auf-der-Matte-M\u00e4rz-2010--400x400.jpeg 400w, https:\/\/xn--judo-lbben-feb.de\/wp-content\/uploads\/2012\/11\/K\u00e4mpfe-auf-der-Matte-M\u00e4rz-2010--80x80.jpeg 80w, https:\/\/xn--judo-lbben-feb.de\/wp-content\/uploads\/2012\/11\/K\u00e4mpfe-auf-der-Matte-M\u00e4rz-2010--200x200.jpeg 200w\" sizes=\"auto, (max-width: 150px) 100vw, 150px\" \/><\/a><\/p>\n<p style=\"text-align: center;\"><strong>Spreewaldpokal<\/strong><\/p>\n<p>Lausitzer Rundschau M\u00e4rz:<\/p>\n<p style=\"text-align: center;\"><a href=\"https:\/\/xn--judo-lbben-feb.de\/wp-content\/uploads\/2012\/11\/Spreewaldpokal-M\u00e4rz-2010-LR-.jpeg\"><img loading=\"lazy\" decoding=\"async\" class=\"alignnone size-thumbnail wp-image-12576\" src=\"https:\/\/xn--judo-lbben-feb.de\/wp-content\/uploads\/2012\/11\/Spreewaldpokal-M\u00e4rz-2010-LR--150x150.jpeg\" alt=\"\" width=\"150\" height=\"150\" srcset=\"https:\/\/xn--judo-lbben-feb.de\/wp-content\/uploads\/2012\/11\/Spreewaldpokal-M\u00e4rz-2010-LR--150x150.jpeg 150w, https:\/\/xn--judo-lbben-feb.de\/wp-content\/uploads\/2012\/11\/Spreewaldpokal-M\u00e4rz-2010-LR--500x500.jpeg 500w, https:\/\/xn--judo-lbben-feb.de\/wp-content\/uploads\/2012\/11\/Spreewaldpokal-M\u00e4rz-2010-LR--400x400.jpeg 400w, https:\/\/xn--judo-lbben-feb.de\/wp-content\/uploads\/2012\/11\/Spreewaldpokal-M\u00e4rz-2010-LR--80x80.jpeg 80w, https:\/\/xn--judo-lbben-feb.de\/wp-content\/uploads\/2012\/11\/Spreewaldpokal-M\u00e4rz-2010-LR--200x200.jpeg 200w\" sizes=\"auto, (max-width: 150px) 100vw, 150px\" \/><\/a><\/p>\n","protected":false},"excerpt":{"rendered":"<p>Judokas ziehen positive Bilanz Lausitzer Rundschau M\u00e4rz: &nbsp; Immer mehr M\u00e4dchen trainieren Judo in L\u00fcbben Lausitzer Rundschau 05. M\u00e4rz: L\u00fcbbener Judokas legen erfolgreich G\u00fcrtelpr\u00fcfung ab Lausitzer Rundschau 11. M\u00e4rz: K\u00e4mpfe auf der Matte Blickpunkt M\u00e4rz: Spreewaldpokal Lausitzer Rundschau M\u00e4rz:<\/p>\n","protected":false},"author":1,"featured_media":0,"parent":9403,"menu_order":2,"comment_status":"closed","ping_status":"open","template":"","meta":{"_et_pb_use_builder":"","_et_pb_old_content":"","_et_gb_content_width":"","footnotes":""},"class_list":["post-422","page","type-page","status-publish","hentry"],"_links":{"self":[{"href":"https:\/\/xn--judo-lbben-feb.de\/index.php?rest_route=\/wp\/v2\/pages\/422","targetHints":{"allow":["GET"]}}],"collection":[{"href":"https:\/\/xn--judo-lbben-feb.de\/index.php?rest_route=\/wp\/v2\/pages"}],"about":[{"href":"https:\/\/xn--judo-lbben-feb.de\/index.php?rest_route=\/wp\/v2\/types\/page"}],"author":[{"embeddable":true,"href":"https:\/\/xn--judo-lbben-feb.de\/index.php?rest_route=\/wp\/v2\/users\/1"}],"replies":[{"embeddable":true,"href":"https:\/\/xn--judo-lbben-feb.de\/index.php?rest_route=%2Fwp%2Fv2%2Fcomments&post=422"}],"version-history":[{"count":3,"href":"https:\/\/xn--judo-lbben-feb.de\/index.php?rest_route=\/wp\/v2\/pages\/422\/revisions"}],"predecessor-version":[{"id":12577,"href":"https:\/\/xn--judo-lbben-feb.de\/index.php?rest_route=\/wp\/v2\/pages\/422\/revisions\/12577"}],"up":[{"embeddable":true,"href":"https:\/\/xn--judo-lbben-feb.de\/index.php?rest_route=\/wp\/v2\/pages\/9403"}],"wp:attachment":[{"href":"https:\/\/xn--judo-lbben-feb.de\/index.php?rest_route=%2Fwp%2Fv2%2Fmedia&parent=422"}],"curies":[{"name":"wp","href":"https:\/\/api.w.org\/{rel}","templated":true}]}}