{"id":395,"date":"2012-11-02T11:10:45","date_gmt":"2012-11-02T11:10:45","guid":{"rendered":"http:\/\/xn--judo-lbben-feb.de\/?page_id=395"},"modified":"2012-11-02T11:10:45","modified_gmt":"2012-11-02T11:10:45","slug":"wettkampfergebnisse-2012","status":"publish","type":"page","link":"https:\/\/xn--judo-lbben-feb.de\/?page_id=395","title":{"rendered":"Wettkampfergebnisse"},"content":{"rendered":"<p><strong>Weihnachtspokalturnier in K\u00f6nigs Wusterhausen 8.\/9.12.2012<\/strong><\/p>\n<p><strong>1. Pl\u00e4tze<\/strong><\/p>\n<p>Elisa Rudnik bis 23kg(U8), Maximilian Huhn bis 26kg(U8), Matthew Wilke bis 33kg(U8), Igor Bekker bis 36kg(U9),<\/p>\n<p>Jakob Liesegang bis 73kg(U17)<\/p>\n<p><strong>2. Pl\u00e4tze<\/strong><\/p>\n<p>Dylan Knorrn bis 27,5kg(U9)<\/p>\n<p><strong>3. Pl\u00e4tze<\/strong><\/p>\n<p>Melissa Stoye bis 20kg(U8), Felix Kahl bis 32,1kg(U9), Miriam Stoye bis 30kg(U12), Angelina Wilke bis 48kg(U12),<\/p>\n<p>Lucian Roscheck \u00fcber 46kg(U12)<\/p>\n<p><strong>5. Platz<\/strong><\/p>\n<p>Paul Nitsch bis 73kg(U17)<\/p>\n<p><strong>Weitere L\u00fcbbener K\u00e4mpfer<\/strong><\/p>\n<p>Anne Schade, Fabian Kettlitz, Florian B\u00f6ttcher<\/p>\n<p>&nbsp;<\/p>\n<p><strong>BTU Cup Cottbus 17.11.2012<\/strong><\/p>\n<p><strong>1. Platz<\/strong><\/p>\n<p>Elisa Rudnik U9 bis 24 kg<\/p>\n<p><strong>2. Pl\u00e4tze<\/strong><\/p>\n<p>Max Lachmann U9 bis 34 kg, Igor Bekker U9 bis 37 kg, Lucian Roschek U13 bis 50 kg, Miriam Stoye U11 bis 30 kg<\/p>\n<p><strong>3. Pl\u00e4tze<\/strong><\/p>\n<p>Maximilian Huhn U9 bis 26 kg,\u00a0 Angelina Wilke U13 bis 48 kg, Melissa Stoye U9 bis 24 kg<\/p>\n<p><strong>5. Pl\u00e4tze<\/strong><\/p>\n<p>Lea Altmann U11 bis 33 kg<\/p>\n<p>weitere L\u00fcbbener K\u00e4mpfer<\/p>\n<p>Matthew Wilke<\/p>\n<p>&nbsp;<\/p>\n<p><strong>12. Hellmannpokal Vetschau 10.\/11.11.2012<\/strong><\/p>\n<p><strong>1.Pl\u00e4tze<\/strong><\/p>\n<p>Elisa Rudnik bis 27kg(U8), Maximilian Huhn bis 27kg(U8), Igor Bekker bis 34kg(U10), Miriam Stoye bis 30kg(U12), Angelina Wilke bis 48kg(U12), Lucian Roscheck bis 50kg(U12)<\/p>\n<p><strong>2. Pl\u00e4tze<\/strong><\/p>\n<p>Elise P\u00f6schla bis 33kg(U10), Max Lachmann bis 34kg(U10)<\/p>\n<p><strong>3. Pl\u00e4tze<\/strong><\/p>\n<p>Matthew Wilke 33kg(U8), Anne Schade bis 30kg(U12), Florian B\u00f6ttcher bis 66kg(U17)<\/p>\n<p><strong>5. Platz<\/strong><\/p>\n<p>Jakob Liesegang bis 73kg(U17)<\/p>\n<p><strong>&lt;&lt;&lt;3. Platz in der Mannschaftswertung am Sonntag (U8 bis U12)!!!!!!!!!!!!&gt;&gt;&gt;<\/strong><\/p>\n<p>&nbsp;<\/p>\n<p><strong>Internationales Spreewaldpokalturnier in Cottbus 27.10.2012<\/strong><\/p>\n<p><strong>1. Pl\u00e4tze<\/strong><\/p>\n<p>Melissa Stoye bis 20kg(U8), Maximilian Huhn bis 26kg(U8), Elise P\u00f6schla bis 33kg(U10)<\/p>\n<p><strong>2. Pl\u00e4tze<\/strong><\/p>\n<p>Elisa Rudnik bis 23kg(U8), Igor Bekker bis 34kg(U10), Miriam Stoye bis 30kg(U12), Angelina Wilke bis 48kg(U12)<\/p>\n<p><strong>3. Pl\u00e4tze<\/strong><\/p>\n<p>Dylan Knorrn bis 28kg(U10), Matthew Wilke bis 32kg(U8), Max Lachmann bis 34kg(U10)<\/p>\n<p><strong>5. Platz <\/strong><\/p>\n<p>Jakob Liesegang bis 73kg(U17)<\/p>\n<p><em>Weitere\u00a0 L\u00fcbbener K\u00e4mpfer<\/em><\/p>\n<p>Anne Schade, Lucian Roscheck<\/p>\n<p>&nbsp;<\/p>\n<p><strong>Seeturnier Senftenberg 20.\/21.10.2012<\/strong><\/p>\n<p><strong>1. Pl\u00e4tze<\/strong><\/p>\n<p>Josefine H\u00fchn bis 30kg(U10), Max Lachmann bis 33kg(U10), Miriam Stoye bis 30kg(U12), Angelina Wilke bis 44kg(U12), Lucian Roscheck bis 50kg(U12), Antonia Wagner bis 57kg(U14)<\/p>\n<p><strong>2. Pl\u00e4tze<\/strong><\/p>\n<p>Elise P\u00f6schla bis 33kg(U10), Igor Bekker bis 35kg(U10)<\/p>\n<p><strong>3. Platz<\/strong><\/p>\n<p>Isabell H\u00fchn bis 44kg(U14)<\/p>\n<p><strong>5.Platz<\/strong><\/p>\n<p>Anne Schade bis 30kg(U12)<\/p>\n<p><em>Weitere L\u00fcbbener K\u00e4mpfer<\/em><\/p>\n<p>Jakob Liesegang schied nach Disqualifikation im 3.Kampf vorzeitig aus<\/p>\n<p>&nbsp;<\/p>\n<p><strong>Lauchhammer 29.09.2012<\/strong><\/p>\n<p><strong>1.Pl\u00e4tze<\/strong><\/p>\n<p>Elisa Rudnik bis 23kg(U9), Maximilian Huhn bis 25kg(U9)<\/p>\n<p><strong>2. Pl\u00e4tze<\/strong><\/p>\n<p>Max Lachmann bis 33kg(U9), Antonia Wagner bis 57kg(U14)<\/p>\n<p><strong>3. Pl\u00e4tze<\/strong><\/p>\n<p>Matthew Wilke bis 29kg(U9), Angelina Wilke bis 44kg(U14)<\/p>\n<p>&nbsp;<\/p>\n<p><strong>Mammutcup Spremberg 22.092012<\/strong><\/p>\n<p><strong>1. Pl\u00e4tze <\/strong><\/p>\n<p>Elisa Rudnik bis 23kg(U9), Max Lachmann bis 32kg(U9), Igor Bekker bis 35kg(U9)<\/p>\n<p><strong>2. Platz<\/strong><\/p>\n<p>Miriam Stoye bis 32kg(U11)<\/p>\n<p><strong>3. Pl\u00e4tze<\/strong><\/p>\n<p>Melissa Stoye bis 23kgU9), Matthew Wilke bis 28,5kg(U9), Maximilian Huhn bis 26,5kg(U9)<\/p>\n<p>&nbsp;<\/p>\n<p><strong>Kyoko-Pokal Peitz 15.\/16.09.2012<\/strong><\/p>\n<p><strong>1. Pl\u00e4tze<\/strong><\/p>\n<p>Miriam Stoye bis 32kg(U11), Antonia Wagner bis 57kg(U13), Igor Bekker bis 35kg(U9),<\/p>\n<p><strong>2. Pl\u00e4tze<\/strong><\/p>\n<p>Melissa Stoye bis 21kg(U9), Maximilian Huhn bis 26kg(U9), Jakob Liesegang bis 73kg(U17)<\/p>\n<p><strong>3. Pl\u00e4tze<\/strong><\/p>\n<p>Matthew Wilke bis 32kg(U9), Max Lachmann bis 35kg(U9), Lucian Roscheck bis 46kg(U13)<\/p>\n<p><strong>5. Platz<\/strong><\/p>\n<p>Angelina Wilke bis 44kg(U13)<\/p>\n<p>&nbsp;<\/p>\n<p><strong>Ela-Cup in Treuenbrietzen 18.08.2012<\/strong><\/p>\n<p><strong>1. Pl\u00e4tze<\/strong><\/p>\n<p>Miriam  Stoye bis 30kg(U12), Angelina Wilke bis 44kg(U12), Igor Bekker bis  34kg(U10), Fabian Kettlitz bis 43kg(U12), Lucian Roscheck bis 46kg(U12)<\/p>\n<p><strong>2. Platz<\/strong><\/p>\n<p>Lea Altmann bis 33kg(U12), Isabell H\u00fchn bis 44kg(U14)<\/p>\n<p><strong>3. Platz<\/strong><\/p>\n<p>Sarah Rudnik bis 26kg(U12), Antonia Wagner bis 57kg(U14)<\/p>\n<p>&nbsp;<\/p>\n<p><strong>Anf\u00e4ngerturnier in Vetschau 11. August 2012<\/strong><\/p>\n<p><strong>1. Pl\u00e4tze<\/strong><\/p>\n<p>Josefine H\u00fchn, Igor Bekker<\/p>\n<p><strong>2.Pl\u00e4tze<\/strong><\/p>\n<p>Valeria Bekker, Melissa Stoye, Elisa Rudnik, Maximilian Knorr, Matthew Wilke, Maximilian Huhn, Max Lachmann<\/p>\n<p><strong>3. Platz<\/strong><\/p>\n<p>Felix Kahl<\/p>\n<p><strong>Ergebnisse der Kuzushis \/ Spreewaldpokal L\u00fcbben 17.03.-18.03.2012<br \/>\n<\/strong><\/p>\n<p><strong>1. Pl\u00e4tze<\/strong><\/p>\n<p>Elisa Rudnik, Josefine H\u00fchn, Svenja Gra\u00dfmann, Johann Janisch, Sarah Rudnik, Miriam Stoye, Lara Haase<\/p>\n<p><strong>2. Pl\u00e4tze<\/strong><\/p>\n<p>Melissa Stoye, Maximilian Huhn, Igor Bekker, Elise P\u00f6schla, Antonia Wagner, Paul Nitsch, Florian B\u00f6ttcher<\/p>\n<p><strong> <\/strong><\/p>\n<p><strong>3. Pl\u00e4tze<\/strong><\/p>\n<p>Matthew Wilke, Jannes Kreutz, Anne Schade, Lea Altmann, Jonas  Ensslen, Florian B\u00f6ttcher, Jakob Liesegang, Jakob D\u00e4hne, Tom Gra\u00dfmann<\/p>\n<p><strong>5. Pl\u00e4tze<\/strong><\/p>\n<p>Charlotte Britze, Angelina Wilke, Jakob Zielke, Lucian Roscheck, Tobias Halbich<\/p>\n","protected":false},"excerpt":{"rendered":"<p>Weihnachtspokalturnier in K\u00f6nigs Wusterhausen 8.\/9.12.2012 1. Pl\u00e4tze Elisa Rudnik bis 23kg(U8), Maximilian Huhn bis 26kg(U8), Matthew Wilke bis 33kg(U8), Igor Bekker bis 36kg(U9), Jakob Liesegang bis 73kg(U17) 2. Pl\u00e4tze Dylan Knorrn bis 27,5kg(U9) 3. Pl\u00e4tze Melissa Stoye bis 20kg(U8), Felix Kahl bis 32,1kg(U9), Miriam Stoye bis 30kg(U12), Angelina Wilke bis 48kg(U12), Lucian Roscheck \u00fcber 46kg(U12) [&hellip;]<\/p>\n","protected":false},"author":1,"featured_media":0,"parent":200,"menu_order":1,"comment_status":"closed","ping_status":"open","template":"","meta":{"_et_pb_use_builder":"","_et_pb_old_content":"","_et_gb_content_width":"","footnotes":""},"class_list":["post-395","page","type-page","status-publish","hentry"],"_links":{"self":[{"href":"https:\/\/xn--judo-lbben-feb.de\/index.php?rest_route=\/wp\/v2\/pages\/395","targetHints":{"allow":["GET"]}}],"collection":[{"href":"https:\/\/xn--judo-lbben-feb.de\/index.php?rest_route=\/wp\/v2\/pages"}],"about":[{"href":"https:\/\/xn--judo-lbben-feb.de\/index.php?rest_route=\/wp\/v2\/types\/page"}],"author":[{"embeddable":true,"href":"https:\/\/xn--judo-lbben-feb.de\/index.php?rest_route=\/wp\/v2\/users\/1"}],"replies":[{"embeddable":true,"href":"https:\/\/xn--judo-lbben-feb.de\/index.php?rest_route=%2Fwp%2Fv2%2Fcomments&post=395"}],"version-history":[{"count":0,"href":"https:\/\/xn--judo-lbben-feb.de\/index.php?rest_route=\/wp\/v2\/pages\/395\/revisions"}],"up":[{"embeddable":true,"href":"https:\/\/xn--judo-lbben-feb.de\/index.php?rest_route=\/wp\/v2\/pages\/200"}],"wp:attachment":[{"href":"https:\/\/xn--judo-lbben-feb.de\/index.php?rest_route=%2Fwp%2Fv2%2Fmedia&parent=395"}],"curies":[{"name":"wp","href":"https:\/\/api.w.org\/{rel}","templated":true}]}}