{"id":377,"date":"2012-11-01T12:53:41","date_gmt":"2012-11-01T12:53:41","guid":{"rendered":"http:\/\/xn--judo-lbben-feb.de\/?page_id=377"},"modified":"2023-03-12T10:36:58","modified_gmt":"2023-03-12T09:36:58","slug":"downloads","status":"publish","type":"page","link":"https:\/\/xn--judo-lbben-feb.de\/?page_id=377","title":{"rendered":"Downloads"},"content":{"rendered":"<p><em><strong>aktuelle Bilder &#8211; Stand 2017<br \/>\n<\/strong><\/em><\/p>\n<p><a href=\"https:\/\/xn--judo-lbben-feb.de\/wp-content\/uploads\/2017\/09\/Gruppenbild-Judo-.jpg\" target=\"_blank\" rel=\"noopener\">Gruppenfoto Judo<\/a><\/p>\n<p><a href=\"https:\/\/xn--judo-lbben-feb.de\/wp-content\/uploads\/2017\/07\/Alle_mit_Banner-1-1.jpg\" target=\"_blank\" rel=\"noopener\">Gruppenfoto mit Banner<\/a><\/p>\n<p><a href=\"https:\/\/xn--judo-lbben-feb.de\/wp-content\/uploads\/2017\/07\/Alle_ohne_Banner-1-1.jpg\" target=\"_blank\" rel=\"noopener\">Gruppenfoto<\/a><\/p>\n<p><a href=\"https:\/\/xn--judo-lbben-feb.de\/wp-content\/uploads\/2017\/07\/Jiu_Jitsu-1-1.jpg\" target=\"_blank\" rel=\"noopener\">Gruppenfoto Jiu Jitsu<\/a><\/p>\n<p><a href=\"https:\/\/xn--judo-lbben-feb.de\/wp-content\/uploads\/2017\/07\/Sektion_Jiu_Jitsu-1-1.jpg\" target=\"_blank\" rel=\"noopener\">Trainer\u00fcbersicht Jiu Jitsu<\/a><\/p>\n<p><a href=\"https:\/\/xn--judo-lbben-feb.de\/wp-content\/uploads\/2017\/07\/Trainerfoto_Jiu_Jitsu_2017-1-1.jpg\" target=\"_blank\" rel=\"noopener\">Trainer Jiu Jitsu<\/a><\/p>\n<p><em><strong>Geb\u00fchren des Kuzushi e.V.<\/strong><\/em><\/p>\n<p><a href=\"https:\/\/xn--judo-lbben-feb.de\/wp-content\/uploads\/2012\/11\/20170101-\u00dcbersicht-Geb\u00fchren.pdf\">20170101 \u00dcbersicht Geb\u00fchren<\/a><\/p>\n<p><em><strong>DJB Regeln<\/strong><\/em><\/p>\n<p><a href=\"https:\/\/xn--judo-lbben-feb.de\/wp-content\/uploads\/2012\/11\/Neuregelungen-2013-2016-BB.pdf\">Neuregelungen-2013-2016-BB<\/a><\/p>\n<p><a href=\"https:\/\/xn--judo-lbben-feb.de\/wp-content\/uploads\/2012\/11\/Sonderregeln_Jugend_im_BJV-2014.pdf\">Sonderregeln_Jugend_im_BJV-2014<\/a><\/p>\n<p><em><strong>Einteilung Altersklassen<\/strong><\/em><\/p>\n<p><a href=\"https:\/\/xn--judo-lbben-feb.de\/wp-content\/uploads\/2012\/11\/AK-GK-2017.pdf\">AK-GK 2017<\/a><\/p>\n<p><em><strong>G\u00fcrtelpr\u00fcfung<\/strong><\/em><\/p>\n<p><a href=\"https:\/\/xn--judo-lbben-feb.de\/wp-content\/uploads\/2012\/11\/Pr\u00fcfungsprogramm-1.-bis-8.-Kyu.pdf\">Pr\u00fcfungsprogramm 1. bis 8. Kyu<\/a><\/p>\n<p>&nbsp;<\/p>\n","protected":false},"excerpt":{"rendered":"<p>aktuelle Bilder &#8211; Stand 2017 Gruppenfoto Judo Gruppenfoto mit Banner Gruppenfoto Gruppenfoto Jiu Jitsu Trainer\u00fcbersicht Jiu Jitsu Trainer Jiu Jitsu Geb\u00fchren des Kuzushi e.V. 20170101 \u00dcbersicht Geb\u00fchren DJB Regeln Neuregelungen-2013-2016-BB Sonderregeln_Jugend_im_BJV-2014 Einteilung Altersklassen AK-GK 2017 G\u00fcrtelpr\u00fcfung Pr\u00fcfungsprogramm 1. bis 8. Kyu &nbsp;<\/p>\n","protected":false},"author":1,"featured_media":0,"parent":0,"menu_order":5,"comment_status":"closed","ping_status":"open","template":"","meta":{"_et_pb_use_builder":"","_et_pb_old_content":"","_et_gb_content_width":"","footnotes":""},"class_list":["post-377","page","type-page","status-publish","hentry"],"_links":{"self":[{"href":"https:\/\/xn--judo-lbben-feb.de\/index.php?rest_route=\/wp\/v2\/pages\/377","targetHints":{"allow":["GET"]}}],"collection":[{"href":"https:\/\/xn--judo-lbben-feb.de\/index.php?rest_route=\/wp\/v2\/pages"}],"about":[{"href":"https:\/\/xn--judo-lbben-feb.de\/index.php?rest_route=\/wp\/v2\/types\/page"}],"author":[{"embeddable":true,"href":"https:\/\/xn--judo-lbben-feb.de\/index.php?rest_route=\/wp\/v2\/users\/1"}],"replies":[{"embeddable":true,"href":"https:\/\/xn--judo-lbben-feb.de\/index.php?rest_route=%2Fwp%2Fv2%2Fcomments&post=377"}],"version-history":[{"count":14,"href":"https:\/\/xn--judo-lbben-feb.de\/index.php?rest_route=\/wp\/v2\/pages\/377\/revisions"}],"predecessor-version":[{"id":12364,"href":"https:\/\/xn--judo-lbben-feb.de\/index.php?rest_route=\/wp\/v2\/pages\/377\/revisions\/12364"}],"wp:attachment":[{"href":"https:\/\/xn--judo-lbben-feb.de\/index.php?rest_route=%2Fwp%2Fv2%2Fmedia&parent=377"}],"curies":[{"name":"wp","href":"https:\/\/api.w.org\/{rel}","templated":true}]}}