{"id":2981,"date":"2013-11-25T20:34:31","date_gmt":"2013-11-25T19:34:31","guid":{"rendered":"http:\/\/xn--judo-lbben-feb.de\/?page_id=2981"},"modified":"2016-03-17T18:08:50","modified_gmt":"2016-03-17T17:08:50","slug":"geschichte","status":"publish","type":"page","link":"https:\/\/xn--judo-lbben-feb.de\/?page_id=2981","title":{"rendered":"Geschichte"},"content":{"rendered":"<p style=\"text-align: center;\" align=\"center\"><strong>Jiu Jitsu \u2013 Geschichte<\/strong><\/p>\n<p style=\"text-align: center;\" align=\"center\"><strong>\u00a0<\/strong><\/p>\n<p style=\"text-align: center;\"><strong>H<\/strong>iermit m\u00f6chte der Verein einen kurzen \u2013 keinen auf Vollst\u00e4ndigkeit Anspruch erhebenden \u2013 \u00dcberblick auf die Entwicklung des Jiu Jitsu geben.<\/p>\n<p style=\"text-align: center;\"><strong>D<\/strong>ie genaue Entstehung verbirgt sich irgendwo in \u201egrauer\u201c Vorzeit.<\/p>\n<p style=\"text-align: center;\"><strong>D<\/strong>a der Mensch schon seit jeher um sein \u00dcberleben k\u00e4mpfen musste, lassen sich je nach Betrachtungsweise bestimmte Griffe bis in die Fr\u00fchzeit des Menschen zur\u00fcckverfolgen.<\/p>\n<p style=\"text-align: center;\"><strong>D<\/strong>ie \u201eWiege\u201c der Kampfkunst stand aber mit gro\u00dfer Wahrscheinlichkeit in Indien (4.-1. Jh.v.Chr.) und erfolgte in offenen und geschlossenen Schulen. Sie soll auf eine besondere Massagekunst der Inder zur\u00fcckgehen, die schon damals \u00fcber 100 schmerzempfindliche Stellen am K\u00f6rper kannten.<\/p>\n<p style=\"text-align: center;\"><strong>V<\/strong>on dort gelangte sie auch nach China. Es wird erz\u00e4hlt, dass ein kleiner Chinesenjunge (Li Tei Feng) bei einem gro\u00dfen Sturm beobachtete, wie gro\u00dfe B\u00e4ume entwurzelt und abgeknickt wurden \u2013 ein kleines B\u00e4umchen aber seine Zweige bis zur Erde bog und sich danach wieder aufrichtete. Der Schauplatz wird in China heute noch als Geburtsst\u00e4tte des Prinzips \u201eSiegen durch Nachgeben\u201c angesehen.<\/p>\n<p style=\"text-align: center;\"><strong>E<\/strong>ine andere Legende berichtet von einem Kirschbaum und einer Weide im Winter. Die \u00c4ste der Kirsche brachen unter der Last w\u00e4hrend der Schnee von der biegsamen Weide abrutschte. Auch hier findet sich das Prinzip \u201eSiegen durch Nachgeben\u201c wieder.<\/p>\n<p style=\"text-align: center;\"><strong>E<\/strong>twa um 650 n. Chr. soll ein in Edo (Tokio) lebender Chinese \u2013 Tsin Gembin \u2013 einen Samurai erstmals in die Kunst des Jiu Jitsu eingeweiht haben. Die Samurai k\u00e4mpften zwar ehrenhaft mit Schwert, Bogen und Lanze, mussten sich aber dennoch bei Verlust ihrer Hauptwaffe zu verteidigen wissen. In den ca. 1000 Jahren ihres Bestehens brachten es die Samurai zu wahrer Meisterschaft in der Verteidigung \/ Selbstverteidigung.<\/p>\n<p style=\"text-align: center;\"><strong>M<\/strong>it der \u00d6ffnung Japans gen Wersten und der Abschaffung der Samurai endete 1867 das Shogunat. In einer letzten Schlacht standen sich 1877 ca. 25000 Samurai und ca. 40000 Regierungssoldaten gegen\u00fcber. Er endete mit einer Niederlage der Samurai. Sie durften keine Schwerter mehr tragen und vielen wurde der Zopf abgeschnitten, um sie zu \u201eentehren\u201c.<\/p>\n<p style=\"text-align: center;\"><strong>D<\/strong>a sie nichts weiter \u201egelernt\u201c hatten als zu k\u00e4mpfen, er\u00f6ffneten viele eigene Schulen und unterrichteten in der Verteidigung und K\u00f6rperert\u00fcchtigung.<\/p>\n<p style=\"text-align: center;\"><strong>I<\/strong>n dieser Zeit war ein deutscher Arzt \u2013 Dr. Erwin von B\u00e4lz \u2013 an der Universit\u00e4t von Tokio. Dieser traf dort mit Jigoro Kano zusammen und macht ihn auf das alte Jiu Jitsu aufmerksam.<\/p>\n<p style=\"text-align: center;\">Kano lernte bei vielen Meistern und Gro\u00dfmeistern und war schon bald besser als diese. Er erkannte, dass es kein \u201eultimatives\u201c Jiu Jitsu nur von einem Meister gab, sondern b\u00fcndelte die besten Techniken.<\/p>\n<p style=\"text-align: center;\"><strong>W<\/strong>\u00e4hrend seines Studiums des Jiu stellte er fest, dass das Jiu weder sch\u00f6n noch elegant ist und \u201eentfernte\u201c die verletzenden Griffe und Schl\u00e4ge. Er entwickelte das Judo als Wettkampfsport.<\/p>\n<p style=\"text-align: center;\"><strong>1<\/strong>905 kehrt Dr. E. B\u00e4lzen nach Deutschland zur\u00fcck und wirbt f\u00fcr das Jiu Jitsu und Judo.<\/p>\n<p style=\"text-align: center;\"><strong>E<\/strong>twa in dieser Zeit hat Erich Rahn \u2013 Sohn eines Berliner Kaufmanns \u2013 durch die Handelsbeziehungen seines Vaters\u00a0 Kontakt mit Japanern und lernt von diesen Jiu Jitsu.<\/p>\n<p style=\"text-align: center;\"><strong>E<\/strong>r wird Sch\u00fcler vom Jiu Jitsu Meister Katsukuma Higashi und er\u00f6ffnet im Alter von 21 Jahren in einem Hinterzimmer einer Kneipe die erste Jiu Jitsu Schule in Berlin (1906).<\/p>\n<p style=\"text-align: center;\"><strong>D<\/strong>urch Vorf\u00fchrungen und K\u00e4mpfe wird die Polizei auf Rahn aufmerksam und am 30.6.1910 f\u00fchrt Rahn im Polizeipr\u00e4sidium das Jiu Jitsu vor. Er k\u00e4mpfte ungeschlagen bis 1925 (bis zum Alter von 40 Jahren) in Zirkus und Variet\u00e9s und nahm Herausforderungen von Jedermann an.<\/p>\n<p style=\"text-align: center;\"><strong>1<\/strong>922 fand in Sch\u00f6neberg die erste deutsche Jiu Jitsu Meisterschaft statt.<\/p>\n<p style=\"text-align: center;\"><strong>I<\/strong>n dieser Zeit fanden dann auch die ersten Vereinsgr\u00fcndungen statt. Viele folgende Meister und Gro\u00dfmeister gingen durch die Schule von Erich Rahn.<\/p>\n<p style=\"text-align: center;\"><strong>N<\/strong>ach dem 2. Weltkrieg wurde Judo und Jiu Jitsu von den Alliierten in Deutschland verboten.<\/p>\n<p style=\"text-align: center;\"><strong>E<\/strong>rst ca. 1950 durfte wieder mit dem Training begonnen werden und Rahn er\u00f6ffnete wieder seine Schule in Sch\u00f6neberg.<\/p>\n<p style=\"text-align: center;\"><strong>1<\/strong>952 wurde in Stuttgart das Deutsche Dan-Kollegium (DDK) gegr\u00fcndet.<\/p>\n<p style=\"text-align: center;\"><strong>I<\/strong>m Januar 1975 wurde der <a title=\"Deutscher Jiu Jitsu Bund\" href=\"http:\/\/de.wikipedia.org\/wiki\/Deutscher_Jiu_Jitsu_Bund\">Deutsche Jiu Jitsu Bund e. V. (DJJB)<\/a> als Dachorganisation f\u00fcr alle Landesverb\u00e4nde und ihre Vereine und Schulen in Deutschland gegr\u00fcndet.<\/p>\n<p style=\"text-align: center;\"><strong>N<\/strong>och bis in die 1970er Jahre war die Jiu Jitsu- Selbstverteidigung im Pr\u00fcfungsprogramm des DJB verankert.<\/p>\n<p style=\"text-align: center;\"><strong>D<\/strong>urch Mitglieder der Arbeitsgruppe \u201eJiu Jitsu im DJB\u201c wurde 1982 in Schleswig-Holstein die Deutsche Jiu Jitsu Union (DJJU) gegr\u00fcndet. Die DJJU ist mit 11 Landesverb\u00e4nden ein gro\u00dfer Fachverband f\u00fcr das Jiu.<\/p>\n<p style=\"text-align: center;\"><strong>D<\/strong>as Anfang des 20. Jahrhunderts eingef\u00fchrte Jiu-Jitsu und insbesondere die fast nur auf Wettkampfsport ausgelegten Kampfsportarten Judo und Karate waren in den 60er Jahren f\u00fcr die Selbstverteidigung nicht mehr zeitgem\u00e4\u00df. Es war dringend erforderlich, etwas Neues, vor allem aber Wirkungsvolleres zu schaffen. Hochgraduierte Dan-Tr\u00e4ger erhielten den Auftrag, eine moderne und effektive Selbstverteidigung zu erarbeiten. Federf\u00fchrend dabei waren Franz Josef Gresch und Werner Heim. Sie stellten aus den verschiedensten Budo- Systemen die wirkungsvollsten Techniken zu einem neuen System zusammen, das den Namen Ju- Jutsu erhielt.<\/p>\n<p style=\"text-align: center;\" align=\"left\"><strong>1<\/strong>969 wurde das neue Ju- Jutsu dann in Deutschland eingef\u00fchrt. Es geht nicht mehr vom Angriff aus, sondern prim\u00e4r von den Verteidigungstechniken. Alle Verteidigungstechniken sind gegen mehrere Angriffsarten anwendbar. Im Ju- Jutsu sind altbew\u00e4hrte Erkenntnisse vieler Kampfsportarten, aber auch neue Erkenntnisse, unter dem Grundsatz \u201eaus der Praxis f\u00fcr die Praxis\u201c zu einer modernen und sehr effektiven Selbstverteidigung zusammengef\u00fchrt worden. Weil auch die Sicherheitsbeh\u00f6rden erkannt hatten, dass Ju- Jutsu sehr praxisnah und wirkungsvoll war, wurde es bei der Polizei der L\u00e4nder und des Bundes dienstliches Ausbildungsfach.<\/p>\n<p style=\"text-align: center;\" align=\"left\"><strong>U<\/strong>m die Ziele des JJ besser vertreten zu k\u00f6nnen gr\u00fcndete sich 1990 der Deutschen Ju- Jutsu Verband (DJJV).<\/p>\n<p style=\"text-align: center;\" align=\"left\"><strong>D<\/strong>ie Kenntnisse von verschiedenen Zweikampfsystemen haben sich in den vergangenen Jahren stark erweitert. Unter der Leitung von Bernd Hillebrand hat eine Kommission im Jahr 2000 eine \u00dcberarbeitung des Ju- Jutsu eingef\u00fchrt. Nach der Pr\u00e4misse: \u201eImmer das Beste aus den bekannten Kampfsystemen zu adaptieren\u201c kamen nun auch Einfl\u00fcsse aus nicht-japanischen Kampfsportarten zum Ju- Jutsu hinzu und wurden in ein methodisch strukturiertes System angepasst.<\/p>\n<p style=\"text-align: center;\"><strong>I<\/strong>m Jahre 2005 vereinigte der DJJV durch den Zusammenschluss von Ju- Jutsu und Jiu-Jitsu die moderne und traditionelle Selbstverteidigung in einem Verband.<\/p>\n<p style=\"text-align: center;\"><strong>I<\/strong>m Judoverein \u201eKuzushi\u201ce.V. besteht die Sektion Jiu Jitsu seit 1999 und seit 2007 sind wir Mitglied im Brandenburgischem Ju Jutsu Verband &#8211; BJJV.<\/p>\n","protected":false},"excerpt":{"rendered":"<p>Jiu Jitsu \u2013 Geschichte \u00a0 Hiermit m\u00f6chte der Verein einen kurzen \u2013 keinen auf Vollst\u00e4ndigkeit Anspruch erhebenden \u2013 \u00dcberblick auf die Entwicklung des Jiu Jitsu geben. Die genaue Entstehung verbirgt sich irgendwo in \u201egrauer\u201c Vorzeit. Da der Mensch schon seit jeher um sein \u00dcberleben k\u00e4mpfen musste, lassen sich je nach Betrachtungsweise bestimmte Griffe bis in [&hellip;]<\/p>\n","protected":false},"author":1,"featured_media":0,"parent":29,"menu_order":2,"comment_status":"closed","ping_status":"open","template":"","meta":{"_et_pb_use_builder":"","_et_pb_old_content":"","_et_gb_content_width":"","footnotes":""},"class_list":["post-2981","page","type-page","status-publish","hentry"],"_links":{"self":[{"href":"https:\/\/xn--judo-lbben-feb.de\/index.php?rest_route=\/wp\/v2\/pages\/2981","targetHints":{"allow":["GET"]}}],"collection":[{"href":"https:\/\/xn--judo-lbben-feb.de\/index.php?rest_route=\/wp\/v2\/pages"}],"about":[{"href":"https:\/\/xn--judo-lbben-feb.de\/index.php?rest_route=\/wp\/v2\/types\/page"}],"author":[{"embeddable":true,"href":"https:\/\/xn--judo-lbben-feb.de\/index.php?rest_route=\/wp\/v2\/users\/1"}],"replies":[{"embeddable":true,"href":"https:\/\/xn--judo-lbben-feb.de\/index.php?rest_route=%2Fwp%2Fv2%2Fcomments&post=2981"}],"version-history":[{"count":1,"href":"https:\/\/xn--judo-lbben-feb.de\/index.php?rest_route=\/wp\/v2\/pages\/2981\/revisions"}],"predecessor-version":[{"id":9478,"href":"https:\/\/xn--judo-lbben-feb.de\/index.php?rest_route=\/wp\/v2\/pages\/2981\/revisions\/9478"}],"up":[{"embeddable":true,"href":"https:\/\/xn--judo-lbben-feb.de\/index.php?rest_route=\/wp\/v2\/pages\/29"}],"wp:attachment":[{"href":"https:\/\/xn--judo-lbben-feb.de\/index.php?rest_route=%2Fwp%2Fv2%2Fmedia&parent=2981"}],"curies":[{"name":"wp","href":"https:\/\/api.w.org\/{rel}","templated":true}]}}