{"id":22666,"date":"2026-01-12T16:07:54","date_gmt":"2026-01-12T15:07:54","guid":{"rendered":"https:\/\/xn--judo-lbben-feb.de\/?page_id=22666"},"modified":"2026-03-17T11:43:36","modified_gmt":"2026-03-17T10:43:36","slug":"spreewaldpokal-2026","status":"publish","type":"page","link":"https:\/\/xn--judo-lbben-feb.de\/?page_id=22666","title":{"rendered":"Spreewaldpokal 2026"},"content":{"rendered":"<p>[et_pb_section fb_built=&#8220;1&#8243; _builder_version=&#8220;4.14.1&#8243; _module_preset=&#8220;default&#8220; global_colors_info=&#8220;{}&#8220;][et_pb_row column_structure=&#8220;1_4,3_4&#8243; _builder_version=&#8220;4.14.1&#8243; _module_preset=&#8220;default&#8220; global_colors_info=&#8220;{}&#8220;][et_pb_column type=&#8220;1_4&#8243; _builder_version=&#8220;4.14.1&#8243; _module_preset=&#8220;default&#8220; global_colors_info=&#8220;{}&#8220;][et_pb_image src=&#8220;https:\/\/xn--judo-lbben-feb.de\/wp-content\/uploads\/2026\/03\/01_25028acd-7960-4056-b275-817d42ff7734-.jpg&#8220; title_text=&#8220;01_25028acd-7960-4056-b275-817d42ff7734&#8243; _builder_version=&#8220;4.14.1&#8243; _module_preset=&#8220;default&#8220; global_colors_info=&#8220;{}&#8220;][\/et_pb_image][\/et_pb_column][et_pb_column type=&#8220;3_4&#8243; _builder_version=&#8220;4.14.1&#8243; _module_preset=&#8220;default&#8220; global_colors_info=&#8220;{}&#8220;][et_pb_image src=&#8220;https:\/\/xn--judo-lbben-feb.de\/wp-content\/uploads\/2026\/03\/01_IMG_6961-.jpg&#8220; title_text=&#8220;01_IMG_6961&#8243; _builder_version=&#8220;4.14.1&#8243; _module_preset=&#8220;default&#8220; width=&#8220;59%&#8220; global_colors_info=&#8220;{}&#8220;][\/et_pb_image][et_pb_button button_url=&#8220;https:\/\/xn--judo-lbben-feb.de\/wp-content\/uploads\/2026\/03\/Mannschaftswertungen-1.pdf&#8220; button_text=&#8220;Mannschaftswertungen&#8220; _builder_version=&#8220;4.14.1&#8243; _module_preset=&#8220;default&#8220; global_colors_info=&#8220;{}&#8220;][\/et_pb_button][et_pb_button button_url=&#8220;https:\/\/xn--judo-lbben-feb.de\/wp-content\/uploads\/2026\/03\/Daten-und-Fakten.pdf&#8220; button_text=&#8220;Daten &#038; Fakten&#8220; _builder_version=&#8220;4.14.1&#8243; _module_preset=&#8220;default&#8220; hover_enabled=&#8220;0&#8243; global_colors_info=&#8220;{}&#8220; sticky_enabled=&#8220;0&#8243;][\/et_pb_button][\/et_pb_column][\/et_pb_row][et_pb_row _builder_version=&#8220;4.14.1&#8243; _module_preset=&#8220;default&#8220; global_colors_info=&#8220;{}&#8220;][et_pb_column type=&#8220;4_4&#8243; _builder_version=&#8220;4.14.1&#8243; _module_preset=&#8220;default&#8220; global_colors_info=&#8220;{}&#8220;][et_pb_text _builder_version=&#8220;4.14.1&#8243; _module_preset=&#8220;default&#8220; global_colors_info=&#8220;{}&#8220;]<\/p>\n<p>Der Judoverein Kuzushi L\u00fcbben e.V. blickt auf ein erfolgreiches und ereignisreiches Wettkampfwochenende zur\u00fcck. Mit dem Spreewaldpokal 2026 konnte in L\u00fcbben erneut eine gro\u00dfe Judoveranstaltung ausgerichtet werden, die nicht nur sportlich \u00fcberzeugte, sondern vor allem auch zeigte, was durch gemeinschaftliches Engagement m\u00f6glich ist.\u00a0<\/p>\n<p>Der Judoverein Kuzushi L\u00fcbben e.V. m\u00f6chte sich deshalb ganz besonders bei allen bedanken, die mit ihrer Zeit, ihrer Kraft und ihrer Unterst\u00fctzung zum Gelingen dieses Wochenendes beigetragen haben. Ob beim Auf- und Abbau, am Imbiss, an der Anmeldung, an den Wettkampffl\u00e4chen oder im Hintergrund \u2013 ohne die vielen helfenden H\u00e4nde w\u00e4re eine Veranstaltung in dieser Gr\u00f6\u00dfenordnung nicht m\u00f6glich.<\/p>\n<p>Bereits am Freitag begannen die umfangreichen Vorbereitungen f\u00fcr das Turnier. Ab 17:00 Uhr wurden die Judomatten sowie alle weiteren ben\u00f6tigten Ger\u00e4te und Materialien aus der Vereinshalle und der Garage in die Mehrzweckhalle &#8222;Blaues Wunder&#8220; transportiert. Kurz vor dem Wettkampf trafen zudem 100 neue Matten ein, die direkt f\u00fcr den Spreewaldpokal genutzt werden konnten. Damit k\u00f6nnen nun 100 alte Matten ausgesondert werden, die dem Verein \u00fcber mehr als 30 Jahre hinweg treue Dienste geleistet haben.<\/p>\n<p>[\/et_pb_text][et_pb_gallery gallery_ids=&#8220;22985,22986,22988,22987,22982,22990,22989,22992,22993,22994,22995,22996,22997,22998,22999,22983&#8243; posts_number=&#8220;16&#8243; show_title_and_caption=&#8220;off&#8220; _builder_version=&#8220;4.14.1&#8243; _module_preset=&#8220;default&#8220; global_colors_info=&#8220;{}&#8220;][\/et_pb_gallery][et_pb_text _builder_version=&#8220;4.14.1&#8243; _module_preset=&#8220;default&#8220; global_colors_info=&#8220;{}&#8220;]<\/p>\n<p>Am Samstag gingen 296 Judoka in den Altersklassen U9, U13 und U15 auf die Matte. Am Sonntag folgten weitere 278 Sportlerinnen und Sportler in den Altersklassen U11, U18 sowie bei den M\u00e4nnern und Frauen. Insgesamt konnten damit 574 Judoka aus rund 50 Vereinen in L\u00fcbben begr\u00fc\u00dft werden (aus Deutschland und Tschechien).<\/p>\n<p>An beiden Tagen wurde der Wettkampf um 10:00 Uhr offiziell er\u00f6ffnet, ehe die K\u00e4mpfe p\u00fcnktlich beginnen konnten. Am Samstag wurde die Er\u00f6ffnung durch den B\u00fcrgermeister der Stadt L\u00fcbben, Jens Richter, begleitet. Er begr\u00fc\u00dfte die zum Teil weit angereisten Judoka und G\u00e4ste und lud sie zugleich dazu ein, die Stadt und insbesondere die Schlossinsel n\u00e4her kennenzulernen.<\/p>\n<p>Auch sportlich wusste der Gastgeber zu \u00fcberzeugen. Mia Keutel, Jason Woick, K\u00e4the Schwarz und Fabian Kettlitz erk\u00e4mpften sich jeweils die Goldmedaille und \u00fcberzeugten dabei mit starken Auftritten und guten K\u00e4mpfen. Silbermedaillen sicherten sich zudem Emil Paschke und Emilia Keutel. Dar\u00fcber hinaus zeigten alle Starterinnen und Starter des Judovereins Kuzushi L\u00fcbben gute bis sehr gute Leistungen. Besonders erfreulich war, dass auch K\u00e4mpferinnen und K\u00e4mpfer nach l\u00e4ngerer Zeit erstmals wieder auf der Matte standen und dabei mit gro\u00dfem Mut und viel Engagement auftraten.<\/p>\n<p>Auch nach dem letzten Kampf zeigte sich, wie stark der Zusammenhalt rund um den Verein ist. Dank der zahlreichen Vereinsmitglieder, Eltern und weiteren freiwilligen Helfer verlief auch der Abbau reibungslos. Bereits zwei Stunden nach Wettkampfende waren alle 550 Judomatten sowie die weiteren Materialien wieder an ihrem Platz verstaut.<\/p>\n<p>[\/et_pb_text][et_pb_gallery gallery_ids=&#8220;23000,23001,23002,23003,23004,23005,23007,23008,23009,23010,23012,23013,23014,23015,23016,23017&#8243; posts_number=&#8220;20&#8243; show_title_and_caption=&#8220;off&#8220; _builder_version=&#8220;4.14.1&#8243; _module_preset=&#8220;default&#8220; global_colors_info=&#8220;{}&#8220;][\/et_pb_gallery][\/et_pb_column][\/et_pb_row][\/et_pb_section]<\/p>\n","protected":false},"excerpt":{"rendered":"<p>Der Judoverein Kuzushi L\u00fcbben e.V. blickt auf ein erfolgreiches und ereignisreiches Wettkampfwochenende zur\u00fcck. Mit dem Spreewaldpokal 2026 konnte in L\u00fcbben erneut eine gro\u00dfe Judoveranstaltung ausgerichtet werden, die nicht nur sportlich \u00fcberzeugte, sondern vor allem auch zeigte, was durch gemeinschaftliches Engagement m\u00f6glich ist.\u00a0 Der Judoverein Kuzushi L\u00fcbben e.V. m\u00f6chte sich deshalb ganz besonders bei allen bedanken, [&hellip;]<\/p>\n","protected":false},"author":1,"featured_media":0,"parent":15705,"menu_order":0,"comment_status":"closed","ping_status":"closed","template":"","meta":{"_et_pb_use_builder":"on","_et_pb_old_content":"<p><a href=\"https:\/\/bjv-judo.de\/wp-content\/uploads\/2025\/12\/26-03-14-Spreewaldpokal-Luebben.pdf\">Ausschreibung Samstag U9\/U13\/U15<\/a><\/p><p><a href=\"https:\/\/bjv-judo.de\/wp-content\/uploads\/2025\/12\/26-03-15-Spreewaldpokal-Luebben.pdf\">Ausschreibung Sonntag U11\/U18\/MF<\/a><\/p>","_et_gb_content_width":"","footnotes":""},"class_list":["post-22666","page","type-page","status-publish","hentry"],"_links":{"self":[{"href":"https:\/\/xn--judo-lbben-feb.de\/index.php?rest_route=\/wp\/v2\/pages\/22666","targetHints":{"allow":["GET"]}}],"collection":[{"href":"https:\/\/xn--judo-lbben-feb.de\/index.php?rest_route=\/wp\/v2\/pages"}],"about":[{"href":"https:\/\/xn--judo-lbben-feb.de\/index.php?rest_route=\/wp\/v2\/types\/page"}],"author":[{"embeddable":true,"href":"https:\/\/xn--judo-lbben-feb.de\/index.php?rest_route=\/wp\/v2\/users\/1"}],"replies":[{"embeddable":true,"href":"https:\/\/xn--judo-lbben-feb.de\/index.php?rest_route=%2Fwp%2Fv2%2Fcomments&post=22666"}],"version-history":[{"count":17,"href":"https:\/\/xn--judo-lbben-feb.de\/index.php?rest_route=\/wp\/v2\/pages\/22666\/revisions"}],"predecessor-version":[{"id":23023,"href":"https:\/\/xn--judo-lbben-feb.de\/index.php?rest_route=\/wp\/v2\/pages\/22666\/revisions\/23023"}],"up":[{"embeddable":true,"href":"https:\/\/xn--judo-lbben-feb.de\/index.php?rest_route=\/wp\/v2\/pages\/15705"}],"wp:attachment":[{"href":"https:\/\/xn--judo-lbben-feb.de\/index.php?rest_route=%2Fwp%2Fv2%2Fmedia&parent=22666"}],"curies":[{"name":"wp","href":"https:\/\/api.w.org\/{rel}","templated":true}]}}