{"id":21640,"date":"2025-03-19T09:30:24","date_gmt":"2025-03-19T08:30:24","guid":{"rendered":"https:\/\/xn--judo-lbben-feb.de\/?page_id=21640"},"modified":"2025-06-12T18:36:25","modified_gmt":"2025-06-12T17:36:25","slug":"spreewaldpokal-2025","status":"publish","type":"page","link":"https:\/\/xn--judo-lbben-feb.de\/?page_id=21640","title":{"rendered":"Spreewaldpokal 2025"},"content":{"rendered":"<p>[et_pb_section fb_built=&#8220;1&#8243; _builder_version=&#8220;4.14.1&#8243; _module_preset=&#8220;default&#8220; global_colors_info=&#8220;{}&#8220;][et_pb_row _builder_version=&#8220;4.14.1&#8243; _module_preset=&#8220;default&#8220; global_colors_info=&#8220;{}&#8220;][et_pb_column type=&#8220;4_4&#8243; _builder_version=&#8220;4.14.1&#8243; _module_preset=&#8220;default&#8220; global_colors_info=&#8220;{}&#8220;][et_pb_image src=&#8220;https:\/\/xn--judo-lbben-feb.de\/wp-content\/uploads\/2025\/03\/PHOTO-2025-03-16-16-55-14.jpg&#8220; title_text=&#8220;PHOTO-2025-03-16-16-55-14&#8243; _builder_version=&#8220;4.14.1&#8243; _module_preset=&#8220;default&#8220; width=&#8220;56%&#8220; max_width=&#8220;49%&#8220; module_alignment=&#8220;center&#8220; global_colors_info=&#8220;{}&#8220;][\/et_pb_image][\/et_pb_column][\/et_pb_row][et_pb_row column_structure=&#8220;1_2,1_2&#8243; _builder_version=&#8220;4.14.1&#8243; _module_preset=&#8220;default&#8220; global_colors_info=&#8220;{}&#8220;][et_pb_column type=&#8220;1_2&#8243; _builder_version=&#8220;4.14.1&#8243; _module_preset=&#8220;default&#8220; global_colors_info=&#8220;{}&#8220;][et_pb_button button_url=&#8220;https:\/\/xn--judo-lbben-feb.de\/wp-content\/uploads\/2025\/03\/Mannschaftswertungen-2025.pdf&#8220; url_new_window=&#8220;on&#8220; button_text=&#8220;Mannschaftswertungen&#8220; button_alignment=&#8220;right&#8220; _builder_version=&#8220;4.14.1&#8243; _module_preset=&#8220;default&#8220; global_colors_info=&#8220;{}&#8220;][\/et_pb_button][\/et_pb_column][et_pb_column type=&#8220;1_2&#8243; _builder_version=&#8220;4.14.1&#8243; _module_preset=&#8220;default&#8220; global_colors_info=&#8220;{}&#8220;][et_pb_button button_url=&#8220;https:\/\/xn--judo-lbben-feb.de\/wp-content\/uploads\/2025\/03\/Spreewaldpokal-2025-Daten-Fakten.pdf&#8220; url_new_window=&#8220;on&#8220; button_text=&#8220;Daten und Fakten&#8220; _builder_version=&#8220;4.14.1&#8243; _module_preset=&#8220;default&#8220; global_colors_info=&#8220;{}&#8220;][\/et_pb_button][\/et_pb_column][\/et_pb_row][et_pb_row _builder_version=&#8220;4.14.1&#8243; _module_preset=&#8220;default&#8220; global_colors_info=&#8220;{}&#8220;][et_pb_column type=&#8220;4_4&#8243; _builder_version=&#8220;4.14.1&#8243; _module_preset=&#8220;default&#8220; global_colors_info=&#8220;{}&#8220;][et_pb_text _builder_version=&#8220;4.14.1&#8243; _module_preset=&#8220;default&#8220; global_colors_info=&#8220;{}&#8220;]<\/p>\n<p><span style=\"text-decoration: underline;\"><strong>Freitag<\/strong><\/span><\/p>\n<p>Es ist wieder so weit, unser Spreewaldpokal-Wochenende steht an. Bei leichtem Nieselregen trafen die ersten Helfer so gegen 16:45 Uhr in der Gartengasse ein, eine 1\/2 Std. sp\u00e4ter wurde es richtig voll. LKW\u2019s, Transporter und Autos mit gro\u00dfen Anh\u00e4ngern trafen ein und es wurde neben den Matten, Org.-B\u00fcroausstattung und alles f\u00fcr die K\u00fcche eingeladen. Nach und nach, fast wie von Geisterhand, wurde das &#8222;Blaue Wunder&#8220; zur Wettkampst\u00e4tte. Trotz der vielen Aufgaben waren wir nach drei Stunden so gut wie fertig, Wahnsinn wie toll das wieder funtioniert hat, Ihr wart alle wieder SPITZE.<\/p>\n<p>[\/et_pb_text][et_pb_gallery gallery_ids=&#8220;21681,21683,21668,21684,21666,21667,21669,21685&#8243; posts_number=&#8220;8&#8243; show_title_and_caption=&#8220;off&#8220; _builder_version=&#8220;4.14.1&#8243; _module_preset=&#8220;default&#8220; global_colors_info=&#8220;{}&#8220;][\/et_pb_gallery][et_pb_text _builder_version=&#8220;4.14.1&#8243; _module_preset=&#8220;default&#8220; global_colors_info=&#8220;{}&#8220;]<\/p>\n<p><span style=\"text-decoration: underline;\"><strong>Samstag<\/strong><\/span><\/p>\n<p style=\"text-align: left;\"><span style=\"color: #000000;\">Der erste Wettkampftag , haben wir an alles gedacht? Bereits kurz nach 07:00 Uhr sind die ersten von uns da, ja zuerst den Kaffee zubereiten. Auch die ersten Vereine scheinen gut nach L\u00fcbben gekommen zu sein und sind kurze Zeit sp\u00e4ter angekommen. Die Helfer kommen sukzessive in die Halle und kurze Zeit sp\u00e4ter kamen auch schon die ersten Judoka aus L\u00fcbben. Das \u201eBlaue Wunder\u201c\u00a0 f\u00fcllte sich zusehens, so das wir das Wiegen ohne zeitliche Probleme durchf\u00fchren konnten. Kurz vor 10:00 Uhr wurde das Turnier er\u00f6ffnet. Auch unser B\u00fcrgermeister war wieder bei der Er\u00f6ffnung dabei und lies es sich nicht nehmen ein paar Worte an die Sportler zu richteten. Am ersten Tag nahmen knapp 300 Judoka aus 36 Vereinen teil, die zum Teil eine lange Anreise in Kauf nahmen (Sachsen, Th\u00fcringen und auch aus Mecklenburg-Vorpommern). Der Spreewaldpokal erreicht immer mehr Vereine, wenn das nicht super ist.<\/span><\/p>\n<p>[\/et_pb_text][et_pb_gallery gallery_ids=&#8220;21697,21693,21694,21695,21696,21698,21700,22086,22087,22088,22089,22090,22091,22092,22093,22094,22095,22096,22097,22098,22099,22100,22101,22102,22103,22104,22105,22106,22107,22108,22109,22110,22111,22112,22113,22114,22115,22116,22128,22127,22126,22125,22124,22123,22122,22121,22120,22119,22118,22117,22129,22130,22131,22132,22133,22134,22135,22136,22137,22138,22139,22140&#8243; posts_number=&#8220;12&#8243; show_title_and_caption=&#8220;off&#8220; _builder_version=&#8220;4.14.1&#8243; _module_preset=&#8220;default&#8220; hover_enabled=&#8220;0&#8243; global_colors_info=&#8220;{}&#8220; sticky_enabled=&#8220;0&#8243;][\/et_pb_gallery][et_pb_text _builder_version=&#8220;4.14.1&#8243; _module_preset=&#8220;default&#8220; global_colors_info=&#8220;{}&#8220;]<\/p>\n<p><span style=\"text-decoration: underline;\"><strong><span style=\"color: #000000; text-decoration: underline;\">Sonntag<\/span><\/strong><\/span><\/p>\n<p><span style=\"color: #000000;\">Wie eingespielt, alle Helfer waren wieder p\u00fcnktlich da und nahmen wie selbstverst\u00e4ndlich ihre Pl\u00e4tze ein. Auch heute ging nichts schief, viele Vereine bedankten sich an unterschiedlichen Stellen schon mal f\u00fcr dieses famouse Turnier. Heute reisten 306 Judoka aus 47 Vereinen an, unglaublich wir konnten Sportler aus Leipzig, Stralsund, Berlin, Brandenburg und sogar aus Pforzheim begr\u00fc\u00dfen. Gegen 16:00 Uhr waren die K\u00e4mpfe beendet und die letzte Siegerehrung wurde durchgef\u00fchrt. Ohne Zeitverzug begannen die R\u00fcckbauarbeiten und alles fand wieder seinen Platz in der Gartengasse. Das Turnier ist vorbei und wir freuen uns auf das n\u00e4chste Jahr beim Spreewaldpokal.<\/span><\/p>\n<p>[\/et_pb_text][et_pb_gallery gallery_ids=&#8220;21713,21714,21715,21716,21717,21718,21719,21720,21721,21722,21723,21724,21725,21726,21727,21728,21729,21730,21731,21732,21733,21734,21735,21736,21737,21738,21739,21740,21741,21742,21743,21744,21745,21746,21747,21748,21749,21750,21751,21752,21753,21754,21755,21756,21757,21758,21759,22143,22144,22145,22146,22147,22148,22149,22150,22151,22152,22153,22154,22155,22156,22157,22158,22159,22160,22161,22162,22163&#8243; posts_number=&#8220;12&#8243; show_title_and_caption=&#8220;off&#8220; _builder_version=&#8220;4.14.1&#8243; _module_preset=&#8220;default&#8220; hover_enabled=&#8220;0&#8243; global_colors_info=&#8220;{}&#8220; sticky_enabled=&#8220;0&#8243;][\/et_pb_gallery][\/et_pb_column][\/et_pb_row][\/et_pb_section]<\/p>\n","protected":false},"excerpt":{"rendered":"<p>Freitag Es ist wieder so weit, unser Spreewaldpokal-Wochenende steht an. Bei leichtem Nieselregen trafen die ersten Helfer so gegen 16:45 Uhr in der Gartengasse ein, eine 1\/2 Std. sp\u00e4ter wurde es richtig voll. LKW\u2019s, Transporter und Autos mit gro\u00dfen Anh\u00e4ngern trafen ein und es wurde neben den Matten, Org.-B\u00fcroausstattung und alles f\u00fcr die K\u00fcche eingeladen. [&hellip;]<\/p>\n","protected":false},"author":1,"featured_media":0,"parent":15705,"menu_order":0,"comment_status":"closed","ping_status":"closed","template":"","meta":{"_et_pb_use_builder":"on","_et_pb_old_content":"","_et_gb_content_width":"","footnotes":""},"class_list":["post-21640","page","type-page","status-publish","hentry"],"_links":{"self":[{"href":"https:\/\/xn--judo-lbben-feb.de\/index.php?rest_route=\/wp\/v2\/pages\/21640","targetHints":{"allow":["GET"]}}],"collection":[{"href":"https:\/\/xn--judo-lbben-feb.de\/index.php?rest_route=\/wp\/v2\/pages"}],"about":[{"href":"https:\/\/xn--judo-lbben-feb.de\/index.php?rest_route=\/wp\/v2\/types\/page"}],"author":[{"embeddable":true,"href":"https:\/\/xn--judo-lbben-feb.de\/index.php?rest_route=\/wp\/v2\/users\/1"}],"replies":[{"embeddable":true,"href":"https:\/\/xn--judo-lbben-feb.de\/index.php?rest_route=%2Fwp%2Fv2%2Fcomments&post=21640"}],"version-history":[{"count":26,"href":"https:\/\/xn--judo-lbben-feb.de\/index.php?rest_route=\/wp\/v2\/pages\/21640\/revisions"}],"predecessor-version":[{"id":22164,"href":"https:\/\/xn--judo-lbben-feb.de\/index.php?rest_route=\/wp\/v2\/pages\/21640\/revisions\/22164"}],"up":[{"embeddable":true,"href":"https:\/\/xn--judo-lbben-feb.de\/index.php?rest_route=\/wp\/v2\/pages\/15705"}],"wp:attachment":[{"href":"https:\/\/xn--judo-lbben-feb.de\/index.php?rest_route=%2Fwp%2Fv2%2Fmedia&parent=21640"}],"curies":[{"name":"wp","href":"https:\/\/api.w.org\/{rel}","templated":true}]}}