{"id":15547,"date":"2021-11-05T17:10:14","date_gmt":"2021-11-05T16:10:14","guid":{"rendered":"https:\/\/xn--judo-lbben-feb.de\/?page_id=15547"},"modified":"2023-03-12T10:42:57","modified_gmt":"2023-03-12T09:42:57","slug":"kinderschutzkonzept","status":"publish","type":"page","link":"https:\/\/xn--judo-lbben-feb.de\/?page_id=15547","title":{"rendered":"Kinderschutzkonzept"},"content":{"rendered":"\r\n<p><span style=\"color: #800000;\"><strong>Hier k\u00f6nnt Ihr das Konzept f\u00fcr Kinder-und Jungendschutz sowie Gewaltpr\u00e4vention in unserem Verein einsehen.<\/strong><\/span><\/p>\r\n\r\n\r\n\r\n<p>&nbsp;<\/p>\r\n\r\n\r\n\r\n<div data-wp-interactive=\"core\/file\" class=\"wp-block-file\"><object data-wp-bind--hidden=\"!state.hasPdfPreview\" hidden class=\"wp-block-file__embed\" style=\"width: 100%; height: 600px;\" data=\"https:\/\/xn--judo-lbben-feb.de\/wp-content\/uploads\/2021\/11\/Kinderschutzkonzept-Kuzushi-e.V..pdf\" type=\"application\/pdf\" width=\"300\" height=\"150\" aria-label=\"Einbettung von Einbettung von Kinderschutzkonzept-Kuzushi-e.V...\"><\/object><a href=\"https:\/\/xn--judo-lbben-feb.de\/wp-content\/uploads\/2021\/11\/Kinderschutzkonzept-Kuzushi-e.V..pdf\">Kinderschutzkonzept-Kuzushi-e.V.<\/a><a class=\"wp-block-file__button\" href=\"https:\/\/xn--judo-lbben-feb.de\/wp-content\/uploads\/2021\/11\/Kinderschutzkonzept-Kuzushi-e.V..pdf\" download=\"\">Herunterladen<\/a><\/div>\r\n","protected":false},"excerpt":{"rendered":"<p>Hier k\u00f6nnt Ihr das Konzept f\u00fcr Kinder-und Jungendschutz sowie Gewaltpr\u00e4vention in unserem Verein einsehen. &nbsp;<\/p>\n","protected":false},"author":1,"featured_media":0,"parent":0,"menu_order":14,"comment_status":"closed","ping_status":"closed","template":"","meta":{"_et_pb_use_builder":"","_et_pb_old_content":"","_et_gb_content_width":"","footnotes":""},"class_list":["post-15547","page","type-page","status-publish","hentry"],"_links":{"self":[{"href":"https:\/\/xn--judo-lbben-feb.de\/index.php?rest_route=\/wp\/v2\/pages\/15547","targetHints":{"allow":["GET"]}}],"collection":[{"href":"https:\/\/xn--judo-lbben-feb.de\/index.php?rest_route=\/wp\/v2\/pages"}],"about":[{"href":"https:\/\/xn--judo-lbben-feb.de\/index.php?rest_route=\/wp\/v2\/types\/page"}],"author":[{"embeddable":true,"href":"https:\/\/xn--judo-lbben-feb.de\/index.php?rest_route=\/wp\/v2\/users\/1"}],"replies":[{"embeddable":true,"href":"https:\/\/xn--judo-lbben-feb.de\/index.php?rest_route=%2Fwp%2Fv2%2Fcomments&post=15547"}],"version-history":[{"count":3,"href":"https:\/\/xn--judo-lbben-feb.de\/index.php?rest_route=\/wp\/v2\/pages\/15547\/revisions"}],"predecessor-version":[{"id":17838,"href":"https:\/\/xn--judo-lbben-feb.de\/index.php?rest_route=\/wp\/v2\/pages\/15547\/revisions\/17838"}],"wp:attachment":[{"href":"https:\/\/xn--judo-lbben-feb.de\/index.php?rest_route=%2Fwp%2Fv2%2Fmedia&parent=15547"}],"curies":[{"name":"wp","href":"https:\/\/api.w.org\/{rel}","templated":true}]}}