{"id":1496,"date":"2013-02-25T19:00:06","date_gmt":"2013-02-25T19:00:06","guid":{"rendered":"http:\/\/xn--judo-lbben-feb.de\/?page_id=1496"},"modified":"2016-03-17T18:09:17","modified_gmt":"2016-03-17T17:09:17","slug":"chronik","status":"publish","type":"page","link":"https:\/\/xn--judo-lbben-feb.de\/?page_id=1496","title":{"rendered":"Chronik"},"content":{"rendered":"<p align=\"center\"><strong><span style=\"text-decoration: underline;\">Ju Jutsu \/ Jiu Jitsu L\u00fcbben<\/span><\/strong><\/p>\n<p style=\"text-align: center;\"><strong>Januar 1999<\/strong><\/p>\n<p style=\"text-align: left;\">&#8211; der <strong>1.<\/strong> Selbstverteidigungslehrgang wird in L\u00fcbben von Tobias \u00a0Kanter organisiert und mit Hilfe von einem befreundeten Verein durchgef\u00fchrt,<\/p>\n<p style=\"text-align: left;\">&#8211; das Interesse ist so gro\u00df, dass eine Trainingsgruppe mit ca. 10 Mitgliedern regelm\u00e4\u00dfig auf der Matte \u201esteht\u00a0 \u201c,<\/p>\n<p style=\"text-align: left;\">&#8211; Berufsbedingt und durch pers\u00f6nliche Gr\u00fcnde \u201eschrumpft\u201c die Gruppe auf 3-4 Personen (<strong><em>Tobias Kanter<\/em><\/strong>, Eike Musculus, Andre\u00b4 Hannemann, Philipp Lehmann).<\/p>\n<p style=\"text-align: center;\"><strong>2000<\/strong><\/p>\n<p style=\"text-align: left;\"><strong>&#8211; <\/strong>die Gruppe muss ohne Trainer weitermachen, da Tobias sich beruflich ver\u00e4ndert und nicht mehr am Training teilnimmt<\/p>\n<p style=\"text-align: left;\">&#8211; es werden Lehrg\u00e4nge besucht und der Kontakt zum Gosener Verein intensiviert.<\/p>\n<p style=\"text-align: center;\"><strong>2001<\/strong><\/p>\n<p style=\"text-align: left;\">&#8211; neue Mitglieder kommen hinzu und Pr\u00fcfungen werden abgelegt,<\/p>\n<p style=\"text-align: left;\">&#8211; Eike und Andre\u00b4 erwerben die \u00dcbungsleiterlizenz Stufe C beim LSB.<\/p>\n<p style=\"text-align: center;\"><strong>2002<\/strong><\/p>\n<p style=\"text-align: left;\">&#8211; Andre\u00b4 nimmt erfolgreich am \u00dcbungsleiter B Lehrgang teil.<\/p>\n<p style=\"text-align: center;\"><strong>2003<\/strong><\/p>\n<p style=\"text-align: left;\">&#8211; unsere Gruppe ist auf ca. 12 Mitglieder angewachsen.<\/p>\n<p style=\"text-align: left;\">&#8211; der Gosener Verein l\u00f6st sich auf und wir m\u00fcssen zur Pr\u00fcfung und zu Lehrg\u00e4ngen wieder bis nach Lauenburg\/Elbe fahren.<\/p>\n<p style=\"text-align: center;\"><strong>2004<\/strong><\/p>\n<p style=\"text-align: left;\">&#8211; wir organisieren unseren <strong>2.<\/strong> Selbstverteidigungslehrgang (der <strong><span style=\"text-decoration: underline;\">1.<\/span><\/strong> ohne fremde Hilfe!) in L\u00fcbben und haben Joachim Peters 9.Dan und Eckard Lesage 4.Dan aus Lauenburg als Trainer zu Gast.<\/p>\n<p style=\"text-align: center;\"><strong>2005<\/strong><\/p>\n<p style=\"text-align: left;\">&#8211; Kontakte zum Jiu Ring \u201eErich Rahn\u201c aus Berlin und nach Scharbeutz, dort besuchen wir Lehrg\u00e4nge und lernen neue Trainer kennen,<\/p>\n<p style=\"text-align: left;\">&#8211; unser<strong> 3. <\/strong>Selbstverteidigungslehrgang findet im August statt.<\/p>\n<p style=\"text-align: center;\"><strong>2006<\/strong><\/p>\n<p style=\"text-align: left;\">&#8211; wir stellen Jiu Jitsu an der Realschule innerhalb des Sportunterrichts vor, und unterrichten ca. 500 Sch\u00fcler<\/p>\n<p style=\"text-align: left;\">&#8211; der <strong>4. <\/strong>Selbstverteidigungslehrgang findet am 06.05.2006 statt,<\/p>\n<p style=\"text-align: left;\">\u00a0&#8211; im September nehmen wir am Jubil\u00e4umslehrgang \u201e100 Jahre\u201c Erich Rahn in Berlin teil,<\/p>\n<p style=\"text-align: left;\">&#8211; am Jahresende besteht Andre\u00b4 die Pr\u00fcfung zum 1. Dan + Pr\u00fcferlizenz, wir k\u00f6nnen endlich Pr\u00fcfungen im eigenen Verein ablegen.<\/p>\n<p style=\"text-align: center;\"><strong>2007 <\/strong><\/p>\n<p style=\"text-align: left;\">&#8211; wir f\u00fchren in L\u00fcbben den <strong>5.<\/strong> Selbstverteidigungslehrgang,<\/p>\n<p style=\"text-align: left;\">&#8211; vier weitere Vereinslehrg\u00e4nge sowie ein Trainingslager in Uckley durch.<\/p>\n<p style=\"text-align: center;\"><strong>2008<\/strong><\/p>\n<p style=\"text-align: left;\">&#8211; wir sind als erste \u201eJiu Jitsu\u201c Sektion in den DJJV (Deutschen Ju\u00a0 Jutsu Verband) eingetreten, Teilnahme an vielen Lehrg\u00e4ngen undPr\u00fcfungen, Trainingslager von der Sektion in Blossin<\/p>\n<p style=\"text-align: left;\">\u2013 wir haben Sascha Dietzel ( 3.Dan vom BJJV) als Gasttrainer<\/p>\n<p style=\"text-align: center;\">&#8211; im September haben wir wieder Joachim Peters 9.Dan und Wilfried Werth 4.Dan zu unserem SV-Lehrgang zu Gast.<\/p>\n<p style=\"text-align: center;\"><strong>2009<\/strong><\/p>\n<p style=\"text-align: left;\">&#8211; bei der Trainerfortbildung lernen wir Jiu \u2013 Sportler aus Wustermark kennen und arbeiten seither eng mit ihnen zusammen,<\/p>\n<p style=\"text-align: left;\">&#8211; wie in den anderen Jahren auch, f\u00fchren wir in L\u00fcbben Lehrg\u00e4nge durch, Nils Wunderlich besteht seine Pr\u00fcfung zum 1.Dan und ist eine gro\u00dfe St\u00fctze der Sektion beim Training<\/p>\n<p style=\"text-align: left;\">&#8211; Andre\u00b4 legt in einer\u00a0 Anerkennungspr\u00fcfung seinen 1.Dan im Ju Jutsu ab.<\/p>\n<p style=\"text-align: center;\"><strong>2010<\/strong><\/p>\n<p style=\"text-align: left;\">&#8211; Teilnahme an Bundes-, Landeslehrg\u00e4ngen und Landesseminaren,<\/p>\n<p style=\"text-align: left;\">&#8211; es finden auch wieder Lehrg\u00e4nge in L\u00fcbben statt,<\/p>\n<p style=\"text-align: left;\">&#8211; Sven Besser und Nils Wunderlich nehmen an einer Ausbildung als Referent f\u00fcr Frauenselbstverteidigung beim BJJV teil und f\u00fchren in L\u00fcbben in Kooperation mit dem \u201eBodyfit\u201c Lehrg\u00e4nge durch.<\/p>\n<p style=\"text-align: center;\"><strong>2011<\/strong><\/p>\n<p style=\"text-align: left;\">&#8211; im BJJV arbeitet Andre\u00b4 als Vertreter f\u00fcr Jiu Jitsu auf Landesebene \u2013 Teilnahme an Weiterbildungen\/Schulungen,<\/p>\n<p style=\"text-align: left;\">&#8211; es findet ein Lehrgang mit J\u00fcrgen Raffel 7.Dan aus Berlin im April statt.<\/p>\n<p style=\"text-align: center;\"><strong>2012<\/strong><\/p>\n<p style=\"text-align: left;\">&#8211; ein Lehrgang am Jahresanfang mit J\u00fcrgen Raffel und im September findet der <strong>1. Kata LLG <\/strong>im Land Brandenburg im BJJV mit Detlef Kersten 7.Dan statt,<\/p>\n<p style=\"text-align: left;\">&#8211; es werden wieder viele BLG und LLG besucht.<\/p>\n<p style=\"text-align: center;\"><strong>Seit unserem Bestehen haben wir als Sektion innerhalb des Judoverein an vielen Vorf\u00fchrungen teilgenommen.\u00a0 <\/strong><\/p>\n","protected":false},"excerpt":{"rendered":"<p>Ju Jutsu \/ Jiu Jitsu L\u00fcbben Januar 1999 &#8211; der 1. Selbstverteidigungslehrgang wird in L\u00fcbben von Tobias \u00a0Kanter organisiert und mit Hilfe von einem befreundeten Verein durchgef\u00fchrt, &#8211; das Interesse ist so gro\u00df, dass eine Trainingsgruppe mit ca. 10 Mitgliedern regelm\u00e4\u00dfig auf der Matte \u201esteht\u00a0 \u201c, &#8211; Berufsbedingt und durch pers\u00f6nliche Gr\u00fcnde \u201eschrumpft\u201c die Gruppe [&hellip;]<\/p>\n","protected":false},"author":1,"featured_media":0,"parent":29,"menu_order":3,"comment_status":"closed","ping_status":"open","template":"","meta":{"_et_pb_use_builder":"","_et_pb_old_content":"","_et_gb_content_width":"","footnotes":""},"class_list":["post-1496","page","type-page","status-publish","hentry"],"_links":{"self":[{"href":"https:\/\/xn--judo-lbben-feb.de\/index.php?rest_route=\/wp\/v2\/pages\/1496","targetHints":{"allow":["GET"]}}],"collection":[{"href":"https:\/\/xn--judo-lbben-feb.de\/index.php?rest_route=\/wp\/v2\/pages"}],"about":[{"href":"https:\/\/xn--judo-lbben-feb.de\/index.php?rest_route=\/wp\/v2\/types\/page"}],"author":[{"embeddable":true,"href":"https:\/\/xn--judo-lbben-feb.de\/index.php?rest_route=\/wp\/v2\/users\/1"}],"replies":[{"embeddable":true,"href":"https:\/\/xn--judo-lbben-feb.de\/index.php?rest_route=%2Fwp%2Fv2%2Fcomments&post=1496"}],"version-history":[{"count":1,"href":"https:\/\/xn--judo-lbben-feb.de\/index.php?rest_route=\/wp\/v2\/pages\/1496\/revisions"}],"predecessor-version":[{"id":9479,"href":"https:\/\/xn--judo-lbben-feb.de\/index.php?rest_route=\/wp\/v2\/pages\/1496\/revisions\/9479"}],"up":[{"embeddable":true,"href":"https:\/\/xn--judo-lbben-feb.de\/index.php?rest_route=\/wp\/v2\/pages\/29"}],"wp:attachment":[{"href":"https:\/\/xn--judo-lbben-feb.de\/index.php?rest_route=%2Fwp%2Fv2%2Fmedia&parent=1496"}],"curies":[{"name":"wp","href":"https:\/\/api.w.org\/{rel}","templated":true}]}}