{"id":1403,"date":"2013-02-12T14:28:07","date_gmt":"2013-02-12T14:28:07","guid":{"rendered":"http:\/\/xn--judo-lbben-feb.de\/?page_id=1403"},"modified":"2023-03-12T10:34:52","modified_gmt":"2023-03-12T09:34:52","slug":"2013-2","status":"publish","type":"page","link":"https:\/\/xn--judo-lbben-feb.de\/?page_id=1403","title":{"rendered":"2013"},"content":{"rendered":"<h4 style=\"text-align: center;\">Kuzushi auf der Matte ganz stark beim 13. Hellmannpokal in Vetschau<\/h4>\n<h6 style=\"text-align: right;\"><a href=\"http:\/\/www.lr-online.de\/regionen\/luebben\/Kuzushi-auf-der-Matte-ganz-stark;art1058,4396426\" target=\"_blank\" rel=\"noopener\">lr-online vom\u00a0 20.11.<\/a>\u00a0 <span style=\"color: #800000;\"><a style=\"color: #800000;\" href=\"https:\/\/xn--judo-lbben-feb.de\/wp-content\/uploads\/2013\/02\/pdf4.pdf\">pdf<\/a><\/span><\/h6>\n<p style=\"text-align: center;\"><span style=\"color: #800000;\">__________________________________________________<\/span><\/p>\n<h4 style=\"text-align: center;\">Freundeskreis will Judoverein helfen<\/h4>\n<h6 style=\"text-align: right;\"><a href=\"http:\/\/www.lr-online.de\/regionen\/luebben\/Freundeskreis-will-Judoverein-helfen;art1058,4119455\" target=\"_blank\" rel=\"noopener\">lr-online vom 09.02.<\/a>\u00a0<span style=\"color: #800000;\"> <a style=\"color: #800000;\" href=\"https:\/\/xn--judo-lbben-feb.de\/wp-content\/uploads\/2013\/02\/pdf3.pdf\">pdf<\/a><\/span><\/h6>\n<p style=\"text-align: center;\"><span style=\"color: #800000;\">__________________________________________________<\/span><\/p>\n<h4 style=\"text-align: center;\">Jahresr\u00fcckblick 2012 &amp; Vorschau Spreewaldpokal 2013<\/h4>\n<h6 style=\"text-align: right;\"><a href=\"http:\/\/www.lr-online.de\/regionen\/luckau\/Kuzushi-Luebben-fiebert-Spreewaldpokal-entgegen;art1062,4138373\" target=\"_blank\" rel=\"noopener\">lr-online vom 28.02.<\/a>\u00a0 <span style=\"color: #800000;\"><a style=\"color: #800000;\" href=\"https:\/\/xn--judo-lbben-feb.de\/wp-content\/uploads\/2013\/02\/pdf2.pdf\">pdf<\/a><\/span><\/h6>\n<p style=\"text-align: center;\"><span style=\"color: #800000;\">__________________________________________________<\/span><\/p>\n<h4 style=\"text-align: center;\">Erfolgreiche L\u00fcbbener Judoka in Gro\u00dfr\u00e4schen 29.04.2013<\/h4>\n<p style=\"text-align: center;\"><a href=\"https:\/\/xn--judo-lbben-feb.de\/wp-content\/uploads\/2013\/02\/img013.jpg\"><img loading=\"lazy\" decoding=\"async\" class=\" size-thumbnail wp-image-2254 aligncenter\" title=\"img013\" src=\"https:\/\/xn--judo-lbben-feb.de\/wp-content\/uploads\/2013\/02\/img013-150x150.jpg\" alt=\"\" width=\"150\" height=\"150\" \/><\/a><span style=\"color: #800000;\">__________________________________________________<\/span><\/p>\n<h4 style=\"text-align: center;\">aus dem Trainingsalltag &amp; Dank an den Freundeskreis L\u00fcbben<\/h4>\n<h6 style=\"text-align: right;\"><a href=\"https:\/\/xn--judo-lbben-feb.de\/wp-content\/uploads\/2013\/02\/Wochenkurier-30.04.2013.pdf\">Wochenkurier 30.04.2013<\/a><\/h6>\n<p style=\"text-align: center;\"><span style=\"color: #800000;\">__________________________________________________<\/span><\/p>\n<h4 style=\"text-align: center;\">Nachwuchs von Kuzushi L\u00fcbben holt 3x Gold<\/h4>\n<h6 style=\"text-align: right;\"><a href=\"http:\/\/www.lr-online.de\/regionen\/luckau\/Nachwuchs-von-Kuzushi-Luebben-holt-drei-Mal-Gold;art1062,4230975\" target=\"_blank\" rel=\"noopener\">lr-online vom 05.06.<\/a>\u00a0 <span style=\"color: #800000;\"><a style=\"color: #800000;\" href=\"https:\/\/xn--judo-lbben-feb.de\/wp-content\/uploads\/2013\/02\/pdf1.pdf\">pdf<\/a><\/span><\/h6>\n<p style=\"text-align: center;\"><span style=\"color: #800000;\">__________________________________________________<\/span><\/p>\n<h4 style=\"text-align: center;\">Landesmeisterschaft U13 in F\u00fcrstenwalde<\/h4>\n<h6 style=\"text-align: right;\"><a href=\"http:\/\/www.lr-online.de\/regionen\/luckau\/Sarah-Rudnik-verteidigt-Titel;art1062,4242318\" target=\"_blank\" rel=\"noopener\">lr-online vom 17.06.<\/a>\u00a0 <span style=\"color: #800000;\"><a style=\"color: #800000;\" href=\"https:\/\/xn--judo-lbben-feb.de\/wp-content\/uploads\/2013\/02\/pdf.pdf\">pdf<\/a><\/span><\/h6>\n","protected":false},"excerpt":{"rendered":"<p>Kuzushi auf der Matte ganz stark beim 13. Hellmannpokal in Vetschau lr-online vom\u00a0 20.11.\u00a0 pdf __________________________________________________ Freundeskreis will Judoverein helfen lr-online vom 09.02.\u00a0 pdf __________________________________________________ Jahresr\u00fcckblick 2012 &amp; Vorschau Spreewaldpokal 2013 lr-online vom 28.02.\u00a0 pdf __________________________________________________ Erfolgreiche L\u00fcbbener Judoka in Gro\u00dfr\u00e4schen 29.04.2013 __________________________________________________ aus dem Trainingsalltag &amp; Dank an den Freundeskreis L\u00fcbben Wochenkurier 30.04.2013 __________________________________________________ [&hellip;]<\/p>\n","protected":false},"author":1,"featured_media":0,"parent":9403,"menu_order":5,"comment_status":"closed","ping_status":"open","template":"","meta":{"_et_pb_use_builder":"","_et_pb_old_content":"","_et_gb_content_width":"","footnotes":""},"class_list":["post-1403","page","type-page","status-publish","hentry"],"_links":{"self":[{"href":"https:\/\/xn--judo-lbben-feb.de\/index.php?rest_route=\/wp\/v2\/pages\/1403","targetHints":{"allow":["GET"]}}],"collection":[{"href":"https:\/\/xn--judo-lbben-feb.de\/index.php?rest_route=\/wp\/v2\/pages"}],"about":[{"href":"https:\/\/xn--judo-lbben-feb.de\/index.php?rest_route=\/wp\/v2\/types\/page"}],"author":[{"embeddable":true,"href":"https:\/\/xn--judo-lbben-feb.de\/index.php?rest_route=\/wp\/v2\/users\/1"}],"replies":[{"embeddable":true,"href":"https:\/\/xn--judo-lbben-feb.de\/index.php?rest_route=%2Fwp%2Fv2%2Fcomments&post=1403"}],"version-history":[{"count":32,"href":"https:\/\/xn--judo-lbben-feb.de\/index.php?rest_route=\/wp\/v2\/pages\/1403\/revisions"}],"predecessor-version":[{"id":12479,"href":"https:\/\/xn--judo-lbben-feb.de\/index.php?rest_route=\/wp\/v2\/pages\/1403\/revisions\/12479"}],"up":[{"embeddable":true,"href":"https:\/\/xn--judo-lbben-feb.de\/index.php?rest_route=\/wp\/v2\/pages\/9403"}],"wp:attachment":[{"href":"https:\/\/xn--judo-lbben-feb.de\/index.php?rest_route=%2Fwp%2Fv2%2Fmedia&parent=1403"}],"curies":[{"name":"wp","href":"https:\/\/api.w.org\/{rel}","templated":true}]}}