{"id":13101,"date":"2018-05-20T08:00:23","date_gmt":"2018-05-20T07:00:23","guid":{"rendered":"http:\/\/xn--judo-lbben-feb.de\/?page_id=13101"},"modified":"2023-02-26T10:49:51","modified_gmt":"2023-02-26T09:49:51","slug":"datenschutzerklaerung","status":"publish","type":"page","link":"https:\/\/xn--judo-lbben-feb.de\/?page_id=13101","title":{"rendered":"Datenschutzerkl\u00e4rung"},"content":{"rendered":"<p>[et_pb_section][et_pb_row][et_pb_column type=&#8220;4_4&#8243;][et_pb_text]<\/p>\n<h2>Kuzushi e.V. L\u00fcbben<\/h2>\n<p>Die Adresse unserer Website ist: http:\/\/judo-l\u00fcbben.de.<\/p>\n<h4>Welche personenbezogenen Daten wir sammeln und warum wir sie sammeln<\/h4>\n<p>Kommentare werden auf unserer Website nicht zugelassen. Sollte dies aus technischen Gr\u00fcnden doch einmal passieren, werden die Daten sofort gel\u00f6scht und nicht bearbeitet.<\/p>\n<h4>Kontaktformular<\/h4>\n<p>Benutzer des zur Verf\u00fcgung gestellten Kontaktformulars geben ausschlie\u00dflisch ihren Namen und Email Adresse dem Verein zur Kenntnis.\u00a0 Die im Formular erhobenen Daten werden bei Nichtnutzung sofort gel\u00f6scht.<\/p>\n<h3>Cookies<\/h3>\n<p>Wenn eine Seite oder ein Artikel bearbeitet wird oder ver\u00f6ffentlicht, wird ein zus\u00e4tzlicher Cookie in dem Browser der Website Administratoren gespeichert. Dieser Cookie enth\u00e4lt keine personenbezogenen Daten und verweist nur auf die Beitrags-ID des Artikels, den du gerade bearbeitet hast. Der Cookie verf\u00e4llt nach einem Tag.<\/p>\n<h3>Eingebettete Inhalte von anderen Websites<\/h3>\n<p>Beitr\u00e4ge auf dieser Website k\u00f6nnen eingebettete Inhalte beinhalten (z.\u00a0B. Videos, Bilder, Beitr\u00e4ge etc.). Eingebettete Inhalte von anderen Websites verhalten sich exakt so, als ob der Besucher die andere Website besucht h\u00e4tte.<\/p>\n<p>Diese Websites k\u00f6nnen Daten sammeln, Cookies benutzen, zus\u00e4tzliche Tracking-Dienste von Dritten einbetten und deine Interaktion mit diesem eingebetteten Inhalt aufzeichnen, inklusive der Interaktion mit dem eingebetteten Inhalt, falls ein Konto auf dieser Website existiert.<\/p>\n<h3>Ma\u00dfnahmen des Vereins<\/h3>\n<div>Um den Datenschutz im Verein effektiv zu gew\u00e4hrleisten, hat der Verein zahlreiche M\u00f6glichkeiten, die zum Teil freiwillig sind, zum Teil aber auch bereits verpflichtend in der DS<\/div>\n<div>-GVO oder im BDSG festgelegt sind.<\/div>\n<div>Insgesamt spricht man von technischen und organisatorischen Ma\u00dfnahmen, die den Schutz personenbezogener Daten sicherstellen sollen.<\/div>\n<div><\/div>\n<div><strong>1. Ergreifen technischer und organisatorischer Ma\u00dfnahmen<\/strong><\/div>\n<div><\/div>\n<div>Der Verantwortliche hat alle technischen und organisatorischen Ma\u00dfnahmen zu treffen, um ein dem Risiko angemessenes Schutzniveau zu gew\u00e4hrleisten. Hierzu z\u00e4hlen verschiedene Vorkeh-<\/div>\n<div>rungen, die jeweils von den Umst\u00e4nden des Einzelfalles abh\u00e4ngen. Dies reicht von Regelungen der Zugangskontrolle und des Passwortschutzes bis hin zu Anweisungen bez\u00fcglich der L\u00f6schung<\/div>\n<div>von Daten.<\/div>\n<div><\/div>\n<div><strong>2. Erstellen von Verarbeitungsverzeichnissen <\/strong>(derzeit nicht notwendig, wird freiwillig durch den Vereien erstellt)<\/div>\n<div><\/div>\n<div>Nach Artikel 30 DS-GVO ist der Verantwortliche verpflichtet, ein Verzeichnis von Verarbeitungst\u00e4tigkeiten zu f\u00fchren. Die Pflicht trifft zun\u00e4chst nur Verantwortliche ab einer Zahl von 250 Mitgliedern\/innen. Allerdings soll die Pflicht auch dann bestehen, wenn die Verarbeitung ein Risiko f\u00fcr die Rechte und Freiheiten der betroffenen Person birgt, bei Sportvereinen wie dem Kuzuhi e.V. L\u00fcbben wird es darauf ankommen, ob er personenbezogene Daten nur gelegentlich verarbeiten oder regelm\u00e4\u00dfig.<\/div>\n<div><\/div>\n<div>Unser Verein, bei dem nur sehr wenige Mitglieder im Laufe des Jahres ein-und austreten, kein Beitragseinzug durchgef\u00fchrt wird und sonst keine Daten an<\/div>\n<div>Fachverb\u00e4nde meldet, d\u00fcrfte von der Pflicht ausgenommen sein. Da der Kuzuhi e.V., zum Teil w\u00f6chentlich am Wettkamplbetrieb teilnimmt, k\u00f6nnte er verpflichtet sein, ein Verzeichnis \u00fcber die Verarbeitungst\u00e4tigkeiten zu f\u00fchren.<\/div>\n<div>Da es unklar ist ob f\u00fcr unseren Verein eine Verpflichtung besteht, haben wir freiwillig eine Liste \u00fcber die Verarbeitungst\u00e4tigkeiten erstellt. Die Liste ist beim Vorstand jederezit einsehbar und somit transparent.<\/div>\n<div><\/div>\n<div><strong>3. Verpflichtung des Vorstandes zum Datengeheimnis<\/strong><\/div>\n<div><\/div>\n<div>\n<div>Der Vorstand des Vereins stellt durch eine Verpflichtung der betrauten Personen den Umgang mit vertraulichen und personenbezogenen Daten sicher. Personenbezogende Daten werden ausschlie\u00dflich zur F\u00fchrung der Mitgliedschaft erhoben. Diese Daten k\u00f6nnen nur durch einen sehr kleinen Personenkreis eingesehen.<\/div>\n<\/div>\n<p>[\/et_pb_text][\/et_pb_column][\/et_pb_row][\/et_pb_section]<\/p>\n","protected":false},"excerpt":{"rendered":"<p><div class=\"et_pb_section et_pb_section_0 et_section_regular\" >\n\t\t\t\t\n\t\t\t\t\n\t\t\t\t\n\t\t\t\t\n\t\t\t\t\t\n\t\t\t\t\n\t\t\t\t\n\t\t\t<\/div><div class=\"et_pb_row et_pb_row_0 et_pb_row_empty\">\n\t\t\t\t\n\t\t\t\t\n\t\t\t\t\n\t\t\t<\/div><div class=\"et_pb_module et_pb_text et_pb_text_0  et_pb_text_align_left et_pb_bg_layout_light\">\n\t\t\t\t\n\t\t\t\t\n\t\t\t\t\n\t\t\t<\/div> Kuzushi e.V. L\u00fcbben Die Adresse unserer Website ist: http:\/\/judo-l\u00fcbben.de. Welche personenbezogenen Daten wir sammeln und warum wir sie sammeln Kommentare werden auf unserer Website nicht zugelassen. Sollte dies aus technischen Gr\u00fcnden doch einmal passieren, werden die Daten sofort gel\u00f6scht und nicht bearbeitet. Kontaktformular Benutzer des zur Verf\u00fcgung gestellten Kontaktformulars geben ausschlie\u00dflisch ihren Namen und [&hellip;]<\/p>\n","protected":false},"author":1,"featured_media":0,"parent":0,"menu_order":14,"comment_status":"closed","ping_status":"closed","template":"","meta":{"_et_pb_use_builder":"on","_et_pb_old_content":"<h2>Kuzushi e.V. L\u00fcbben<\/h2><p>Die Adresse unserer Website ist: http:\/\/judo-l\u00fcbben.de.<\/p><h4>Welche personenbezogenen Daten wir sammeln und warum wir sie sammeln<\/h4><p>Kommentare werden auf unserer Website nicht zugelassen. Sollte dies aus technischen Gr\u00fcnden doch einmal passieren, werden die Daten sofort gel\u00f6scht und nicht bearbeitet.<\/p><h4>Kontaktformular<\/h4><p>Benutzer des zur Verf\u00fcgung gestellten Kontaktformulars geben ausschlie\u00dflisch ihren Namen und Email Adresse dem Verein zur Kenntnis.\u00a0 Die im Formular erhobenen Daten werden bei Nichtnutzung sofort gel\u00f6scht.<\/p><h3>Cookies<\/h3><p>Wenn eine Seite oder ein Artikel bearbeitet wird oder ver\u00f6ffentlicht, wird ein zus\u00e4tzlicher Cookie in dem Browser der Website Administratoren gespeichert. Dieser Cookie enth\u00e4lt keine personenbezogenen Daten und verweist nur auf die Beitrags-ID des Artikels, den du gerade bearbeitet hast. Der Cookie verf\u00e4llt nach einem Tag.<\/p><h3>Eingebettete Inhalte von anderen Websites<\/h3><p>Beitr\u00e4ge auf dieser Website k\u00f6nnen eingebettete Inhalte beinhalten (z.\u00a0B. Videos, Bilder, Beitr\u00e4ge etc.). Eingebettete Inhalte von anderen Websites verhalten sich exakt so, als ob der Besucher die andere Website besucht h\u00e4tte.<\/p><p>Diese Websites k\u00f6nnen Daten sammeln, Cookies benutzen, zus\u00e4tzliche Tracking-Dienste von Dritten einbetten und deine Interaktion mit diesem eingebetteten Inhalt aufzeichnen, inklusive der Interaktion mit dem eingebetteten Inhalt, falls ein Konto auf dieser Website existiert.<\/p><h3>Ma\u00dfnahmen des Vereins<\/h3><div>Um den Datenschutz im Verein effektiv zu gew\u00e4hrleisten, hat der Verein zahlreiche M\u00f6glichkeiten, die zum Teil freiwillig sind, zum Teil aber auch bereits verpflichtend in der DS<\/div><div>-GVO oder im BDSG festgelegt sind.<\/div><div>Insgesamt spricht man von technischen und organisatorischen Ma\u00dfnahmen, die den Schutz personenbezogener Daten sicherstellen sollen.<\/div><div>\u00a0<\/div><div><strong>1. Ergreifen technischer und organisatorischer Ma\u00dfnahmen<\/strong><\/div><div>\u00a0<\/div><div>Der Verantwortliche hat alle technischen und organisatorischen Ma\u00dfnahmen zu treffen, um ein dem Risiko angemessenes Schutzniveau zu gew\u00e4hrleisten. Hierzu z\u00e4hlen verschiedene Vorkeh-<\/div><div>rungen, die jeweils von den Umst\u00e4nden des Einzelfalles abh\u00e4ngen. Dies reicht von Regelungen der Zugangskontrolle und des Passwortschutzes bis hin zu Anweisungen bez\u00fcglich der L\u00f6schung<\/div><div>von Daten.<\/div><div>\u00a0<\/div><div><strong>2. Erstellen von Verarbeitungsverzeichnissen <\/strong>(derzeit nicht notwendig, wird freiwillig durch den Vereien erstellt)<\/div><div>\u00a0<\/div><div>Nach Artikel 30 DS-GVO ist der Verantwortliche verpflichtet, ein Verzeichnis von Verarbeitungst\u00e4tigkeiten zu f\u00fchren. Die Pflicht trifft zun\u00e4chst nur Verantwortliche ab einer Zahl von 250 Mitgliedern\/innen. Allerdings soll die Pflicht auch dann bestehen, wenn die Verarbeitung ein Risiko f\u00fcr die Rechte und Freiheiten der betroffenen Person birgt, bei Sportvereinen wie dem Kuzuhi e.V. L\u00fcbben wird es darauf ankommen, ob er personenbezogene Daten nur gelegentlich verarbeiten oder regelm\u00e4\u00dfig.<\/div><div>\u00a0<\/div><div>Unser Verein, bei dem nur sehr wenige Mitglieder im Laufe des Jahres ein-und austreten, kein Beitragseinzug durchgef\u00fchrt wird und sonst keine Daten an<\/div><div>Fachverb\u00e4nde meldet, d\u00fcrfte von der Pflicht ausgenommen sein. Da der Kuzuhi e.V., zum Teil w\u00f6chentlich am Wettkamplbetrieb teilnimmt, k\u00f6nnte er verpflichtet sein, ein Verzeichnis \u00fcber die Verarbeitungst\u00e4tigkeiten zu f\u00fchren.<\/div><div>Da es unklar ist ob f\u00fcr unseren Verein eine Verpflichtung besteht, haben wir freiwillig eine Liste \u00fcber die Verarbeitungst\u00e4tigkeiten erstellt. Die Liste ist beim Vorstand jederezit einsehbar und somit transparent.<\/div><div>\u00a0<\/div><div><strong>3. Verpflichtung des Vorstandes zum Datengeheimnis<\/strong><\/div><div>\u00a0<\/div><div><div>Der Vorstand des Vereins stellt durch eine Verpflichtung der betrauten Personen den Umgang mit vertraulichen und personenbezogenen Daten sicher. Personenbezogende Daten werden ausschlie\u00dflich zur F\u00fchrung der Mitgliedschaft erhoben. Diese Daten k\u00f6nnen nur durch einen sehr kleinen Personenkreis eingesehen.<\/div><\/div>","_et_gb_content_width":"","footnotes":""},"class_list":["post-13101","page","type-page","status-publish","hentry"],"_links":{"self":[{"href":"https:\/\/xn--judo-lbben-feb.de\/index.php?rest_route=\/wp\/v2\/pages\/13101","targetHints":{"allow":["GET"]}}],"collection":[{"href":"https:\/\/xn--judo-lbben-feb.de\/index.php?rest_route=\/wp\/v2\/pages"}],"about":[{"href":"https:\/\/xn--judo-lbben-feb.de\/index.php?rest_route=\/wp\/v2\/types\/page"}],"author":[{"embeddable":true,"href":"https:\/\/xn--judo-lbben-feb.de\/index.php?rest_route=\/wp\/v2\/users\/1"}],"replies":[{"embeddable":true,"href":"https:\/\/xn--judo-lbben-feb.de\/index.php?rest_route=%2Fwp%2Fv2%2Fcomments&post=13101"}],"version-history":[{"count":7,"href":"https:\/\/xn--judo-lbben-feb.de\/index.php?rest_route=\/wp\/v2\/pages\/13101\/revisions"}],"predecessor-version":[{"id":17583,"href":"https:\/\/xn--judo-lbben-feb.de\/index.php?rest_route=\/wp\/v2\/pages\/13101\/revisions\/17583"}],"wp:attachment":[{"href":"https:\/\/xn--judo-lbben-feb.de\/index.php?rest_route=%2Fwp%2Fv2%2Fmedia&parent=13101"}],"curies":[{"name":"wp","href":"https:\/\/api.w.org\/{rel}","templated":true}]}}