{"id":12514,"date":"2017-11-07T16:11:59","date_gmt":"2017-11-07T15:11:59","guid":{"rendered":"http:\/\/xn--judo-lbben-feb.de\/?page_id=12514"},"modified":"2017-11-07T16:22:15","modified_gmt":"2017-11-07T15:22:15","slug":"2007-2","status":"publish","type":"page","link":"https:\/\/xn--judo-lbben-feb.de\/?page_id=12514","title":{"rendered":"2007"},"content":{"rendered":"<h4 style=\"text-align: center;\"><strong>50 Jahre Judo in L\u00fcbben<\/strong><\/h4>\n<h4 style=\"text-align: center;\"><strong><a href=\"https:\/\/xn--judo-lbben-feb.de\/wp-content\/uploads\/2017\/11\/50-Jahre-Judo-in-L\u00fcbben-Juni-2007-Blickpunkt-.jpeg\"><img loading=\"lazy\" decoding=\"async\" class=\"alignnone size-thumbnail wp-image-12516\" src=\"https:\/\/xn--judo-lbben-feb.de\/wp-content\/uploads\/2017\/11\/50-Jahre-Judo-in-L\u00fcbben-Juni-2007-Blickpunkt--150x150.jpeg\" alt=\"\" width=\"150\" height=\"150\" srcset=\"https:\/\/xn--judo-lbben-feb.de\/wp-content\/uploads\/2017\/11\/50-Jahre-Judo-in-L\u00fcbben-Juni-2007-Blickpunkt--150x150.jpeg 150w, https:\/\/xn--judo-lbben-feb.de\/wp-content\/uploads\/2017\/11\/50-Jahre-Judo-in-L\u00fcbben-Juni-2007-Blickpunkt--500x500.jpeg 500w, https:\/\/xn--judo-lbben-feb.de\/wp-content\/uploads\/2017\/11\/50-Jahre-Judo-in-L\u00fcbben-Juni-2007-Blickpunkt--400x400.jpeg 400w, https:\/\/xn--judo-lbben-feb.de\/wp-content\/uploads\/2017\/11\/50-Jahre-Judo-in-L\u00fcbben-Juni-2007-Blickpunkt--80x80.jpeg 80w, https:\/\/xn--judo-lbben-feb.de\/wp-content\/uploads\/2017\/11\/50-Jahre-Judo-in-L\u00fcbben-Juni-2007-Blickpunkt--200x200.jpeg 200w\" sizes=\"auto, (max-width: 150px) 100vw, 150px\" \/><\/a><\/strong><\/h4>\n<h4 style=\"text-align: center;\"><strong>Info Jubil\u00e4umsfeier<\/strong><\/h4>\n<h4 style=\"text-align: center;\"><strong><a href=\"https:\/\/xn--judo-lbben-feb.de\/wp-content\/uploads\/2017\/11\/Info-Judofeier-50-Jahre-.jpeg\"><img loading=\"lazy\" decoding=\"async\" class=\"alignnone size-thumbnail wp-image-12520\" src=\"https:\/\/xn--judo-lbben-feb.de\/wp-content\/uploads\/2017\/11\/Info-Judofeier-50-Jahre--150x150.jpeg\" alt=\"\" width=\"150\" height=\"150\" srcset=\"https:\/\/xn--judo-lbben-feb.de\/wp-content\/uploads\/2017\/11\/Info-Judofeier-50-Jahre--150x150.jpeg 150w, https:\/\/xn--judo-lbben-feb.de\/wp-content\/uploads\/2017\/11\/Info-Judofeier-50-Jahre--500x500.jpeg 500w, https:\/\/xn--judo-lbben-feb.de\/wp-content\/uploads\/2017\/11\/Info-Judofeier-50-Jahre--400x400.jpeg 400w, https:\/\/xn--judo-lbben-feb.de\/wp-content\/uploads\/2017\/11\/Info-Judofeier-50-Jahre--80x80.jpeg 80w, https:\/\/xn--judo-lbben-feb.de\/wp-content\/uploads\/2017\/11\/Info-Judofeier-50-Jahre--200x200.jpeg 200w\" sizes=\"auto, (max-width: 150px) 100vw, 150px\" \/><\/a><\/strong><\/h4>\n<h4 style=\"text-align: center;\"><strong>Jubil\u00e4umsfeier 50 Jahre<\/strong><\/h4>\n<h4 style=\"text-align: center;\"><strong><a href=\"https:\/\/xn--judo-lbben-feb.de\/wp-content\/uploads\/2017\/11\/Jubil\u00e4umsfeier-2.07.2007-LR-.jpeg\"><img loading=\"lazy\" decoding=\"async\" class=\"alignnone size-thumbnail wp-image-12518\" src=\"https:\/\/xn--judo-lbben-feb.de\/wp-content\/uploads\/2017\/11\/Jubil\u00e4umsfeier-2.07.2007-LR--150x150.jpeg\" alt=\"\" width=\"150\" height=\"150\" srcset=\"https:\/\/xn--judo-lbben-feb.de\/wp-content\/uploads\/2017\/11\/Jubil\u00e4umsfeier-2.07.2007-LR--150x150.jpeg 150w, https:\/\/xn--judo-lbben-feb.de\/wp-content\/uploads\/2017\/11\/Jubil\u00e4umsfeier-2.07.2007-LR--500x500.jpeg 500w, https:\/\/xn--judo-lbben-feb.de\/wp-content\/uploads\/2017\/11\/Jubil\u00e4umsfeier-2.07.2007-LR--400x400.jpeg 400w, https:\/\/xn--judo-lbben-feb.de\/wp-content\/uploads\/2017\/11\/Jubil\u00e4umsfeier-2.07.2007-LR--80x80.jpeg 80w, https:\/\/xn--judo-lbben-feb.de\/wp-content\/uploads\/2017\/11\/Jubil\u00e4umsfeier-2.07.2007-LR--200x200.jpeg 200w\" sizes=\"auto, (max-width: 150px) 100vw, 150px\" \/><\/a><\/strong><\/h4>\n<h4 style=\"text-align: center;\"><strong>Anf\u00e4ngerturnier in Cottbus<\/strong><\/h4>\n<h4 style=\"text-align: center;\"><strong><a href=\"https:\/\/xn--judo-lbben-feb.de\/wp-content\/uploads\/2017\/11\/Anf\u00e4ngerturnier-in-Cottbus-30.11.2007-LR-.jpeg\"><img loading=\"lazy\" decoding=\"async\" class=\"alignnone size-thumbnail wp-image-12519\" src=\"https:\/\/xn--judo-lbben-feb.de\/wp-content\/uploads\/2017\/11\/Anf\u00e4ngerturnier-in-Cottbus-30.11.2007-LR--150x150.jpeg\" alt=\"\" width=\"150\" height=\"150\" srcset=\"https:\/\/xn--judo-lbben-feb.de\/wp-content\/uploads\/2017\/11\/Anf\u00e4ngerturnier-in-Cottbus-30.11.2007-LR--150x150.jpeg 150w, https:\/\/xn--judo-lbben-feb.de\/wp-content\/uploads\/2017\/11\/Anf\u00e4ngerturnier-in-Cottbus-30.11.2007-LR--500x500.jpeg 500w, https:\/\/xn--judo-lbben-feb.de\/wp-content\/uploads\/2017\/11\/Anf\u00e4ngerturnier-in-Cottbus-30.11.2007-LR--400x400.jpeg 400w, https:\/\/xn--judo-lbben-feb.de\/wp-content\/uploads\/2017\/11\/Anf\u00e4ngerturnier-in-Cottbus-30.11.2007-LR--80x80.jpeg 80w, https:\/\/xn--judo-lbben-feb.de\/wp-content\/uploads\/2017\/11\/Anf\u00e4ngerturnier-in-Cottbus-30.11.2007-LR--200x200.jpeg 200w\" sizes=\"auto, (max-width: 150px) 100vw, 150px\" \/><\/a><\/strong><\/h4>\n<h4 style=\"text-align: center;\"><strong>Judokas in Vetschau<\/strong><\/h4>\n<h4 style=\"text-align: center;\"><strong><a href=\"https:\/\/xn--judo-lbben-feb.de\/wp-content\/uploads\/2017\/11\/Judokas-in-Vetschau-Dezember-2007-.jpeg\"><img loading=\"lazy\" decoding=\"async\" class=\"alignnone size-thumbnail wp-image-12521\" src=\"https:\/\/xn--judo-lbben-feb.de\/wp-content\/uploads\/2017\/11\/Judokas-in-Vetschau-Dezember-2007--150x150.jpeg\" alt=\"\" width=\"150\" height=\"150\" srcset=\"https:\/\/xn--judo-lbben-feb.de\/wp-content\/uploads\/2017\/11\/Judokas-in-Vetschau-Dezember-2007--150x150.jpeg 150w, https:\/\/xn--judo-lbben-feb.de\/wp-content\/uploads\/2017\/11\/Judokas-in-Vetschau-Dezember-2007--500x500.jpeg 500w, https:\/\/xn--judo-lbben-feb.de\/wp-content\/uploads\/2017\/11\/Judokas-in-Vetschau-Dezember-2007--400x400.jpeg 400w, https:\/\/xn--judo-lbben-feb.de\/wp-content\/uploads\/2017\/11\/Judokas-in-Vetschau-Dezember-2007--80x80.jpeg 80w, https:\/\/xn--judo-lbben-feb.de\/wp-content\/uploads\/2017\/11\/Judokas-in-Vetschau-Dezember-2007--200x200.jpeg 200w\" sizes=\"auto, (max-width: 150px) 100vw, 150px\" \/><\/a><\/strong><\/h4>\n<h4 style=\"text-align: center;\"><strong>Trainingslager<\/strong><\/h4>\n<h4 style=\"text-align: center;\"><strong><a href=\"https:\/\/xn--judo-lbben-feb.de\/wp-content\/uploads\/2017\/11\/Trainingslager-April-2007-.jpeg\"><img loading=\"lazy\" decoding=\"async\" class=\"alignnone size-thumbnail wp-image-12522\" src=\"https:\/\/xn--judo-lbben-feb.de\/wp-content\/uploads\/2017\/11\/Trainingslager-April-2007--150x150.jpeg\" alt=\"\" width=\"150\" height=\"150\" srcset=\"https:\/\/xn--judo-lbben-feb.de\/wp-content\/uploads\/2017\/11\/Trainingslager-April-2007--150x150.jpeg 150w, https:\/\/xn--judo-lbben-feb.de\/wp-content\/uploads\/2017\/11\/Trainingslager-April-2007--500x500.jpeg 500w, https:\/\/xn--judo-lbben-feb.de\/wp-content\/uploads\/2017\/11\/Trainingslager-April-2007--400x400.jpeg 400w, https:\/\/xn--judo-lbben-feb.de\/wp-content\/uploads\/2017\/11\/Trainingslager-April-2007--80x80.jpeg 80w, https:\/\/xn--judo-lbben-feb.de\/wp-content\/uploads\/2017\/11\/Trainingslager-April-2007--200x200.jpeg 200w\" sizes=\"auto, (max-width: 150px) 100vw, 150px\" \/><\/a><\/strong><\/h4>\n<h4 style=\"text-align: center;\"><strong>Selbstverteidigungslehrgang<\/strong><\/h4>\n<h4 style=\"text-align: center;\"><strong><a href=\"https:\/\/xn--judo-lbben-feb.de\/wp-content\/uploads\/2017\/11\/Selbstverteidigungslehrgang-April-2007-.jpeg\"><img loading=\"lazy\" decoding=\"async\" class=\"alignnone wp-image-12523 size-thumbnail\" src=\"https:\/\/xn--judo-lbben-feb.de\/wp-content\/uploads\/2017\/11\/Selbstverteidigungslehrgang-April-2007--e1510067968764-150x150.jpeg\" alt=\"\" width=\"150\" height=\"150\" srcset=\"https:\/\/xn--judo-lbben-feb.de\/wp-content\/uploads\/2017\/11\/Selbstverteidigungslehrgang-April-2007--e1510067968764-150x150.jpeg 150w, https:\/\/xn--judo-lbben-feb.de\/wp-content\/uploads\/2017\/11\/Selbstverteidigungslehrgang-April-2007--e1510067968764-500x500.jpeg 500w, https:\/\/xn--judo-lbben-feb.de\/wp-content\/uploads\/2017\/11\/Selbstverteidigungslehrgang-April-2007--e1510067968764-400x400.jpeg 400w, https:\/\/xn--judo-lbben-feb.de\/wp-content\/uploads\/2017\/11\/Selbstverteidigungslehrgang-April-2007--e1510067968764-80x80.jpeg 80w, https:\/\/xn--judo-lbben-feb.de\/wp-content\/uploads\/2017\/11\/Selbstverteidigungslehrgang-April-2007--e1510067968764-200x200.jpeg 200w\" sizes=\"auto, (max-width: 150px) 100vw, 150px\" \/><\/a><\/strong><\/h4>\n<h4 style=\"text-align: center;\"><strong>Info Weihnachtsgala<\/strong><\/h4>\n<h4 style=\"text-align: center;\"><strong><a href=\"https:\/\/xn--judo-lbben-feb.de\/wp-content\/uploads\/2017\/11\/Info-Weihnachtsgala-Dezember-2007-.jpeg\"><img loading=\"lazy\" decoding=\"async\" class=\"alignnone size-thumbnail wp-image-12524\" src=\"https:\/\/xn--judo-lbben-feb.de\/wp-content\/uploads\/2017\/11\/Info-Weihnachtsgala-Dezember-2007--150x150.jpeg\" alt=\"\" width=\"150\" height=\"150\" srcset=\"https:\/\/xn--judo-lbben-feb.de\/wp-content\/uploads\/2017\/11\/Info-Weihnachtsgala-Dezember-2007--150x150.jpeg 150w, https:\/\/xn--judo-lbben-feb.de\/wp-content\/uploads\/2017\/11\/Info-Weihnachtsgala-Dezember-2007--500x500.jpeg 500w, https:\/\/xn--judo-lbben-feb.de\/wp-content\/uploads\/2017\/11\/Info-Weihnachtsgala-Dezember-2007--400x400.jpeg 400w, https:\/\/xn--judo-lbben-feb.de\/wp-content\/uploads\/2017\/11\/Info-Weihnachtsgala-Dezember-2007--80x80.jpeg 80w, https:\/\/xn--judo-lbben-feb.de\/wp-content\/uploads\/2017\/11\/Info-Weihnachtsgala-Dezember-2007--200x200.jpeg 200w\" sizes=\"auto, (max-width: 150px) 100vw, 150px\" \/><\/a><\/strong><\/h4>\n<h4 style=\"text-align: center;\"><strong>Weihnachtsgala<\/strong><\/h4>\n<h4 style=\"text-align: center;\"><strong><a href=\"https:\/\/xn--judo-lbben-feb.de\/wp-content\/uploads\/2017\/11\/Weihnachtsgala-18.12.2007-LR-.jpeg\"><img loading=\"lazy\" decoding=\"async\" class=\"alignnone size-thumbnail wp-image-12525\" src=\"https:\/\/xn--judo-lbben-feb.de\/wp-content\/uploads\/2017\/11\/Weihnachtsgala-18.12.2007-LR--150x150.jpeg\" alt=\"\" width=\"150\" height=\"150\" srcset=\"https:\/\/xn--judo-lbben-feb.de\/wp-content\/uploads\/2017\/11\/Weihnachtsgala-18.12.2007-LR--150x150.jpeg 150w, https:\/\/xn--judo-lbben-feb.de\/wp-content\/uploads\/2017\/11\/Weihnachtsgala-18.12.2007-LR--500x500.jpeg 500w, https:\/\/xn--judo-lbben-feb.de\/wp-content\/uploads\/2017\/11\/Weihnachtsgala-18.12.2007-LR--400x400.jpeg 400w, https:\/\/xn--judo-lbben-feb.de\/wp-content\/uploads\/2017\/11\/Weihnachtsgala-18.12.2007-LR--80x80.jpeg 80w, https:\/\/xn--judo-lbben-feb.de\/wp-content\/uploads\/2017\/11\/Weihnachtsgala-18.12.2007-LR--200x200.jpeg 200w\" sizes=\"auto, (max-width: 150px) 100vw, 150px\" \/><\/a><\/strong><\/h4>\n<h4 style=\"text-align: center;\"><strong>Jahresr\u00fcckblick 2007<\/strong><\/h4>\n<h4 style=\"text-align: center;\"><strong><a href=\"https:\/\/xn--judo-lbben-feb.de\/wp-content\/uploads\/2017\/11\/Jahresr\u00fcckblick-Januar-2007-.jpeg\"><img loading=\"lazy\" decoding=\"async\" class=\"alignnone size-thumbnail wp-image-12526\" src=\"https:\/\/xn--judo-lbben-feb.de\/wp-content\/uploads\/2017\/11\/Jahresr\u00fcckblick-Januar-2007--150x150.jpeg\" alt=\"\" width=\"150\" height=\"150\" srcset=\"https:\/\/xn--judo-lbben-feb.de\/wp-content\/uploads\/2017\/11\/Jahresr\u00fcckblick-Januar-2007--150x150.jpeg 150w, https:\/\/xn--judo-lbben-feb.de\/wp-content\/uploads\/2017\/11\/Jahresr\u00fcckblick-Januar-2007--500x500.jpeg 500w, https:\/\/xn--judo-lbben-feb.de\/wp-content\/uploads\/2017\/11\/Jahresr\u00fcckblick-Januar-2007--400x400.jpeg 400w, https:\/\/xn--judo-lbben-feb.de\/wp-content\/uploads\/2017\/11\/Jahresr\u00fcckblick-Januar-2007--80x80.jpeg 80w, https:\/\/xn--judo-lbben-feb.de\/wp-content\/uploads\/2017\/11\/Jahresr\u00fcckblick-Januar-2007--200x200.jpeg 200w\" sizes=\"auto, (max-width: 150px) 100vw, 150px\" \/><\/a><\/strong><\/h4>\n","protected":false},"excerpt":{"rendered":"<p>50 Jahre Judo in L\u00fcbben Info Jubil\u00e4umsfeier Jubil\u00e4umsfeier 50 Jahre Anf\u00e4ngerturnier in Cottbus Judokas in Vetschau Trainingslager Selbstverteidigungslehrgang Info Weihnachtsgala Weihnachtsgala Jahresr\u00fcckblick 2007<\/p>\n","protected":false},"author":1,"featured_media":0,"parent":12476,"menu_order":3,"comment_status":"closed","ping_status":"closed","template":"","meta":{"_et_pb_use_builder":"","_et_pb_old_content":"","_et_gb_content_width":"","footnotes":""},"class_list":["post-12514","page","type-page","status-publish","hentry"],"_links":{"self":[{"href":"https:\/\/xn--judo-lbben-feb.de\/index.php?rest_route=\/wp\/v2\/pages\/12514","targetHints":{"allow":["GET"]}}],"collection":[{"href":"https:\/\/xn--judo-lbben-feb.de\/index.php?rest_route=\/wp\/v2\/pages"}],"about":[{"href":"https:\/\/xn--judo-lbben-feb.de\/index.php?rest_route=\/wp\/v2\/types\/page"}],"author":[{"embeddable":true,"href":"https:\/\/xn--judo-lbben-feb.de\/index.php?rest_route=\/wp\/v2\/users\/1"}],"replies":[{"embeddable":true,"href":"https:\/\/xn--judo-lbben-feb.de\/index.php?rest_route=%2Fwp%2Fv2%2Fcomments&post=12514"}],"version-history":[{"count":4,"href":"https:\/\/xn--judo-lbben-feb.de\/index.php?rest_route=\/wp\/v2\/pages\/12514\/revisions"}],"predecessor-version":[{"id":12528,"href":"https:\/\/xn--judo-lbben-feb.de\/index.php?rest_route=\/wp\/v2\/pages\/12514\/revisions\/12528"}],"up":[{"embeddable":true,"href":"https:\/\/xn--judo-lbben-feb.de\/index.php?rest_route=\/wp\/v2\/pages\/12476"}],"wp:attachment":[{"href":"https:\/\/xn--judo-lbben-feb.de\/index.php?rest_route=%2Fwp%2Fv2%2Fmedia&parent=12514"}],"curies":[{"name":"wp","href":"https:\/\/api.w.org\/{rel}","templated":true}]}}