{"id":12007,"date":"2017-05-31T17:31:24","date_gmt":"2017-05-31T16:31:24","guid":{"rendered":"http:\/\/xn--judo-lbben-feb.de\/?page_id=12007"},"modified":"2022-01-14T14:49:24","modified_gmt":"2022-01-14T13:49:24","slug":"60-jahrfeier","status":"publish","type":"page","link":"https:\/\/xn--judo-lbben-feb.de\/?page_id=12007","title":{"rendered":"60 Jahrfeier 1. Juli 2017"},"content":{"rendered":"<p style=\"text-align: center;\"><a href=\"http:\/\/judo-l\u00fcbben.de\/?page_id=46\" target=\"_blank\" rel=\"noopener\"><span style=\"color: #ff0000;\">alle Bilder<\/span><\/a>\u00a0\u00a0\u00a0\u00a0<span style=\"color: #ff0000;\"> <a href=\"https:\/\/xn--judo-lbben-feb.de\/wp-content\/uploads\/2017\/07\/lr-onlin.de-05.-Juli-2017.pdf\" target=\"_blank\" rel=\"noopener\">lr-online.de<\/a><\/span> \u00a0\u00a0 <a href=\"http:\/\/www.bjv-judo.de\/startseite\/aktuelles\/article\/auszeichnungen-zum-60-geburtstag-von-kuzushi-luebben.html\" target=\"_blank\" rel=\"noopener\"><span style=\"color: #ff0000;\">Artikel des BJV<\/span><\/a><\/p>\n<p style=\"text-align: center;\">60 Jahre Judo in L\u00fcbben nahmen wir zum Anlass f\u00fcr ein Fest am Samstag den 01 .Juli 2017.<\/p>\n<p style=\"text-align: center;\">Bereits am Vormittag starteten die Aufbauarbeiten vor der Turnhalle in der Gartengasse. An der Stelle gleich vielen Dank an die helfenden H\u00e4nde.<\/p>\n<p style=\"text-align: center;\">Um 14:00 Uhr er\u00f6ffnete unser Vereinsvorsitzender J\u00f6rg Rudnik mit einem kurzen R\u00fcckblick auf die letzten Jahrzehnte die Feier und begr\u00fc\u00dfte rund 120 G\u00e4ste.<\/p>\n<p style=\"text-align: center;\"><a href=\"https:\/\/xn--judo-lbben-feb.de\/wp-content\/uploads\/2017\/07\/FIM_0094-.jpg\"><img loading=\"lazy\" decoding=\"async\" class=\"alignnone wp-image-12057\" src=\"https:\/\/xn--judo-lbben-feb.de\/wp-content\/uploads\/2017\/07\/FIM_0094--300x200.jpg\" alt=\"\" width=\"279\" height=\"186\" srcset=\"https:\/\/xn--judo-lbben-feb.de\/wp-content\/uploads\/2017\/07\/FIM_0094--300x200.jpg 300w, https:\/\/xn--judo-lbben-feb.de\/wp-content\/uploads\/2017\/07\/FIM_0094--768x512.jpg 768w, https:\/\/xn--judo-lbben-feb.de\/wp-content\/uploads\/2017\/07\/FIM_0094--1024x683.jpg 1024w, https:\/\/xn--judo-lbben-feb.de\/wp-content\/uploads\/2017\/07\/FIM_0094-.jpg 1151w\" sizes=\"auto, (max-width: 279px) 100vw, 279px\" \/><\/a> <a href=\"https:\/\/xn--judo-lbben-feb.de\/wp-content\/uploads\/2017\/07\/FIM_0095-.jpg\"><img loading=\"lazy\" decoding=\"async\" class=\"alignnone wp-image-12058\" src=\"https:\/\/xn--judo-lbben-feb.de\/wp-content\/uploads\/2017\/07\/FIM_0095--300x200.jpg\" alt=\"\" width=\"279\" height=\"186\" srcset=\"https:\/\/xn--judo-lbben-feb.de\/wp-content\/uploads\/2017\/07\/FIM_0095--300x200.jpg 300w, https:\/\/xn--judo-lbben-feb.de\/wp-content\/uploads\/2017\/07\/FIM_0095--768x512.jpg 768w, https:\/\/xn--judo-lbben-feb.de\/wp-content\/uploads\/2017\/07\/FIM_0095--1024x683.jpg 1024w, https:\/\/xn--judo-lbben-feb.de\/wp-content\/uploads\/2017\/07\/FIM_0095-.jpg 1151w\" sizes=\"auto, (max-width: 279px) 100vw, 279px\" \/><\/a><\/p>\n<p style=\"text-align: center;\">Unsere J\u00fcngsten Judoka zeigten gleich im Anschluss einen Auszug ihres K\u00f6nnens.<\/p>\n<p style=\"text-align: center;\"><a href=\"https:\/\/xn--judo-lbben-feb.de\/wp-content\/uploads\/2017\/07\/FIM_0117-.jpg\"><img loading=\"lazy\" decoding=\"async\" class=\"alignnone wp-image-12060\" src=\"https:\/\/xn--judo-lbben-feb.de\/wp-content\/uploads\/2017\/07\/FIM_0117--300x200.jpg\" alt=\"\" width=\"279\" height=\"186\" srcset=\"https:\/\/xn--judo-lbben-feb.de\/wp-content\/uploads\/2017\/07\/FIM_0117--300x200.jpg 300w, https:\/\/xn--judo-lbben-feb.de\/wp-content\/uploads\/2017\/07\/FIM_0117--768x512.jpg 768w, https:\/\/xn--judo-lbben-feb.de\/wp-content\/uploads\/2017\/07\/FIM_0117--1024x683.jpg 1024w, https:\/\/xn--judo-lbben-feb.de\/wp-content\/uploads\/2017\/07\/FIM_0117-.jpg 1151w\" sizes=\"auto, (max-width: 279px) 100vw, 279px\" \/><\/a> <a href=\"https:\/\/xn--judo-lbben-feb.de\/wp-content\/uploads\/2017\/07\/FIM_0119-.jpg\"><img loading=\"lazy\" decoding=\"async\" class=\"alignnone wp-image-12061\" src=\"https:\/\/xn--judo-lbben-feb.de\/wp-content\/uploads\/2017\/07\/FIM_0119--300x200.jpg\" alt=\"\" width=\"279\" height=\"186\" srcset=\"https:\/\/xn--judo-lbben-feb.de\/wp-content\/uploads\/2017\/07\/FIM_0119--300x200.jpg 300w, https:\/\/xn--judo-lbben-feb.de\/wp-content\/uploads\/2017\/07\/FIM_0119--768x512.jpg 768w, https:\/\/xn--judo-lbben-feb.de\/wp-content\/uploads\/2017\/07\/FIM_0119--1024x683.jpg 1024w, https:\/\/xn--judo-lbben-feb.de\/wp-content\/uploads\/2017\/07\/FIM_0119-.jpg 1151w\" sizes=\"auto, (max-width: 279px) 100vw, 279px\" \/><\/a><\/p>\n<p style=\"text-align: center;\">Als Vereinsvorsitzender nahm J\u00f6rg dann die Gelegenheit wahr zusammen mit Kathrin Stoye (Vorstandsmitglied) sich bei Andre Hanemann und Sven Besser<\/p>\n<p style=\"text-align: center;\"><a href=\"https:\/\/xn--judo-lbben-feb.de\/wp-content\/uploads\/2017\/07\/FIM_0101-.jpg\"><img loading=\"lazy\" decoding=\"async\" class=\"alignnone wp-image-12063\" src=\"https:\/\/xn--judo-lbben-feb.de\/wp-content\/uploads\/2017\/07\/FIM_0101--300x200.jpg\" alt=\"\" width=\"279\" height=\"186\" srcset=\"https:\/\/xn--judo-lbben-feb.de\/wp-content\/uploads\/2017\/07\/FIM_0101--300x200.jpg 300w, https:\/\/xn--judo-lbben-feb.de\/wp-content\/uploads\/2017\/07\/FIM_0101--768x512.jpg 768w, https:\/\/xn--judo-lbben-feb.de\/wp-content\/uploads\/2017\/07\/FIM_0101--1024x683.jpg 1024w, https:\/\/xn--judo-lbben-feb.de\/wp-content\/uploads\/2017\/07\/FIM_0101-.jpg 1151w\" sizes=\"auto, (max-width: 279px) 100vw, 279px\" \/><\/a> <a href=\"https:\/\/xn--judo-lbben-feb.de\/wp-content\/uploads\/2017\/07\/FIM_0103-.jpg\"><img loading=\"lazy\" decoding=\"async\" class=\"alignnone wp-image-12064\" src=\"https:\/\/xn--judo-lbben-feb.de\/wp-content\/uploads\/2017\/07\/FIM_0103--300x200.jpg\" alt=\"\" width=\"279\" height=\"186\" srcset=\"https:\/\/xn--judo-lbben-feb.de\/wp-content\/uploads\/2017\/07\/FIM_0103--300x200.jpg 300w, https:\/\/xn--judo-lbben-feb.de\/wp-content\/uploads\/2017\/07\/FIM_0103--768x512.jpg 768w, https:\/\/xn--judo-lbben-feb.de\/wp-content\/uploads\/2017\/07\/FIM_0103--1024x683.jpg 1024w, https:\/\/xn--judo-lbben-feb.de\/wp-content\/uploads\/2017\/07\/FIM_0103-.jpg 1151w\" sizes=\"auto, (max-width: 279px) 100vw, 279px\" \/><\/a><\/p>\n<p style=\"text-align: center;\">f\u00fcr Engagement und Ihre T\u00e4tigkeit als Trainer im Bereich JiuJitsu zu bedanken.<\/p>\n<p style=\"text-align: center;\">An der Stelle bedankten wir uns ebenso bei Karsten Hoffmann als Trainerkollege beim Judotraining.<\/p>\n<p style=\"text-align: center;\"><a href=\"https:\/\/xn--judo-lbben-feb.de\/wp-content\/uploads\/2017\/07\/FIM_0105-.jpg\"><img loading=\"lazy\" decoding=\"async\" class=\"alignnone wp-image-12066\" src=\"https:\/\/xn--judo-lbben-feb.de\/wp-content\/uploads\/2017\/07\/FIM_0105--300x200.jpg\" alt=\"\" width=\"279\" height=\"186\" srcset=\"https:\/\/xn--judo-lbben-feb.de\/wp-content\/uploads\/2017\/07\/FIM_0105--300x200.jpg 300w, https:\/\/xn--judo-lbben-feb.de\/wp-content\/uploads\/2017\/07\/FIM_0105--768x512.jpg 768w, https:\/\/xn--judo-lbben-feb.de\/wp-content\/uploads\/2017\/07\/FIM_0105--1024x683.jpg 1024w, https:\/\/xn--judo-lbben-feb.de\/wp-content\/uploads\/2017\/07\/FIM_0105-.jpg 1151w\" sizes=\"auto, (max-width: 279px) 100vw, 279px\" \/><\/a><\/p>\n<p style=\"text-align: center;\">Ein lieber Dank ging auch an Janet Rudnik f\u00fcr ihre immer wieder gro\u00dfe Hilfe hinter den Kulissen.<\/p>\n<p style=\"text-align: center;\"><a href=\"https:\/\/xn--judo-lbben-feb.de\/wp-content\/uploads\/2017\/07\/FIM_0109-.jpg\"><img loading=\"lazy\" decoding=\"async\" class=\"alignnone wp-image-12067\" src=\"https:\/\/xn--judo-lbben-feb.de\/wp-content\/uploads\/2017\/07\/FIM_0109--300x200.jpg\" alt=\"\" width=\"279\" height=\"186\" srcset=\"https:\/\/xn--judo-lbben-feb.de\/wp-content\/uploads\/2017\/07\/FIM_0109--300x200.jpg 300w, https:\/\/xn--judo-lbben-feb.de\/wp-content\/uploads\/2017\/07\/FIM_0109--768x512.jpg 768w, https:\/\/xn--judo-lbben-feb.de\/wp-content\/uploads\/2017\/07\/FIM_0109--1024x683.jpg 1024w, https:\/\/xn--judo-lbben-feb.de\/wp-content\/uploads\/2017\/07\/FIM_0109-.jpg 1151w\" sizes=\"auto, (max-width: 279px) 100vw, 279px\" \/><\/a><\/p>\n<p style=\"text-align: center;\">Nun zeigte die Sektion JiuJitsu ihr K\u00f6nnen. Mit Schl\u00e4gen, Tritten und W\u00fcrfen sowie einer Kata mit dem Stock f\u00fchrten sie Ausschnitte aus Ihrem Trainingsalltag vor.<\/p>\n<p style=\"text-align: center;\"><a href=\"https:\/\/xn--judo-lbben-feb.de\/wp-content\/uploads\/2017\/07\/FIM_0158-.jpg\"><img loading=\"lazy\" decoding=\"async\" class=\"alignnone wp-image-12068\" src=\"https:\/\/xn--judo-lbben-feb.de\/wp-content\/uploads\/2017\/07\/FIM_0158--300x200.jpg\" alt=\"\" width=\"279\" height=\"186\" srcset=\"https:\/\/xn--judo-lbben-feb.de\/wp-content\/uploads\/2017\/07\/FIM_0158--300x200.jpg 300w, https:\/\/xn--judo-lbben-feb.de\/wp-content\/uploads\/2017\/07\/FIM_0158--768x512.jpg 768w, https:\/\/xn--judo-lbben-feb.de\/wp-content\/uploads\/2017\/07\/FIM_0158--1024x683.jpg 1024w, https:\/\/xn--judo-lbben-feb.de\/wp-content\/uploads\/2017\/07\/FIM_0158-.jpg 1151w\" sizes=\"auto, (max-width: 279px) 100vw, 279px\" \/><\/a> <a href=\"https:\/\/xn--judo-lbben-feb.de\/wp-content\/uploads\/2017\/07\/FIM_0191-.jpg\"><img loading=\"lazy\" decoding=\"async\" class=\"alignnone wp-image-12069\" src=\"https:\/\/xn--judo-lbben-feb.de\/wp-content\/uploads\/2017\/07\/FIM_0191--300x200.jpg\" alt=\"\" width=\"279\" height=\"186\" srcset=\"https:\/\/xn--judo-lbben-feb.de\/wp-content\/uploads\/2017\/07\/FIM_0191--300x200.jpg 300w, https:\/\/xn--judo-lbben-feb.de\/wp-content\/uploads\/2017\/07\/FIM_0191--768x512.jpg 768w, https:\/\/xn--judo-lbben-feb.de\/wp-content\/uploads\/2017\/07\/FIM_0191--1024x683.jpg 1024w, https:\/\/xn--judo-lbben-feb.de\/wp-content\/uploads\/2017\/07\/FIM_0191-.jpg 1151w\" sizes=\"auto, (max-width: 279px) 100vw, 279px\" \/><\/a><\/p>\n<p style=\"text-align: center;\">Es gab gro\u00dfen Beifall und vielleicht kommen ja einige Ehemalige Sportler auf den Geschmack.<\/p>\n<p style=\"text-align: center;\">Als ein Highlight hatten wir die Japanische Trommlergruppe &#8222;Natsumi Taiko&#8220; aus Bad Liebenwerda eingeladen. Mit ihrer Musik heizten sie ordentlich ein. Erst nach einer Zugabe konnten wir zum n\u00e4chsten H\u00f6hepunkt schreiten.<\/p>\n<p style=\"text-align: center;\">Was als \u00dcberraschung f\u00fcr J\u00f6rg Rudnik gedacht war nahm der Brandenburgische Judo Verband zum Anlass die \u00dcberraschung noch gr\u00f6\u00dfer werden zu lassen.<\/p>\n<p style=\"text-align: center;\">Ehrenpr\u00e4sident Hubert Sturm zeichnete anl\u00e4sslich des 60. Vereinsgeburtstages in L\u00fcbben verdienstvolle Judoka aus. So erhielt unser Vereinsvorsitzende J\u00f6rg Rudnik f\u00fcr seine engagierte Arbeit als Vereinsvorsitzender, Trainer und Pr\u00fcfer durch den Ehrenpr\u00e4sidenten Hubert Sturm und Pr\u00fcfungsreferenten Martin Rei\u00dfmann den 3. Dan \u00fcberreicht.<br \/>\nDer ehemalige Vorsitzende, langj\u00e4hrige Trainer, Kampfrichter und Pr\u00fcfer Walter Weber erhielt die Ehrenmedaille des BJV in Gold.<br \/>\nMit der Ehrenmedaille des BJV in Bronze wurden Sylvia und Karsten Hoffmann ausgezeichnet. Beide sind aktive Trainer, Silvia ist im Vereinsvorstand t\u00e4tig und Karsten als Kampfrichter.<\/p>\n<p style=\"text-align: center;\">Abschluss des Programms bildeten unsere fortgeschrittenen Judoka mit einer Vorf\u00fchrung ihres K\u00f6nnens. Unter den Augen der Ehreng\u00e4ste des BJV war die Anspannung und der Ehrgeiz noch gr\u00f6\u00dfer. Es wurde eine gelungene Vorf\u00fchrung mit nicht allt\u00e4glichen W\u00fcrfen und Ausz\u00fcgen aus den Kata\u00b4s f\u00fcr die Pr\u00fcfungen zum 3., 2. und 1. Kyu.<\/p>\n<p style=\"text-align: center;\">Umrahmt wurden die Festlichkeiten mit Musik, einem Kuchenbuffet und einem Salatbuffet. Es gab Slushi, Zuckerwatte und Eis. F\u00fcr Getr\u00e4nke war gesorgt und der Grill wurde angeschmissen. Die Verkehrswacht stellte eine H\u00fcpfburg auf und Kinderschminken wurde angeboten.<\/p>\n<p style=\"text-align: center;\"><a href=\"https:\/\/xn--judo-lbben-feb.de\/wp-content\/uploads\/2017\/07\/FIM_0271-.jpg\"><img loading=\"lazy\" decoding=\"async\" class=\"alignnone wp-image-12070\" src=\"https:\/\/xn--judo-lbben-feb.de\/wp-content\/uploads\/2017\/07\/FIM_0271--300x200.jpg\" alt=\"\" width=\"279\" height=\"186\" srcset=\"https:\/\/xn--judo-lbben-feb.de\/wp-content\/uploads\/2017\/07\/FIM_0271--300x200.jpg 300w, https:\/\/xn--judo-lbben-feb.de\/wp-content\/uploads\/2017\/07\/FIM_0271--768x512.jpg 768w, https:\/\/xn--judo-lbben-feb.de\/wp-content\/uploads\/2017\/07\/FIM_0271--1024x683.jpg 1024w, https:\/\/xn--judo-lbben-feb.de\/wp-content\/uploads\/2017\/07\/FIM_0271-.jpg 1151w\" sizes=\"auto, (max-width: 279px) 100vw, 279px\" \/><\/a> <a href=\"https:\/\/xn--judo-lbben-feb.de\/wp-content\/uploads\/2017\/07\/FIM_0272-.jpg\"><img loading=\"lazy\" decoding=\"async\" class=\"alignnone wp-image-12071\" src=\"https:\/\/xn--judo-lbben-feb.de\/wp-content\/uploads\/2017\/07\/FIM_0272--300x200.jpg\" alt=\"\" width=\"279\" height=\"186\" srcset=\"https:\/\/xn--judo-lbben-feb.de\/wp-content\/uploads\/2017\/07\/FIM_0272--300x200.jpg 300w, https:\/\/xn--judo-lbben-feb.de\/wp-content\/uploads\/2017\/07\/FIM_0272--768x512.jpg 768w, https:\/\/xn--judo-lbben-feb.de\/wp-content\/uploads\/2017\/07\/FIM_0272--1024x683.jpg 1024w, https:\/\/xn--judo-lbben-feb.de\/wp-content\/uploads\/2017\/07\/FIM_0272-.jpg 1151w\" sizes=\"auto, (max-width: 279px) 100vw, 279px\" \/><\/a><\/p>\n<p style=\"text-align: center;\">Die Chroniken der letzten Jahre wurden zur Ansicht ausgelegt. Wir nutzten die Gelegenheit mit Plakaten und Wandzeitungen unseren Verein vorzustellen. Beim Bl\u00e4ttern und Anschauen hat sich so manch einer wiedergefunden.<\/p>\n<p style=\"text-align: center;\"><a href=\"https:\/\/xn--judo-lbben-feb.de\/wp-content\/uploads\/2017\/07\/FIM_0270-.jpg\"><img loading=\"lazy\" decoding=\"async\" class=\"alignnone wp-image-12072\" src=\"https:\/\/xn--judo-lbben-feb.de\/wp-content\/uploads\/2017\/07\/FIM_0270--300x200.jpg\" alt=\"\" width=\"279\" height=\"186\" srcset=\"https:\/\/xn--judo-lbben-feb.de\/wp-content\/uploads\/2017\/07\/FIM_0270--300x200.jpg 300w, https:\/\/xn--judo-lbben-feb.de\/wp-content\/uploads\/2017\/07\/FIM_0270--768x512.jpg 768w, https:\/\/xn--judo-lbben-feb.de\/wp-content\/uploads\/2017\/07\/FIM_0270--1024x683.jpg 1024w, https:\/\/xn--judo-lbben-feb.de\/wp-content\/uploads\/2017\/07\/FIM_0270-.jpg 1151w\" sizes=\"auto, (max-width: 279px) 100vw, 279px\" \/><\/a> <a href=\"https:\/\/xn--judo-lbben-feb.de\/wp-content\/uploads\/2017\/07\/FIM_0277-.jpg\"><img loading=\"lazy\" decoding=\"async\" class=\"alignnone wp-image-12073\" src=\"https:\/\/xn--judo-lbben-feb.de\/wp-content\/uploads\/2017\/07\/FIM_0277--300x200.jpg\" alt=\"\" width=\"279\" height=\"186\" srcset=\"https:\/\/xn--judo-lbben-feb.de\/wp-content\/uploads\/2017\/07\/FIM_0277--300x200.jpg 300w, https:\/\/xn--judo-lbben-feb.de\/wp-content\/uploads\/2017\/07\/FIM_0277--768x512.jpg 768w, https:\/\/xn--judo-lbben-feb.de\/wp-content\/uploads\/2017\/07\/FIM_0277--1024x683.jpg 1024w, https:\/\/xn--judo-lbben-feb.de\/wp-content\/uploads\/2017\/07\/FIM_0277-.jpg 1151w\" sizes=\"auto, (max-width: 279px) 100vw, 279px\" \/><\/a><\/p>\n<p style=\"text-align: center;\">Au\u00dfer kleineren Regenhuschen hatten wir gro\u00dfes Gl\u00fcck mit dem Wetter.<\/p>\n<p style=\"text-align: center;\">F\u00fcr alle eine gelungene Feier. Vielen Dank nochmal an alle Helfer, K\u00f6che und B\u00e4cker.<\/p>\n","protected":false},"excerpt":{"rendered":"<p>alle Bilder\u00a0\u00a0\u00a0\u00a0 lr-online.de \u00a0\u00a0 Artikel des BJV 60 Jahre Judo in L\u00fcbben nahmen wir zum Anlass f\u00fcr ein Fest am Samstag den 01 .Juli 2017. Bereits am Vormittag starteten die Aufbauarbeiten vor der Turnhalle in der Gartengasse. An der Stelle gleich vielen Dank an die helfenden H\u00e4nde. Um 14:00 Uhr er\u00f6ffnete unser Vereinsvorsitzender J\u00f6rg Rudnik [&hellip;]<\/p>\n","protected":false},"author":1,"featured_media":0,"parent":15705,"menu_order":1,"comment_status":"closed","ping_status":"closed","template":"","meta":{"_et_pb_use_builder":"","_et_pb_old_content":"","_et_gb_content_width":"","footnotes":""},"class_list":["post-12007","page","type-page","status-publish","hentry"],"_links":{"self":[{"href":"https:\/\/xn--judo-lbben-feb.de\/index.php?rest_route=\/wp\/v2\/pages\/12007","targetHints":{"allow":["GET"]}}],"collection":[{"href":"https:\/\/xn--judo-lbben-feb.de\/index.php?rest_route=\/wp\/v2\/pages"}],"about":[{"href":"https:\/\/xn--judo-lbben-feb.de\/index.php?rest_route=\/wp\/v2\/types\/page"}],"author":[{"embeddable":true,"href":"https:\/\/xn--judo-lbben-feb.de\/index.php?rest_route=\/wp\/v2\/users\/1"}],"replies":[{"embeddable":true,"href":"https:\/\/xn--judo-lbben-feb.de\/index.php?rest_route=%2Fwp%2Fv2%2Fcomments&post=12007"}],"version-history":[{"count":24,"href":"https:\/\/xn--judo-lbben-feb.de\/index.php?rest_route=\/wp\/v2\/pages\/12007\/revisions"}],"predecessor-version":[{"id":15723,"href":"https:\/\/xn--judo-lbben-feb.de\/index.php?rest_route=\/wp\/v2\/pages\/12007\/revisions\/15723"}],"up":[{"embeddable":true,"href":"https:\/\/xn--judo-lbben-feb.de\/index.php?rest_route=\/wp\/v2\/pages\/15705"}],"wp:attachment":[{"href":"https:\/\/xn--judo-lbben-feb.de\/index.php?rest_route=%2Fwp%2Fv2%2Fmedia&parent=12007"}],"curies":[{"name":"wp","href":"https:\/\/api.w.org\/{rel}","templated":true}]}}